{"id":10053,"date":"2024-07-10T08:00:32","date_gmt":"2024-07-10T06:00:32","guid":{"rendered":"https:\/\/syndicyourself.be\/?post_type=silo&#038;p=10053"},"modified":"2025-08-26T17:15:00","modified_gmt":"2025-08-26T15:15:00","slug":"procedures","status":"publish","type":"page","link":"https:\/\/syndicyourself.be\/fr\/syndic-benevole\/en-pratique\/procedures\/","title":{"rendered":"Proc\u00e9dures"},"content":{"rendered":"","protected":false},"excerpt":{"rendered":"<p>Vous souhaitez r\u00e9duire les charges de votre copropri\u00e9t\u00e9 ? La solution pourrait bien \u00eatre la nomination d&rsquo;un syndic b\u00e9n\u00e9vole !<\/p>\n","protected":false},"author":3,"featured_media":10054,"parent":1753,"menu_order":0,"comment_status":"closed","ping_status":"closed","template":"views\/template-single-silo.blade.php","meta":{"_acf_changed":false,"footnotes":""},"class_list":["post-10053","page","type-page","status-publish","has-post-thumbnail","hentry"],"acf":[],"yoast_head":"<!-- This site is optimized with the Yoast SEO plugin v27.4 - https:\/\/yoast.com\/product\/yoast-seo-wordpress\/ -->\n<title>Les \u00e9tapes cl\u00e9s pour cr\u00e9er un syndic b\u00e9n\u00e9vole | Syndic Yourself<\/title>\n<meta name=\"description\" content=\"D\u00e9couvrez quand et comment cr\u00e9er un syndic b\u00e9n\u00e9vole pour votre copropri\u00e9t\u00e9 en Belgique. Les proc\u00e9dures et les obligations l\u00e9gales expliqu\u00e9s.\" \/>\n<meta name=\"robots\" content=\"index, follow, max-snippet:-1, max-image-preview:large, max-video-preview:-1\" \/>\n<link rel=\"canonical\" href=\"https:\/\/syndicyourself.be\/fr\/syndic-benevole\/en-pratique\/procedures\/\" \/>\n<meta property=\"og:locale\" content=\"fr_FR\" \/>\n<meta property=\"og:type\" content=\"article\" \/>\n<meta property=\"og:title\" content=\"Les \u00e9tapes cl\u00e9s pour cr\u00e9er un syndic b\u00e9n\u00e9vole | Syndic Yourself\" \/>\n<meta property=\"og:description\" content=\"D\u00e9couvrez quand et comment cr\u00e9er un syndic b\u00e9n\u00e9vole pour votre copropri\u00e9t\u00e9 en Belgique. Les proc\u00e9dures et les obligations l\u00e9gales expliqu\u00e9s.\" \/>\n<meta property=\"og:url\" content=\"https:\/\/syndicyourself.be\/fr\/syndic-benevole\/en-pratique\/procedures\/\" \/>\n<meta property=\"og:site_name\" content=\"Syndic Yourself\" \/>\n<meta property=\"article:publisher\" content=\"https:\/\/www.facebook.com\/syndic4you\/\" \/>\n<meta property=\"article:modified_time\" content=\"2025-08-26T15:15:00+00:00\" \/>\n<meta property=\"og:image\" content=\"https:\/\/syndicyourself.be\/wp-content\/uploads\/2024\/06\/creation-syndic-benevole-en-belgique.jpg\" \/>\n\t<meta property=\"og:image:width\" content=\"2240\" \/>\n\t<meta property=\"og:image:height\" content=\"1260\" \/>\n\t<meta property=\"og:image:type\" content=\"image\/jpeg\" \/>\n<meta name=\"twitter:card\" content=\"summary_large_image\" \/>\n<meta name=\"twitter:label1\" content=\"Dur\u00e9e de lecture est.\" \/>\n\t<meta name=\"twitter:data1\" content=\"4 minutes\" \/>\n<script type=\"application\/ld+json\" class=\"yoast-schema-graph\">{\"@context\":\"https:\\\/\\\/schema.org\",\"@graph\":[{\"@type\":\"WebPage\",\"@id\":\"https:\\\/\\\/syndicyourself.be\\\/fr\\\/syndic-benevole\\\/en-pratique\\\/procedures\\\/\",\"url\":\"https:\\\/\\\/syndicyourself.be\\\/fr\\\/syndic-benevole\\\/en-pratique\\\/procedures\\\/\",\"name\":\"Les \u00e9tapes cl\u00e9s pour cr\u00e9er un syndic b\u00e9n\u00e9vole | Syndic Yourself\",\"isPartOf\":{\"@id\":\"https:\\\/\\\/syndicyourself.be\\\/fr\\\/#website\"},\"primaryImageOfPage\":{\"@id\":\"https:\\\/\\\/syndicyourself.be\\\/fr\\\/syndic-benevole\\\/en-pratique\\\/procedures\\\/#primaryimage\"},\"image\":{\"@id\":\"https:\\\/\\\/syndicyourself.be\\\/fr\\\/syndic-benevole\\\/en-pratique\\\/procedures\\\/#primaryimage\"},\"thumbnailUrl\":\"https:\\\/\\\/syndicyourself.be\\\/wp-content\\\/uploads\\\/2024\\\/06\\\/creation-syndic-benevole-en-belgique.jpg\",\"datePublished\":\"2024-07-10T06:00:32+00:00\",\"dateModified\":\"2025-08-26T15:15:00+00:00\",\"description\":\"D\u00e9couvrez quand et comment cr\u00e9er un syndic b\u00e9n\u00e9vole pour votre copropri\u00e9t\u00e9 en Belgique. Les proc\u00e9dures et les obligations l\u00e9gales expliqu\u00e9s.\",\"breadcrumb\":{\"@id\":\"https:\\\/\\\/syndicyourself.be\\\/fr\\\/syndic-benevole\\\/en-pratique\\\/procedures\\\/#breadcrumb\"},\"inLanguage\":\"fr-BE\",\"potentialAction\":[{\"@type\":\"ReadAction\",\"target\":[\"https:\\\/\\\/syndicyourself.be\\\/fr\\\/syndic-benevole\\\/en-pratique\\\/procedures\\\/\"]}]},{\"@type\":\"ImageObject\",\"inLanguage\":\"fr-BE\",\"@id\":\"https:\\\/\\\/syndicyourself.be\\\/fr\\\/syndic-benevole\\\/en-pratique\\\/procedures\\\/#primaryimage\",\"url\":\"https:\\\/\\\/syndicyourself.be\\\/wp-content\\\/uploads\\\/2024\\\/06\\\/creation-syndic-benevole-en-belgique.jpg\",\"contentUrl\":\"https:\\\/\\\/syndicyourself.be\\\/wp-content\\\/uploads\\\/2024\\\/06\\\/creation-syndic-benevole-en-belgique.jpg\",\"width\":2240,\"height\":1260,\"caption\":\"Proc\u00e9dures pour cr\u00e9er un syndic b\u00e9n\u00e9vole en Belgique\"},{\"@type\":\"BreadcrumbList\",\"@id\":\"https:\\\/\\\/syndicyourself.be\\\/fr\\\/syndic-benevole\\\/en-pratique\\\/procedures\\\/#breadcrumb\",\"itemListElement\":[{\"@type\":\"ListItem\",\"position\":1,\"name\":\"Accueil\",\"item\":\"https:\\\/\\\/syndicyourself.be\\\/fr\\\/\"},{\"@type\":\"ListItem\",\"position\":2,\"name\":\"Syndic b\u00e9n\u00e9vole\",\"item\":\"https:\\\/\\\/syndicyourself.be\\\/fr\\\/syndic-benevole\\\/\"},{\"@type\":\"ListItem\",\"position\":3,\"name\":\"Syndic b\u00e9n\u00e9vole : en pratique\",\"item\":\"https:\\\/\\\/syndicyourself.be\\\/fr\\\/syndic-benevole\\\/en-pratique\\\/\"},{\"@type\":\"ListItem\",\"position\":4,\"name\":\"Proc\u00e9dures\"}]},{\"@type\":\"WebSite\",\"@id\":\"https:\\\/\\\/syndicyourself.be\\\/fr\\\/#website\",\"url\":\"https:\\\/\\\/syndicyourself.be\\\/fr\\\/\",\"name\":\"Syndic Yourself\",\"description\":\"Le meilleur syndic, c&#039;est vous\",\"publisher\":{\"@id\":\"https:\\\/\\\/syndicyourself.be\\\/fr\\\/#organization\"},\"potentialAction\":[{\"@type\":\"SearchAction\",\"target\":{\"@type\":\"EntryPoint\",\"urlTemplate\":\"https:\\\/\\\/syndicyourself.be\\\/fr\\\/?s={search_term_string}\"},\"query-input\":{\"@type\":\"PropertyValueSpecification\",\"valueRequired\":true,\"valueName\":\"search_term_string\"}}],\"inLanguage\":\"fr-BE\"},{\"@type\":\"Organization\",\"@id\":\"https:\\\/\\\/syndicyourself.be\\\/fr\\\/#organization\",\"name\":\"Syndic Yourself\",\"url\":\"https:\\\/\\\/syndicyourself.be\\\/fr\\\/\",\"logo\":{\"@type\":\"ImageObject\",\"inLanguage\":\"fr-BE\",\"@id\":\"https:\\\/\\\/syndicyourself.be\\\/fr\\\/#\\\/schema\\\/logo\\\/image\\\/\",\"url\":\"https:\\\/\\\/syndicyourself.be\\\/wp-content\\\/uploads\\\/2022\\\/11\\\/logo.svg\",\"contentUrl\":\"https:\\\/\\\/syndicyourself.be\\\/wp-content\\\/uploads\\\/2022\\\/11\\\/logo.svg\",\"caption\":\"Syndic Yourself\"},\"image\":{\"@id\":\"https:\\\/\\\/syndicyourself.be\\\/fr\\\/#\\\/schema\\\/logo\\\/image\\\/\"},\"sameAs\":[\"https:\\\/\\\/www.facebook.com\\\/syndic4you\\\/\"]}]}<\/script>\n<!-- \/ Yoast SEO plugin. -->","yoast_head_json":{"title":"Les \u00e9tapes cl\u00e9s pour cr\u00e9er un syndic b\u00e9n\u00e9vole | Syndic Yourself","description":"D\u00e9couvrez quand et comment cr\u00e9er un syndic b\u00e9n\u00e9vole pour votre copropri\u00e9t\u00e9 en Belgique. Les proc\u00e9dures et les obligations l\u00e9gales expliqu\u00e9s.","robots":{"index":"index","follow":"follow","max-snippet":"max-snippet:-1","max-image-preview":"max-image-preview:large","max-video-preview":"max-video-preview:-1"},"canonical":"https:\/\/syndicyourself.be\/fr\/syndic-benevole\/en-pratique\/procedures\/","og_locale":"fr_FR","og_type":"article","og_title":"Les \u00e9tapes cl\u00e9s pour cr\u00e9er un syndic b\u00e9n\u00e9vole | Syndic Yourself","og_description":"D\u00e9couvrez quand et comment cr\u00e9er un syndic b\u00e9n\u00e9vole pour votre copropri\u00e9t\u00e9 en Belgique. Les proc\u00e9dures et les obligations l\u00e9gales expliqu\u00e9s.","og_url":"https:\/\/syndicyourself.be\/fr\/syndic-benevole\/en-pratique\/procedures\/","og_site_name":"Syndic Yourself","article_publisher":"https:\/\/www.facebook.com\/syndic4you\/","article_modified_time":"2025-08-26T15:15:00+00:00","og_image":[{"width":2240,"height":1260,"url":"https:\/\/syndicyourself.be\/wp-content\/uploads\/2024\/06\/creation-syndic-benevole-en-belgique.jpg","type":"image\/jpeg"}],"twitter_card":"summary_large_image","twitter_misc":{"Dur\u00e9e de lecture est.":"4 minutes"},"schema":{"@context":"https:\/\/schema.org","@graph":[{"@type":"WebPage","@id":"https:\/\/syndicyourself.be\/fr\/syndic-benevole\/en-pratique\/procedures\/","url":"https:\/\/syndicyourself.be\/fr\/syndic-benevole\/en-pratique\/procedures\/","name":"Les \u00e9tapes cl\u00e9s pour cr\u00e9er un syndic b\u00e9n\u00e9vole | Syndic Yourself","isPartOf":{"@id":"https:\/\/syndicyourself.be\/fr\/#website"},"primaryImageOfPage":{"@id":"https:\/\/syndicyourself.be\/fr\/syndic-benevole\/en-pratique\/procedures\/#primaryimage"},"image":{"@id":"https:\/\/syndicyourself.be\/fr\/syndic-benevole\/en-pratique\/procedures\/#primaryimage"},"thumbnailUrl":"https:\/\/syndicyourself.be\/wp-content\/uploads\/2024\/06\/creation-syndic-benevole-en-belgique.jpg","datePublished":"2024-07-10T06:00:32+00:00","dateModified":"2025-08-26T15:15:00+00:00","description":"D\u00e9couvrez quand et comment cr\u00e9er un syndic b\u00e9n\u00e9vole pour votre copropri\u00e9t\u00e9 en Belgique. Les proc\u00e9dures et les obligations l\u00e9gales expliqu\u00e9s.","breadcrumb":{"@id":"https:\/\/syndicyourself.be\/fr\/syndic-benevole\/en-pratique\/procedures\/#breadcrumb"},"inLanguage":"fr-BE","potentialAction":[{"@type":"ReadAction","target":["https:\/\/syndicyourself.be\/fr\/syndic-benevole\/en-pratique\/procedures\/"]}]},{"@type":"ImageObject","inLanguage":"fr-BE","@id":"https:\/\/syndicyourself.be\/fr\/syndic-benevole\/en-pratique\/procedures\/#primaryimage","url":"https:\/\/syndicyourself.be\/wp-content\/uploads\/2024\/06\/creation-syndic-benevole-en-belgique.jpg","contentUrl":"https:\/\/syndicyourself.be\/wp-content\/uploads\/2024\/06\/creation-syndic-benevole-en-belgique.jpg","width":2240,"height":1260,"caption":"Proc\u00e9dures pour cr\u00e9er un syndic b\u00e9n\u00e9vole en Belgique"},{"@type":"BreadcrumbList","@id":"https:\/\/syndicyourself.be\/fr\/syndic-benevole\/en-pratique\/procedures\/#breadcrumb","itemListElement":[{"@type":"ListItem","position":1,"name":"Accueil","item":"https:\/\/syndicyourself.be\/fr\/"},{"@type":"ListItem","position":2,"name":"Syndic b\u00e9n\u00e9vole","item":"https:\/\/syndicyourself.be\/fr\/syndic-benevole\/"},{"@type":"ListItem","position":3,"name":"Syndic b\u00e9n\u00e9vole : en pratique","item":"https:\/\/syndicyourself.be\/fr\/syndic-benevole\/en-pratique\/"},{"@type":"ListItem","position":4,"name":"Proc\u00e9dures"}]},{"@type":"WebSite","@id":"https:\/\/syndicyourself.be\/fr\/#website","url":"https:\/\/syndicyourself.be\/fr\/","name":"Syndic Yourself","description":"Le meilleur syndic, c&#039;est vous","publisher":{"@id":"https:\/\/syndicyourself.be\/fr\/#organization"},"potentialAction":[{"@type":"SearchAction","target":{"@type":"EntryPoint","urlTemplate":"https:\/\/syndicyourself.be\/fr\/?s={search_term_string}"},"query-input":{"@type":"PropertyValueSpecification","valueRequired":true,"valueName":"search_term_string"}}],"inLanguage":"fr-BE"},{"@type":"Organization","@id":"https:\/\/syndicyourself.be\/fr\/#organization","name":"Syndic Yourself","url":"https:\/\/syndicyourself.be\/fr\/","logo":{"@type":"ImageObject","inLanguage":"fr-BE","@id":"https:\/\/syndicyourself.be\/fr\/#\/schema\/logo\/image\/","url":"https:\/\/syndicyourself.be\/wp-content\/uploads\/2022\/11\/logo.svg","contentUrl":"https:\/\/syndicyourself.be\/wp-content\/uploads\/2022\/11\/logo.svg","caption":"Syndic Yourself"},"image":{"@id":"https:\/\/syndicyourself.be\/fr\/#\/schema\/logo\/image\/"},"sameAs":["https:\/\/www.facebook.com\/syndic4you\/"]}]}},"_links":{"self":[{"href":"https:\/\/syndicyourself.be\/fr\/wp-json\/wp\/v2\/pages\/10053","targetHints":{"allow":["GET"]}}],"collection":[{"href":"https:\/\/syndicyourself.be\/fr\/wp-json\/wp\/v2\/pages"}],"about":[{"href":"https:\/\/syndicyourself.be\/fr\/wp-json\/wp\/v2\/types\/page"}],"author":[{"embeddable":true,"href":"https:\/\/syndicyourself.be\/fr\/wp-json\/wp\/v2\/users\/3"}],"replies":[{"embeddable":true,"href":"https:\/\/syndicyourself.be\/fr\/wp-json\/wp\/v2\/comments?post=10053"}],"version-history":[{"count":0,"href":"https:\/\/syndicyourself.be\/fr\/wp-json\/wp\/v2\/pages\/10053\/revisions"}],"up":[{"embeddable":true,"href":"https:\/\/syndicyourself.be\/fr\/wp-json\/wp\/v2\/pages\/1753"}],"wp:featuredmedia":[{"embeddable":true,"href":"https:\/\/syndicyourself.be\/fr\/wp-json\/wp\/v2\/media\/10054"}],"wp:attachment":[{"href":"https:\/\/syndicyourself.be\/fr\/wp-json\/wp\/v2\/media?parent=10053"}],"curies":[{"name":"wp","href":"https:\/\/api.w.org\/{rel}","templated":true}]}}