{"id":10191,"date":"2024-07-24T08:00:35","date_gmt":"2024-07-24T06:00:35","guid":{"rendered":"https:\/\/syndicyourself.be\/?post_type=silo&#038;p=10191"},"modified":"2024-07-19T15:19:22","modified_gmt":"2024-07-19T13:19:22","slug":"avantages-inconvenients-syndic-benevole-en-belgique","status":"publish","type":"page","link":"https:\/\/syndicyourself.be\/fr\/syndic-benevole\/en-pratique\/creation-syndic-benevole-en-belgique\/avantages-inconvenients-syndic-benevole-en-belgique\/","title":{"rendered":"Cr\u00e9er un syndic b\u00e9n\u00e9vole en Belgique : quels avantages et inconv\u00e9nients ?"},"content":{"rendered":"","protected":false},"excerpt":{"rendered":"<p>Le syndic b\u00e9n\u00e9vole, une alternative de plus en plus pris\u00e9e par les copropri\u00e9t\u00e9s belges. Mais est-ce vraiment la solution id\u00e9ale pour g\u00e9rer votre immeuble ? D\u00e9couvrez dans cet article les avantages et les inconv\u00e9nients de ce type de gestion.<\/p>\n","protected":false},"author":3,"featured_media":10192,"parent":9996,"menu_order":0,"comment_status":"closed","ping_status":"closed","template":"views\/template-single-silo.blade.php","meta":{"_acf_changed":false,"footnotes":""},"class_list":["post-10191","page","type-page","status-publish","has-post-thumbnail","hentry"],"acf":[],"yoast_head":"<!-- This site is optimized with the Yoast SEO plugin v27.4 - https:\/\/yoast.com\/product\/yoast-seo-wordpress\/ -->\n<title>Syndic b\u00e9n\u00e9vole : avantages et inconv\u00e9nients | Syndic Yourself<\/title>\n<meta name=\"description\" content=\"\u00c9conomies, r\u00e9activit\u00e9, transparence : les atouts du syndic b\u00e9n\u00e9vole pour votre copropri\u00e9t\u00e9. D\u00e9couvrez aussi comment surmonter les d\u00e9fis.\" \/>\n<meta name=\"robots\" content=\"index, follow, max-snippet:-1, max-image-preview:large, max-video-preview:-1\" \/>\n<link rel=\"canonical\" href=\"https:\/\/syndicyourself.be\/fr\/syndic-benevole\/en-pratique\/creation-syndic-benevole-en-belgique\/avantages-inconvenients-syndic-benevole-en-belgique\/\" \/>\n<meta property=\"og:locale\" content=\"fr_FR\" \/>\n<meta property=\"og:type\" content=\"article\" \/>\n<meta property=\"og:title\" content=\"Syndic b\u00e9n\u00e9vole : avantages et inconv\u00e9nients | Syndic Yourself\" \/>\n<meta property=\"og:description\" content=\"\u00c9conomies, r\u00e9activit\u00e9, transparence : les atouts du syndic b\u00e9n\u00e9vole pour votre copropri\u00e9t\u00e9. D\u00e9couvrez aussi comment surmonter les d\u00e9fis.\" \/>\n<meta property=\"og:url\" content=\"https:\/\/syndicyourself.be\/fr\/syndic-benevole\/en-pratique\/creation-syndic-benevole-en-belgique\/avantages-inconvenients-syndic-benevole-en-belgique\/\" \/>\n<meta property=\"og:site_name\" content=\"Syndic Yourself\" \/>\n<meta property=\"article:publisher\" content=\"https:\/\/www.facebook.com\/syndic4you\/\" \/>\n<meta property=\"og:image\" content=\"https:\/\/syndicyourself.be\/wp-content\/uploads\/2024\/07\/atouts-syndic-benevole-en-belgique.jpg\" \/>\n\t<meta property=\"og:image:width\" content=\"1000\" \/>\n\t<meta property=\"og:image:height\" content=\"1500\" \/>\n\t<meta property=\"og:image:type\" content=\"image\/jpeg\" \/>\n<meta name=\"twitter:card\" content=\"summary_large_image\" \/>\n<meta name=\"twitter:label1\" content=\"Dur\u00e9e de lecture est.\" \/>\n\t<meta name=\"twitter:data1\" content=\"4 minutes\" \/>\n<script type=\"application\/ld+json\" class=\"yoast-schema-graph\">{\"@context\":\"https:\\\/\\\/schema.org\",\"@graph\":[{\"@type\":\"WebPage\",\"@id\":\"https:\\\/\\\/syndicyourself.be\\\/fr\\\/syndic-benevole\\\/en-pratique\\\/creation-syndic-benevole-en-belgique\\\/avantages-inconvenients-syndic-benevole-en-belgique\\\/\",\"url\":\"https:\\\/\\\/syndicyourself.be\\\/fr\\\/syndic-benevole\\\/en-pratique\\\/creation-syndic-benevole-en-belgique\\\/avantages-inconvenients-syndic-benevole-en-belgique\\\/\",\"name\":\"Syndic b\u00e9n\u00e9vole : avantages et inconv\u00e9nients | Syndic Yourself\",\"isPartOf\":{\"@id\":\"https:\\\/\\\/syndicyourself.be\\\/fr\\\/#website\"},\"primaryImageOfPage\":{\"@id\":\"https:\\\/\\\/syndicyourself.be\\\/fr\\\/syndic-benevole\\\/en-pratique\\\/creation-syndic-benevole-en-belgique\\\/avantages-inconvenients-syndic-benevole-en-belgique\\\/#primaryimage\"},\"image\":{\"@id\":\"https:\\\/\\\/syndicyourself.be\\\/fr\\\/syndic-benevole\\\/en-pratique\\\/creation-syndic-benevole-en-belgique\\\/avantages-inconvenients-syndic-benevole-en-belgique\\\/#primaryimage\"},\"thumbnailUrl\":\"https:\\\/\\\/syndicyourself.be\\\/wp-content\\\/uploads\\\/2024\\\/07\\\/atouts-syndic-benevole-en-belgique.jpg\",\"datePublished\":\"2024-07-24T06:00:35+00:00\",\"description\":\"\u00c9conomies, r\u00e9activit\u00e9, transparence : les atouts du syndic b\u00e9n\u00e9vole pour votre copropri\u00e9t\u00e9. D\u00e9couvrez aussi comment surmonter les d\u00e9fis.\",\"breadcrumb\":{\"@id\":\"https:\\\/\\\/syndicyourself.be\\\/fr\\\/syndic-benevole\\\/en-pratique\\\/creation-syndic-benevole-en-belgique\\\/avantages-inconvenients-syndic-benevole-en-belgique\\\/#breadcrumb\"},\"inLanguage\":\"fr-BE\",\"potentialAction\":[{\"@type\":\"ReadAction\",\"target\":[\"https:\\\/\\\/syndicyourself.be\\\/fr\\\/syndic-benevole\\\/en-pratique\\\/creation-syndic-benevole-en-belgique\\\/avantages-inconvenients-syndic-benevole-en-belgique\\\/\"]}]},{\"@type\":\"ImageObject\",\"inLanguage\":\"fr-BE\",\"@id\":\"https:\\\/\\\/syndicyourself.be\\\/fr\\\/syndic-benevole\\\/en-pratique\\\/creation-syndic-benevole-en-belgique\\\/avantages-inconvenients-syndic-benevole-en-belgique\\\/#primaryimage\",\"url\":\"https:\\\/\\\/syndicyourself.be\\\/wp-content\\\/uploads\\\/2024\\\/07\\\/atouts-syndic-benevole-en-belgique.jpg\",\"contentUrl\":\"https:\\\/\\\/syndicyourself.be\\\/wp-content\\\/uploads\\\/2024\\\/07\\\/atouts-syndic-benevole-en-belgique.jpg\",\"width\":1000,\"height\":1500,\"caption\":\"Les atouts d\u2019un syndic b\u00e9n\u00e9vole en Belgique\"},{\"@type\":\"BreadcrumbList\",\"@id\":\"https:\\\/\\\/syndicyourself.be\\\/fr\\\/syndic-benevole\\\/en-pratique\\\/creation-syndic-benevole-en-belgique\\\/avantages-inconvenients-syndic-benevole-en-belgique\\\/#breadcrumb\",\"itemListElement\":[{\"@type\":\"ListItem\",\"position\":1,\"name\":\"Accueil\",\"item\":\"https:\\\/\\\/syndicyourself.be\\\/fr\\\/\"},{\"@type\":\"ListItem\",\"position\":2,\"name\":\"Syndic b\u00e9n\u00e9vole\",\"item\":\"https:\\\/\\\/syndicyourself.be\\\/fr\\\/syndic-benevole\\\/\"},{\"@type\":\"ListItem\",\"position\":3,\"name\":\"Syndic b\u00e9n\u00e9vole : en pratique\",\"item\":\"https:\\\/\\\/syndicyourself.be\\\/fr\\\/syndic-benevole\\\/en-pratique\\\/\"},{\"@type\":\"ListItem\",\"position\":4,\"name\":\"Cr\u00e9er un syndic b\u00e9n\u00e9vole en Belgique\",\"item\":\"https:\\\/\\\/syndicyourself.be\\\/fr\\\/syndic-benevole\\\/en-pratique\\\/creation-syndic-benevole-en-belgique\\\/\"},{\"@type\":\"ListItem\",\"position\":5,\"name\":\"Cr\u00e9er un syndic b\u00e9n\u00e9vole en Belgique : quels avantages et inconv\u00e9nients ?\"}]},{\"@type\":\"WebSite\",\"@id\":\"https:\\\/\\\/syndicyourself.be\\\/fr\\\/#website\",\"url\":\"https:\\\/\\\/syndicyourself.be\\\/fr\\\/\",\"name\":\"Syndic Yourself\",\"description\":\"Le meilleur syndic, c&#039;est vous\",\"publisher\":{\"@id\":\"https:\\\/\\\/syndicyourself.be\\\/fr\\\/#organization\"},\"potentialAction\":[{\"@type\":\"SearchAction\",\"target\":{\"@type\":\"EntryPoint\",\"urlTemplate\":\"https:\\\/\\\/syndicyourself.be\\\/fr\\\/?s={search_term_string}\"},\"query-input\":{\"@type\":\"PropertyValueSpecification\",\"valueRequired\":true,\"valueName\":\"search_term_string\"}}],\"inLanguage\":\"fr-BE\"},{\"@type\":\"Organization\",\"@id\":\"https:\\\/\\\/syndicyourself.be\\\/fr\\\/#organization\",\"name\":\"Syndic Yourself\",\"url\":\"https:\\\/\\\/syndicyourself.be\\\/fr\\\/\",\"logo\":{\"@type\":\"ImageObject\",\"inLanguage\":\"fr-BE\",\"@id\":\"https:\\\/\\\/syndicyourself.be\\\/fr\\\/#\\\/schema\\\/logo\\\/image\\\/\",\"url\":\"https:\\\/\\\/syndicyourself.be\\\/wp-content\\\/uploads\\\/2022\\\/11\\\/logo.svg\",\"contentUrl\":\"https:\\\/\\\/syndicyourself.be\\\/wp-content\\\/uploads\\\/2022\\\/11\\\/logo.svg\",\"caption\":\"Syndic Yourself\"},\"image\":{\"@id\":\"https:\\\/\\\/syndicyourself.be\\\/fr\\\/#\\\/schema\\\/logo\\\/image\\\/\"},\"sameAs\":[\"https:\\\/\\\/www.facebook.com\\\/syndic4you\\\/\"]}]}<\/script>\n<!-- \/ Yoast SEO plugin. -->","yoast_head_json":{"title":"Syndic b\u00e9n\u00e9vole : avantages et inconv\u00e9nients | Syndic Yourself","description":"\u00c9conomies, r\u00e9activit\u00e9, transparence : les atouts du syndic b\u00e9n\u00e9vole pour votre copropri\u00e9t\u00e9. D\u00e9couvrez aussi comment surmonter les d\u00e9fis.","robots":{"index":"index","follow":"follow","max-snippet":"max-snippet:-1","max-image-preview":"max-image-preview:large","max-video-preview":"max-video-preview:-1"},"canonical":"https:\/\/syndicyourself.be\/fr\/syndic-benevole\/en-pratique\/creation-syndic-benevole-en-belgique\/avantages-inconvenients-syndic-benevole-en-belgique\/","og_locale":"fr_FR","og_type":"article","og_title":"Syndic b\u00e9n\u00e9vole : avantages et inconv\u00e9nients | Syndic Yourself","og_description":"\u00c9conomies, r\u00e9activit\u00e9, transparence : les atouts du syndic b\u00e9n\u00e9vole pour votre copropri\u00e9t\u00e9. D\u00e9couvrez aussi comment surmonter les d\u00e9fis.","og_url":"https:\/\/syndicyourself.be\/fr\/syndic-benevole\/en-pratique\/creation-syndic-benevole-en-belgique\/avantages-inconvenients-syndic-benevole-en-belgique\/","og_site_name":"Syndic Yourself","article_publisher":"https:\/\/www.facebook.com\/syndic4you\/","og_image":[{"width":1000,"height":1500,"url":"https:\/\/syndicyourself.be\/wp-content\/uploads\/2024\/07\/atouts-syndic-benevole-en-belgique.jpg","type":"image\/jpeg"}],"twitter_card":"summary_large_image","twitter_misc":{"Dur\u00e9e de lecture est.":"4 minutes"},"schema":{"@context":"https:\/\/schema.org","@graph":[{"@type":"WebPage","@id":"https:\/\/syndicyourself.be\/fr\/syndic-benevole\/en-pratique\/creation-syndic-benevole-en-belgique\/avantages-inconvenients-syndic-benevole-en-belgique\/","url":"https:\/\/syndicyourself.be\/fr\/syndic-benevole\/en-pratique\/creation-syndic-benevole-en-belgique\/avantages-inconvenients-syndic-benevole-en-belgique\/","name":"Syndic b\u00e9n\u00e9vole : avantages et inconv\u00e9nients | Syndic Yourself","isPartOf":{"@id":"https:\/\/syndicyourself.be\/fr\/#website"},"primaryImageOfPage":{"@id":"https:\/\/syndicyourself.be\/fr\/syndic-benevole\/en-pratique\/creation-syndic-benevole-en-belgique\/avantages-inconvenients-syndic-benevole-en-belgique\/#primaryimage"},"image":{"@id":"https:\/\/syndicyourself.be\/fr\/syndic-benevole\/en-pratique\/creation-syndic-benevole-en-belgique\/avantages-inconvenients-syndic-benevole-en-belgique\/#primaryimage"},"thumbnailUrl":"https:\/\/syndicyourself.be\/wp-content\/uploads\/2024\/07\/atouts-syndic-benevole-en-belgique.jpg","datePublished":"2024-07-24T06:00:35+00:00","description":"\u00c9conomies, r\u00e9activit\u00e9, transparence : les atouts du syndic b\u00e9n\u00e9vole pour votre copropri\u00e9t\u00e9. D\u00e9couvrez aussi comment surmonter les d\u00e9fis.","breadcrumb":{"@id":"https:\/\/syndicyourself.be\/fr\/syndic-benevole\/en-pratique\/creation-syndic-benevole-en-belgique\/avantages-inconvenients-syndic-benevole-en-belgique\/#breadcrumb"},"inLanguage":"fr-BE","potentialAction":[{"@type":"ReadAction","target":["https:\/\/syndicyourself.be\/fr\/syndic-benevole\/en-pratique\/creation-syndic-benevole-en-belgique\/avantages-inconvenients-syndic-benevole-en-belgique\/"]}]},{"@type":"ImageObject","inLanguage":"fr-BE","@id":"https:\/\/syndicyourself.be\/fr\/syndic-benevole\/en-pratique\/creation-syndic-benevole-en-belgique\/avantages-inconvenients-syndic-benevole-en-belgique\/#primaryimage","url":"https:\/\/syndicyourself.be\/wp-content\/uploads\/2024\/07\/atouts-syndic-benevole-en-belgique.jpg","contentUrl":"https:\/\/syndicyourself.be\/wp-content\/uploads\/2024\/07\/atouts-syndic-benevole-en-belgique.jpg","width":1000,"height":1500,"caption":"Les atouts d\u2019un syndic b\u00e9n\u00e9vole en Belgique"},{"@type":"BreadcrumbList","@id":"https:\/\/syndicyourself.be\/fr\/syndic-benevole\/en-pratique\/creation-syndic-benevole-en-belgique\/avantages-inconvenients-syndic-benevole-en-belgique\/#breadcrumb","itemListElement":[{"@type":"ListItem","position":1,"name":"Accueil","item":"https:\/\/syndicyourself.be\/fr\/"},{"@type":"ListItem","position":2,"name":"Syndic b\u00e9n\u00e9vole","item":"https:\/\/syndicyourself.be\/fr\/syndic-benevole\/"},{"@type":"ListItem","position":3,"name":"Syndic b\u00e9n\u00e9vole : en pratique","item":"https:\/\/syndicyourself.be\/fr\/syndic-benevole\/en-pratique\/"},{"@type":"ListItem","position":4,"name":"Cr\u00e9er un syndic b\u00e9n\u00e9vole en Belgique","item":"https:\/\/syndicyourself.be\/fr\/syndic-benevole\/en-pratique\/creation-syndic-benevole-en-belgique\/"},{"@type":"ListItem","position":5,"name":"Cr\u00e9er un syndic b\u00e9n\u00e9vole en Belgique : quels avantages et inconv\u00e9nients ?"}]},{"@type":"WebSite","@id":"https:\/\/syndicyourself.be\/fr\/#website","url":"https:\/\/syndicyourself.be\/fr\/","name":"Syndic Yourself","description":"Le meilleur syndic, c&#039;est vous","publisher":{"@id":"https:\/\/syndicyourself.be\/fr\/#organization"},"potentialAction":[{"@type":"SearchAction","target":{"@type":"EntryPoint","urlTemplate":"https:\/\/syndicyourself.be\/fr\/?s={search_term_string}"},"query-input":{"@type":"PropertyValueSpecification","valueRequired":true,"valueName":"search_term_string"}}],"inLanguage":"fr-BE"},{"@type":"Organization","@id":"https:\/\/syndicyourself.be\/fr\/#organization","name":"Syndic Yourself","url":"https:\/\/syndicyourself.be\/fr\/","logo":{"@type":"ImageObject","inLanguage":"fr-BE","@id":"https:\/\/syndicyourself.be\/fr\/#\/schema\/logo\/image\/","url":"https:\/\/syndicyourself.be\/wp-content\/uploads\/2022\/11\/logo.svg","contentUrl":"https:\/\/syndicyourself.be\/wp-content\/uploads\/2022\/11\/logo.svg","caption":"Syndic Yourself"},"image":{"@id":"https:\/\/syndicyourself.be\/fr\/#\/schema\/logo\/image\/"},"sameAs":["https:\/\/www.facebook.com\/syndic4you\/"]}]}},"_links":{"self":[{"href":"https:\/\/syndicyourself.be\/fr\/wp-json\/wp\/v2\/pages\/10191","targetHints":{"allow":["GET"]}}],"collection":[{"href":"https:\/\/syndicyourself.be\/fr\/wp-json\/wp\/v2\/pages"}],"about":[{"href":"https:\/\/syndicyourself.be\/fr\/wp-json\/wp\/v2\/types\/page"}],"author":[{"embeddable":true,"href":"https:\/\/syndicyourself.be\/fr\/wp-json\/wp\/v2\/users\/3"}],"replies":[{"embeddable":true,"href":"https:\/\/syndicyourself.be\/fr\/wp-json\/wp\/v2\/comments?post=10191"}],"version-history":[{"count":0,"href":"https:\/\/syndicyourself.be\/fr\/wp-json\/wp\/v2\/pages\/10191\/revisions"}],"up":[{"embeddable":true,"href":"https:\/\/syndicyourself.be\/fr\/wp-json\/wp\/v2\/pages\/9996"}],"wp:featuredmedia":[{"embeddable":true,"href":"https:\/\/syndicyourself.be\/fr\/wp-json\/wp\/v2\/media\/10192"}],"wp:attachment":[{"href":"https:\/\/syndicyourself.be\/fr\/wp-json\/wp\/v2\/media?parent=10191"}],"curies":[{"name":"wp","href":"https:\/\/api.w.org\/{rel}","templated":true}]}}