{"id":10199,"date":"2024-08-07T08:00:35","date_gmt":"2024-08-07T06:00:35","guid":{"rendered":"https:\/\/syndicyourself.be\/?post_type=silo&#038;p=10199"},"modified":"2025-05-06T15:25:48","modified_gmt":"2025-05-06T13:25:48","slug":"obligations-syndic-benevole-copropriete-en-belgique","status":"publish","type":"page","link":"https:\/\/syndicyourself.be\/fr\/syndic-benevole\/roles-missions\/obligations-syndic-benevole\/obligations-syndic-benevole-copropriete-en-belgique\/","title":{"rendered":"Les obligations du syndic b\u00e9n\u00e9vole de copropri\u00e9t\u00e9 en Belgique"},"content":{"rendered":"","protected":false},"excerpt":{"rendered":"<p>Devenir syndic b\u00e9n\u00e9vole est une excellente fa\u00e7on de r\u00e9aliser des \u00e9conomies et de vous impliquer dans la gestion de votre immeuble. Il est essentiel de comprendre ces obligations avant de vous engager dans cette fonction.<\/p>\n","protected":false},"author":3,"featured_media":10202,"parent":3740,"menu_order":0,"comment_status":"closed","ping_status":"closed","template":"views\/template-single-silo.blade.php","meta":{"_acf_changed":false,"footnotes":""},"class_list":["post-10199","page","type-page","status-publish","has-post-thumbnail","hentry"],"acf":[],"yoast_head":"<!-- This site is optimized with the Yoast SEO plugin v27.4 - https:\/\/yoast.com\/product\/yoast-seo-wordpress\/ -->\n<title>Syndic b\u00e9n\u00e9vole Belgique : quelles obligations ? Syndic Yourself<\/title>\n<meta name=\"description\" content=\"D\u00e9couvrez les obligations l\u00e9gales et pratiques du syndic b\u00e9n\u00e9vole en Belgique avec Syndic Yourself. En savoir plus\" \/>\n<meta name=\"robots\" content=\"index, follow, max-snippet:-1, max-image-preview:large, max-video-preview:-1\" \/>\n<link rel=\"canonical\" href=\"https:\/\/syndicyourself.be\/fr\/syndic-benevole\/roles-missions\/obligations-syndic-benevole\/obligations-syndic-benevole-copropriete-en-belgique\/\" \/>\n<meta property=\"og:locale\" content=\"fr_FR\" \/>\n<meta property=\"og:type\" content=\"article\" \/>\n<meta property=\"og:title\" content=\"Syndic b\u00e9n\u00e9vole Belgique : quelles obligations ? Syndic Yourself\" \/>\n<meta property=\"og:description\" content=\"D\u00e9couvrez les obligations l\u00e9gales et pratiques du syndic b\u00e9n\u00e9vole en Belgique avec Syndic Yourself. En savoir plus\" \/>\n<meta property=\"og:url\" content=\"https:\/\/syndicyourself.be\/fr\/syndic-benevole\/roles-missions\/obligations-syndic-benevole\/obligations-syndic-benevole-copropriete-en-belgique\/\" \/>\n<meta property=\"og:site_name\" content=\"Syndic Yourself\" \/>\n<meta property=\"article:publisher\" content=\"https:\/\/www.facebook.com\/syndic4you\/\" \/>\n<meta property=\"article:modified_time\" content=\"2025-05-06T13:25:48+00:00\" \/>\n<meta property=\"og:image\" content=\"https:\/\/syndicyourself.be\/wp-content\/uploads\/2024\/07\/missions-et-responsabilites-du-syndic-benevole-en-belgique.jpg\" \/>\n\t<meta property=\"og:image:width\" content=\"1400\" \/>\n\t<meta property=\"og:image:height\" content=\"788\" \/>\n\t<meta property=\"og:image:type\" content=\"image\/jpeg\" \/>\n<meta name=\"twitter:card\" content=\"summary_large_image\" \/>\n<meta name=\"twitter:label1\" content=\"Dur\u00e9e de lecture est.\" \/>\n\t<meta name=\"twitter:data1\" content=\"4 minutes\" \/>\n<script type=\"application\/ld+json\" class=\"yoast-schema-graph\">{\"@context\":\"https:\\\/\\\/schema.org\",\"@graph\":[{\"@type\":\"WebPage\",\"@id\":\"https:\\\/\\\/syndicyourself.be\\\/fr\\\/syndic-benevole\\\/roles-missions\\\/obligations-syndic-benevole\\\/obligations-syndic-benevole-copropriete-en-belgique\\\/\",\"url\":\"https:\\\/\\\/syndicyourself.be\\\/fr\\\/syndic-benevole\\\/roles-missions\\\/obligations-syndic-benevole\\\/obligations-syndic-benevole-copropriete-en-belgique\\\/\",\"name\":\"Syndic b\u00e9n\u00e9vole Belgique : quelles obligations ? Syndic Yourself\",\"isPartOf\":{\"@id\":\"https:\\\/\\\/syndicyourself.be\\\/fr\\\/#website\"},\"primaryImageOfPage\":{\"@id\":\"https:\\\/\\\/syndicyourself.be\\\/fr\\\/syndic-benevole\\\/roles-missions\\\/obligations-syndic-benevole\\\/obligations-syndic-benevole-copropriete-en-belgique\\\/#primaryimage\"},\"image\":{\"@id\":\"https:\\\/\\\/syndicyourself.be\\\/fr\\\/syndic-benevole\\\/roles-missions\\\/obligations-syndic-benevole\\\/obligations-syndic-benevole-copropriete-en-belgique\\\/#primaryimage\"},\"thumbnailUrl\":\"https:\\\/\\\/syndicyourself.be\\\/wp-content\\\/uploads\\\/2024\\\/07\\\/missions-et-responsabilites-du-syndic-benevole-en-belgique.jpg\",\"datePublished\":\"2024-08-07T06:00:35+00:00\",\"dateModified\":\"2025-05-06T13:25:48+00:00\",\"description\":\"D\u00e9couvrez les obligations l\u00e9gales et pratiques du syndic b\u00e9n\u00e9vole en Belgique avec Syndic Yourself. En savoir plus\",\"breadcrumb\":{\"@id\":\"https:\\\/\\\/syndicyourself.be\\\/fr\\\/syndic-benevole\\\/roles-missions\\\/obligations-syndic-benevole\\\/obligations-syndic-benevole-copropriete-en-belgique\\\/#breadcrumb\"},\"inLanguage\":\"fr-BE\",\"potentialAction\":[{\"@type\":\"ReadAction\",\"target\":[\"https:\\\/\\\/syndicyourself.be\\\/fr\\\/syndic-benevole\\\/roles-missions\\\/obligations-syndic-benevole\\\/obligations-syndic-benevole-copropriete-en-belgique\\\/\"]}]},{\"@type\":\"ImageObject\",\"inLanguage\":\"fr-BE\",\"@id\":\"https:\\\/\\\/syndicyourself.be\\\/fr\\\/syndic-benevole\\\/roles-missions\\\/obligations-syndic-benevole\\\/obligations-syndic-benevole-copropriete-en-belgique\\\/#primaryimage\",\"url\":\"https:\\\/\\\/syndicyourself.be\\\/wp-content\\\/uploads\\\/2024\\\/07\\\/missions-et-responsabilites-du-syndic-benevole-en-belgique.jpg\",\"contentUrl\":\"https:\\\/\\\/syndicyourself.be\\\/wp-content\\\/uploads\\\/2024\\\/07\\\/missions-et-responsabilites-du-syndic-benevole-en-belgique.jpg\",\"width\":1400,\"height\":788,\"caption\":\"Syndic b\u00e9n\u00e9vole Belgique : quelles obligations ? Syndic Yourself\"},{\"@type\":\"BreadcrumbList\",\"@id\":\"https:\\\/\\\/syndicyourself.be\\\/fr\\\/syndic-benevole\\\/roles-missions\\\/obligations-syndic-benevole\\\/obligations-syndic-benevole-copropriete-en-belgique\\\/#breadcrumb\",\"itemListElement\":[{\"@type\":\"ListItem\",\"position\":1,\"name\":\"Accueil\",\"item\":\"https:\\\/\\\/syndicyourself.be\\\/fr\\\/\"},{\"@type\":\"ListItem\",\"position\":2,\"name\":\"Syndic b\u00e9n\u00e9vole\",\"item\":\"https:\\\/\\\/syndicyourself.be\\\/fr\\\/syndic-benevole\\\/\"},{\"@type\":\"ListItem\",\"position\":3,\"name\":\"R\u00f4les et missions du syndic b\u00e9n\u00e9vole\",\"item\":\"https:\\\/\\\/syndicyourself.be\\\/fr\\\/syndic-benevole\\\/roles-missions\\\/\"},{\"@type\":\"ListItem\",\"position\":4,\"name\":\"Obligations du syndic b\u00e9n\u00e9vole\",\"item\":\"https:\\\/\\\/syndicyourself.be\\\/fr\\\/syndic-benevole\\\/roles-missions\\\/obligations-syndic-benevole\\\/\"},{\"@type\":\"ListItem\",\"position\":5,\"name\":\"Les obligations du syndic b\u00e9n\u00e9vole de copropri\u00e9t\u00e9 en Belgique\"}]},{\"@type\":\"WebSite\",\"@id\":\"https:\\\/\\\/syndicyourself.be\\\/fr\\\/#website\",\"url\":\"https:\\\/\\\/syndicyourself.be\\\/fr\\\/\",\"name\":\"Syndic Yourself\",\"description\":\"Le meilleur syndic, c&#039;est vous\",\"publisher\":{\"@id\":\"https:\\\/\\\/syndicyourself.be\\\/fr\\\/#organization\"},\"potentialAction\":[{\"@type\":\"SearchAction\",\"target\":{\"@type\":\"EntryPoint\",\"urlTemplate\":\"https:\\\/\\\/syndicyourself.be\\\/fr\\\/?s={search_term_string}\"},\"query-input\":{\"@type\":\"PropertyValueSpecification\",\"valueRequired\":true,\"valueName\":\"search_term_string\"}}],\"inLanguage\":\"fr-BE\"},{\"@type\":\"Organization\",\"@id\":\"https:\\\/\\\/syndicyourself.be\\\/fr\\\/#organization\",\"name\":\"Syndic Yourself\",\"url\":\"https:\\\/\\\/syndicyourself.be\\\/fr\\\/\",\"logo\":{\"@type\":\"ImageObject\",\"inLanguage\":\"fr-BE\",\"@id\":\"https:\\\/\\\/syndicyourself.be\\\/fr\\\/#\\\/schema\\\/logo\\\/image\\\/\",\"url\":\"https:\\\/\\\/syndicyourself.be\\\/wp-content\\\/uploads\\\/2022\\\/11\\\/logo.svg\",\"contentUrl\":\"https:\\\/\\\/syndicyourself.be\\\/wp-content\\\/uploads\\\/2022\\\/11\\\/logo.svg\",\"caption\":\"Syndic Yourself\"},\"image\":{\"@id\":\"https:\\\/\\\/syndicyourself.be\\\/fr\\\/#\\\/schema\\\/logo\\\/image\\\/\"},\"sameAs\":[\"https:\\\/\\\/www.facebook.com\\\/syndic4you\\\/\"]}]}<\/script>\n<!-- \/ Yoast SEO plugin. -->","yoast_head_json":{"title":"Syndic b\u00e9n\u00e9vole Belgique : quelles obligations ? Syndic Yourself","description":"D\u00e9couvrez les obligations l\u00e9gales et pratiques du syndic b\u00e9n\u00e9vole en Belgique avec Syndic Yourself. En savoir plus","robots":{"index":"index","follow":"follow","max-snippet":"max-snippet:-1","max-image-preview":"max-image-preview:large","max-video-preview":"max-video-preview:-1"},"canonical":"https:\/\/syndicyourself.be\/fr\/syndic-benevole\/roles-missions\/obligations-syndic-benevole\/obligations-syndic-benevole-copropriete-en-belgique\/","og_locale":"fr_FR","og_type":"article","og_title":"Syndic b\u00e9n\u00e9vole Belgique : quelles obligations ? Syndic Yourself","og_description":"D\u00e9couvrez les obligations l\u00e9gales et pratiques du syndic b\u00e9n\u00e9vole en Belgique avec Syndic Yourself. En savoir plus","og_url":"https:\/\/syndicyourself.be\/fr\/syndic-benevole\/roles-missions\/obligations-syndic-benevole\/obligations-syndic-benevole-copropriete-en-belgique\/","og_site_name":"Syndic Yourself","article_publisher":"https:\/\/www.facebook.com\/syndic4you\/","article_modified_time":"2025-05-06T13:25:48+00:00","og_image":[{"width":1400,"height":788,"url":"https:\/\/syndicyourself.be\/wp-content\/uploads\/2024\/07\/missions-et-responsabilites-du-syndic-benevole-en-belgique.jpg","type":"image\/jpeg"}],"twitter_card":"summary_large_image","twitter_misc":{"Dur\u00e9e de lecture est.":"4 minutes"},"schema":{"@context":"https:\/\/schema.org","@graph":[{"@type":"WebPage","@id":"https:\/\/syndicyourself.be\/fr\/syndic-benevole\/roles-missions\/obligations-syndic-benevole\/obligations-syndic-benevole-copropriete-en-belgique\/","url":"https:\/\/syndicyourself.be\/fr\/syndic-benevole\/roles-missions\/obligations-syndic-benevole\/obligations-syndic-benevole-copropriete-en-belgique\/","name":"Syndic b\u00e9n\u00e9vole Belgique : quelles obligations ? Syndic Yourself","isPartOf":{"@id":"https:\/\/syndicyourself.be\/fr\/#website"},"primaryImageOfPage":{"@id":"https:\/\/syndicyourself.be\/fr\/syndic-benevole\/roles-missions\/obligations-syndic-benevole\/obligations-syndic-benevole-copropriete-en-belgique\/#primaryimage"},"image":{"@id":"https:\/\/syndicyourself.be\/fr\/syndic-benevole\/roles-missions\/obligations-syndic-benevole\/obligations-syndic-benevole-copropriete-en-belgique\/#primaryimage"},"thumbnailUrl":"https:\/\/syndicyourself.be\/wp-content\/uploads\/2024\/07\/missions-et-responsabilites-du-syndic-benevole-en-belgique.jpg","datePublished":"2024-08-07T06:00:35+00:00","dateModified":"2025-05-06T13:25:48+00:00","description":"D\u00e9couvrez les obligations l\u00e9gales et pratiques du syndic b\u00e9n\u00e9vole en Belgique avec Syndic Yourself. En savoir plus","breadcrumb":{"@id":"https:\/\/syndicyourself.be\/fr\/syndic-benevole\/roles-missions\/obligations-syndic-benevole\/obligations-syndic-benevole-copropriete-en-belgique\/#breadcrumb"},"inLanguage":"fr-BE","potentialAction":[{"@type":"ReadAction","target":["https:\/\/syndicyourself.be\/fr\/syndic-benevole\/roles-missions\/obligations-syndic-benevole\/obligations-syndic-benevole-copropriete-en-belgique\/"]}]},{"@type":"ImageObject","inLanguage":"fr-BE","@id":"https:\/\/syndicyourself.be\/fr\/syndic-benevole\/roles-missions\/obligations-syndic-benevole\/obligations-syndic-benevole-copropriete-en-belgique\/#primaryimage","url":"https:\/\/syndicyourself.be\/wp-content\/uploads\/2024\/07\/missions-et-responsabilites-du-syndic-benevole-en-belgique.jpg","contentUrl":"https:\/\/syndicyourself.be\/wp-content\/uploads\/2024\/07\/missions-et-responsabilites-du-syndic-benevole-en-belgique.jpg","width":1400,"height":788,"caption":"Syndic b\u00e9n\u00e9vole Belgique : quelles obligations ? Syndic Yourself"},{"@type":"BreadcrumbList","@id":"https:\/\/syndicyourself.be\/fr\/syndic-benevole\/roles-missions\/obligations-syndic-benevole\/obligations-syndic-benevole-copropriete-en-belgique\/#breadcrumb","itemListElement":[{"@type":"ListItem","position":1,"name":"Accueil","item":"https:\/\/syndicyourself.be\/fr\/"},{"@type":"ListItem","position":2,"name":"Syndic b\u00e9n\u00e9vole","item":"https:\/\/syndicyourself.be\/fr\/syndic-benevole\/"},{"@type":"ListItem","position":3,"name":"R\u00f4les et missions du syndic b\u00e9n\u00e9vole","item":"https:\/\/syndicyourself.be\/fr\/syndic-benevole\/roles-missions\/"},{"@type":"ListItem","position":4,"name":"Obligations du syndic b\u00e9n\u00e9vole","item":"https:\/\/syndicyourself.be\/fr\/syndic-benevole\/roles-missions\/obligations-syndic-benevole\/"},{"@type":"ListItem","position":5,"name":"Les obligations du syndic b\u00e9n\u00e9vole de copropri\u00e9t\u00e9 en Belgique"}]},{"@type":"WebSite","@id":"https:\/\/syndicyourself.be\/fr\/#website","url":"https:\/\/syndicyourself.be\/fr\/","name":"Syndic Yourself","description":"Le meilleur syndic, c&#039;est vous","publisher":{"@id":"https:\/\/syndicyourself.be\/fr\/#organization"},"potentialAction":[{"@type":"SearchAction","target":{"@type":"EntryPoint","urlTemplate":"https:\/\/syndicyourself.be\/fr\/?s={search_term_string}"},"query-input":{"@type":"PropertyValueSpecification","valueRequired":true,"valueName":"search_term_string"}}],"inLanguage":"fr-BE"},{"@type":"Organization","@id":"https:\/\/syndicyourself.be\/fr\/#organization","name":"Syndic Yourself","url":"https:\/\/syndicyourself.be\/fr\/","logo":{"@type":"ImageObject","inLanguage":"fr-BE","@id":"https:\/\/syndicyourself.be\/fr\/#\/schema\/logo\/image\/","url":"https:\/\/syndicyourself.be\/wp-content\/uploads\/2022\/11\/logo.svg","contentUrl":"https:\/\/syndicyourself.be\/wp-content\/uploads\/2022\/11\/logo.svg","caption":"Syndic Yourself"},"image":{"@id":"https:\/\/syndicyourself.be\/fr\/#\/schema\/logo\/image\/"},"sameAs":["https:\/\/www.facebook.com\/syndic4you\/"]}]}},"_links":{"self":[{"href":"https:\/\/syndicyourself.be\/fr\/wp-json\/wp\/v2\/pages\/10199","targetHints":{"allow":["GET"]}}],"collection":[{"href":"https:\/\/syndicyourself.be\/fr\/wp-json\/wp\/v2\/pages"}],"about":[{"href":"https:\/\/syndicyourself.be\/fr\/wp-json\/wp\/v2\/types\/page"}],"author":[{"embeddable":true,"href":"https:\/\/syndicyourself.be\/fr\/wp-json\/wp\/v2\/users\/3"}],"replies":[{"embeddable":true,"href":"https:\/\/syndicyourself.be\/fr\/wp-json\/wp\/v2\/comments?post=10199"}],"version-history":[{"count":0,"href":"https:\/\/syndicyourself.be\/fr\/wp-json\/wp\/v2\/pages\/10199\/revisions"}],"up":[{"embeddable":true,"href":"https:\/\/syndicyourself.be\/fr\/wp-json\/wp\/v2\/pages\/3740"}],"wp:featuredmedia":[{"embeddable":true,"href":"https:\/\/syndicyourself.be\/fr\/wp-json\/wp\/v2\/media\/10202"}],"wp:attachment":[{"href":"https:\/\/syndicyourself.be\/fr\/wp-json\/wp\/v2\/media?parent=10199"}],"curies":[{"name":"wp","href":"https:\/\/api.w.org\/{rel}","templated":true}]}}