{"id":131,"date":"2022-11-03T08:04:50","date_gmt":"2022-11-03T07:04:50","guid":{"rendered":"https:\/\/syndicyourself.be\/?page_id=131"},"modified":"2024-10-03T17:13:59","modified_gmt":"2024-10-03T15:13:59","slug":"offre-gratuite-contact","status":"publish","type":"page","link":"https:\/\/syndicyourself.be\/fr\/offre-gratuite-contact\/","title":{"rendered":"Contact"},"content":{"rendered":"","protected":false},"excerpt":{"rendered":"","protected":false},"author":1,"featured_media":3532,"parent":0,"menu_order":0,"comment_status":"closed","ping_status":"closed","template":"views\/template-contact.blade.php","meta":{"_acf_changed":false,"footnotes":""},"class_list":["post-131","page","type-page","status-publish","has-post-thumbnail","hentry"],"acf":[],"yoast_head":"<!-- This site is optimized with the Yoast SEO plugin v27.3 - https:\/\/yoast.com\/product\/yoast-seo-wordpress\/ -->\n<title>Offre gratuite pour syndic b\u00e9n\u00e9vole I Syndic de copropri\u00e9t\u00e9<\/title>\n<meta name=\"description\" content=\"Demandez une offre gratuite qui r\u00e9pond \u00e0 tous vos besoins ! Nous facilitons et optimisons la mission du syndic b\u00e9n\u00e9vole I Syndic copropri\u00e9t\u00e9\" \/>\n<meta name=\"robots\" content=\"index, follow, max-snippet:-1, max-image-preview:large, max-video-preview:-1\" \/>\n<link rel=\"canonical\" href=\"https:\/\/syndicyourself.be\/fr\/offre-gratuite-contact\/\" \/>\n<meta property=\"og:locale\" content=\"fr_FR\" \/>\n<meta property=\"og:type\" content=\"article\" \/>\n<meta property=\"og:title\" content=\"Offre gratuite pour syndic b\u00e9n\u00e9vole I Syndic de copropri\u00e9t\u00e9\" \/>\n<meta property=\"og:description\" content=\"Demandez une offre gratuite qui r\u00e9pond \u00e0 tous vos besoins ! Nous facilitons et optimisons la mission du syndic b\u00e9n\u00e9vole I Syndic copropri\u00e9t\u00e9\" \/>\n<meta property=\"og:url\" content=\"https:\/\/syndicyourself.be\/fr\/offre-gratuite-contact\/\" \/>\n<meta property=\"og:site_name\" content=\"Syndic Yourself\" \/>\n<meta property=\"article:publisher\" content=\"https:\/\/www.facebook.com\/syndic4you\/\" \/>\n<meta property=\"article:modified_time\" content=\"2024-10-03T15:13:59+00:00\" \/>\n<meta name=\"twitter:card\" content=\"summary_large_image\" \/>\n<meta name=\"twitter:label1\" content=\"Dur\u00e9e de lecture est.\" \/>\n\t<meta name=\"twitter:data1\" content=\"1 minute\" \/>\n<script type=\"application\/ld+json\" class=\"yoast-schema-graph\">{\"@context\":\"https:\\\/\\\/schema.org\",\"@graph\":[{\"@type\":\"WebPage\",\"@id\":\"https:\\\/\\\/syndicyourself.be\\\/fr\\\/offre-gratuite-contact\\\/\",\"url\":\"https:\\\/\\\/syndicyourself.be\\\/fr\\\/offre-gratuite-contact\\\/\",\"name\":\"Offre gratuite pour syndic b\u00e9n\u00e9vole I Syndic de copropri\u00e9t\u00e9\",\"isPartOf\":{\"@id\":\"https:\\\/\\\/syndicyourself.be\\\/fr\\\/#website\"},\"primaryImageOfPage\":{\"@id\":\"https:\\\/\\\/syndicyourself.be\\\/fr\\\/offre-gratuite-contact\\\/#primaryimage\"},\"image\":{\"@id\":\"https:\\\/\\\/syndicyourself.be\\\/fr\\\/offre-gratuite-contact\\\/#primaryimage\"},\"thumbnailUrl\":\"https:\\\/\\\/syndicyourself.be\\\/wp-content\\\/uploads\\\/2022\\\/11\\\/cta-1.svg\",\"datePublished\":\"2022-11-03T07:04:50+00:00\",\"dateModified\":\"2024-10-03T15:13:59+00:00\",\"description\":\"Demandez une offre gratuite qui r\u00e9pond \u00e0 tous vos besoins ! Nous facilitons et optimisons la mission du syndic b\u00e9n\u00e9vole I Syndic copropri\u00e9t\u00e9\",\"breadcrumb\":{\"@id\":\"https:\\\/\\\/syndicyourself.be\\\/fr\\\/offre-gratuite-contact\\\/#breadcrumb\"},\"inLanguage\":\"fr-BE\",\"potentialAction\":[{\"@type\":\"ReadAction\",\"target\":[\"https:\\\/\\\/syndicyourself.be\\\/fr\\\/offre-gratuite-contact\\\/\"]}]},{\"@type\":\"ImageObject\",\"inLanguage\":\"fr-BE\",\"@id\":\"https:\\\/\\\/syndicyourself.be\\\/fr\\\/offre-gratuite-contact\\\/#primaryimage\",\"url\":\"https:\\\/\\\/syndicyourself.be\\\/wp-content\\\/uploads\\\/2022\\\/11\\\/cta-1.svg\",\"contentUrl\":\"https:\\\/\\\/syndicyourself.be\\\/wp-content\\\/uploads\\\/2022\\\/11\\\/cta-1.svg\",\"caption\":\"CTA 4\"},{\"@type\":\"BreadcrumbList\",\"@id\":\"https:\\\/\\\/syndicyourself.be\\\/fr\\\/offre-gratuite-contact\\\/#breadcrumb\",\"itemListElement\":[{\"@type\":\"ListItem\",\"position\":1,\"name\":\"Accueil\",\"item\":\"https:\\\/\\\/syndicyourself.be\\\/fr\\\/\"},{\"@type\":\"ListItem\",\"position\":2,\"name\":\"Contact\"}]},{\"@type\":\"WebSite\",\"@id\":\"https:\\\/\\\/syndicyourself.be\\\/fr\\\/#website\",\"url\":\"https:\\\/\\\/syndicyourself.be\\\/fr\\\/\",\"name\":\"Syndic Yourself\",\"description\":\"Le meilleur syndic, c&#039;est vous\",\"publisher\":{\"@id\":\"https:\\\/\\\/syndicyourself.be\\\/fr\\\/#organization\"},\"potentialAction\":[{\"@type\":\"SearchAction\",\"target\":{\"@type\":\"EntryPoint\",\"urlTemplate\":\"https:\\\/\\\/syndicyourself.be\\\/fr\\\/?s={search_term_string}\"},\"query-input\":{\"@type\":\"PropertyValueSpecification\",\"valueRequired\":true,\"valueName\":\"search_term_string\"}}],\"inLanguage\":\"fr-BE\"},{\"@type\":\"Organization\",\"@id\":\"https:\\\/\\\/syndicyourself.be\\\/fr\\\/#organization\",\"name\":\"Syndic Yourself\",\"url\":\"https:\\\/\\\/syndicyourself.be\\\/fr\\\/\",\"logo\":{\"@type\":\"ImageObject\",\"inLanguage\":\"fr-BE\",\"@id\":\"https:\\\/\\\/syndicyourself.be\\\/fr\\\/#\\\/schema\\\/logo\\\/image\\\/\",\"url\":\"https:\\\/\\\/syndicyourself.be\\\/wp-content\\\/uploads\\\/2022\\\/11\\\/logo.svg\",\"contentUrl\":\"https:\\\/\\\/syndicyourself.be\\\/wp-content\\\/uploads\\\/2022\\\/11\\\/logo.svg\",\"caption\":\"Syndic Yourself\"},\"image\":{\"@id\":\"https:\\\/\\\/syndicyourself.be\\\/fr\\\/#\\\/schema\\\/logo\\\/image\\\/\"},\"sameAs\":[\"https:\\\/\\\/www.facebook.com\\\/syndic4you\\\/\"]}]}<\/script>\n<!-- \/ Yoast SEO plugin. -->","yoast_head_json":{"title":"Offre gratuite pour syndic b\u00e9n\u00e9vole I Syndic de copropri\u00e9t\u00e9","description":"Demandez une offre gratuite qui r\u00e9pond \u00e0 tous vos besoins ! Nous facilitons et optimisons la mission du syndic b\u00e9n\u00e9vole I Syndic copropri\u00e9t\u00e9","robots":{"index":"index","follow":"follow","max-snippet":"max-snippet:-1","max-image-preview":"max-image-preview:large","max-video-preview":"max-video-preview:-1"},"canonical":"https:\/\/syndicyourself.be\/fr\/offre-gratuite-contact\/","og_locale":"fr_FR","og_type":"article","og_title":"Offre gratuite pour syndic b\u00e9n\u00e9vole I Syndic de copropri\u00e9t\u00e9","og_description":"Demandez une offre gratuite qui r\u00e9pond \u00e0 tous vos besoins ! Nous facilitons et optimisons la mission du syndic b\u00e9n\u00e9vole I Syndic copropri\u00e9t\u00e9","og_url":"https:\/\/syndicyourself.be\/fr\/offre-gratuite-contact\/","og_site_name":"Syndic Yourself","article_publisher":"https:\/\/www.facebook.com\/syndic4you\/","article_modified_time":"2024-10-03T15:13:59+00:00","twitter_card":"summary_large_image","twitter_misc":{"Dur\u00e9e de lecture est.":"1 minute"},"schema":{"@context":"https:\/\/schema.org","@graph":[{"@type":"WebPage","@id":"https:\/\/syndicyourself.be\/fr\/offre-gratuite-contact\/","url":"https:\/\/syndicyourself.be\/fr\/offre-gratuite-contact\/","name":"Offre gratuite pour syndic b\u00e9n\u00e9vole I Syndic de copropri\u00e9t\u00e9","isPartOf":{"@id":"https:\/\/syndicyourself.be\/fr\/#website"},"primaryImageOfPage":{"@id":"https:\/\/syndicyourself.be\/fr\/offre-gratuite-contact\/#primaryimage"},"image":{"@id":"https:\/\/syndicyourself.be\/fr\/offre-gratuite-contact\/#primaryimage"},"thumbnailUrl":"https:\/\/syndicyourself.be\/wp-content\/uploads\/2022\/11\/cta-1.svg","datePublished":"2022-11-03T07:04:50+00:00","dateModified":"2024-10-03T15:13:59+00:00","description":"Demandez une offre gratuite qui r\u00e9pond \u00e0 tous vos besoins ! Nous facilitons et optimisons la mission du syndic b\u00e9n\u00e9vole I Syndic copropri\u00e9t\u00e9","breadcrumb":{"@id":"https:\/\/syndicyourself.be\/fr\/offre-gratuite-contact\/#breadcrumb"},"inLanguage":"fr-BE","potentialAction":[{"@type":"ReadAction","target":["https:\/\/syndicyourself.be\/fr\/offre-gratuite-contact\/"]}]},{"@type":"ImageObject","inLanguage":"fr-BE","@id":"https:\/\/syndicyourself.be\/fr\/offre-gratuite-contact\/#primaryimage","url":"https:\/\/syndicyourself.be\/wp-content\/uploads\/2022\/11\/cta-1.svg","contentUrl":"https:\/\/syndicyourself.be\/wp-content\/uploads\/2022\/11\/cta-1.svg","caption":"CTA 4"},{"@type":"BreadcrumbList","@id":"https:\/\/syndicyourself.be\/fr\/offre-gratuite-contact\/#breadcrumb","itemListElement":[{"@type":"ListItem","position":1,"name":"Accueil","item":"https:\/\/syndicyourself.be\/fr\/"},{"@type":"ListItem","position":2,"name":"Contact"}]},{"@type":"WebSite","@id":"https:\/\/syndicyourself.be\/fr\/#website","url":"https:\/\/syndicyourself.be\/fr\/","name":"Syndic Yourself","description":"Le meilleur syndic, c&#039;est vous","publisher":{"@id":"https:\/\/syndicyourself.be\/fr\/#organization"},"potentialAction":[{"@type":"SearchAction","target":{"@type":"EntryPoint","urlTemplate":"https:\/\/syndicyourself.be\/fr\/?s={search_term_string}"},"query-input":{"@type":"PropertyValueSpecification","valueRequired":true,"valueName":"search_term_string"}}],"inLanguage":"fr-BE"},{"@type":"Organization","@id":"https:\/\/syndicyourself.be\/fr\/#organization","name":"Syndic Yourself","url":"https:\/\/syndicyourself.be\/fr\/","logo":{"@type":"ImageObject","inLanguage":"fr-BE","@id":"https:\/\/syndicyourself.be\/fr\/#\/schema\/logo\/image\/","url":"https:\/\/syndicyourself.be\/wp-content\/uploads\/2022\/11\/logo.svg","contentUrl":"https:\/\/syndicyourself.be\/wp-content\/uploads\/2022\/11\/logo.svg","caption":"Syndic Yourself"},"image":{"@id":"https:\/\/syndicyourself.be\/fr\/#\/schema\/logo\/image\/"},"sameAs":["https:\/\/www.facebook.com\/syndic4you\/"]}]}},"_links":{"self":[{"href":"https:\/\/syndicyourself.be\/fr\/wp-json\/wp\/v2\/pages\/131","targetHints":{"allow":["GET"]}}],"collection":[{"href":"https:\/\/syndicyourself.be\/fr\/wp-json\/wp\/v2\/pages"}],"about":[{"href":"https:\/\/syndicyourself.be\/fr\/wp-json\/wp\/v2\/types\/page"}],"author":[{"embeddable":true,"href":"https:\/\/syndicyourself.be\/fr\/wp-json\/wp\/v2\/users\/1"}],"replies":[{"embeddable":true,"href":"https:\/\/syndicyourself.be\/fr\/wp-json\/wp\/v2\/comments?post=131"}],"version-history":[{"count":0,"href":"https:\/\/syndicyourself.be\/fr\/wp-json\/wp\/v2\/pages\/131\/revisions"}],"wp:featuredmedia":[{"embeddable":true,"href":"https:\/\/syndicyourself.be\/fr\/wp-json\/wp\/v2\/media\/3532"}],"wp:attachment":[{"href":"https:\/\/syndicyourself.be\/fr\/wp-json\/wp\/v2\/media?parent=131"}],"curies":[{"name":"wp","href":"https:\/\/api.w.org\/{rel}","templated":true}]}}