{"id":16623,"date":"2026-04-29T16:33:52","date_gmt":"2026-04-29T14:33:52","guid":{"rendered":"https:\/\/syndicyourself.be\/?page_id=16623"},"modified":"2026-04-29T16:33:52","modified_gmt":"2026-04-29T14:33:52","slug":"syndic-bruxelles","status":"publish","type":"page","link":"https:\/\/syndicyourself.be\/fr\/trouver-syndic\/syndic-bruxelles\/","title":{"rendered":"Syndic \u00e0 Bruxelles : comment choisir le bon partenaire pour votre copropri\u00e9t\u00e9 ?"},"content":{"rendered":"","protected":false},"excerpt":{"rendered":"","protected":false},"author":14,"featured_media":16614,"parent":16595,"menu_order":0,"comment_status":"closed","ping_status":"closed","template":"views\/template-single-silo.blade.php","meta":{"_acf_changed":false,"footnotes":""},"class_list":["post-16623","page","type-page","status-publish","has-post-thumbnail","hentry"],"acf":[],"yoast_head":"<!-- This site is optimized with the Yoast SEO plugin v27.4 - https:\/\/yoast.com\/product\/yoast-seo-wordpress\/ -->\n<title>Syndic Bruxelles : tarifs, services et comparatif<\/title>\n<meta name=\"description\" content=\"Comparez les offres de syndic \u00e0 Bruxelles : tarifs, services, contrat et alternatives pour choisir la formule adapt\u00e9e \u00e0 votre copropri\u00e9t\u00e9.\" \/>\n<meta name=\"robots\" content=\"index, follow, max-snippet:-1, max-image-preview:large, max-video-preview:-1\" \/>\n<link rel=\"canonical\" href=\"https:\/\/syndicyourself.be\/fr\/trouver-syndic\/syndic-bruxelles\/\" \/>\n<meta property=\"og:locale\" content=\"fr_FR\" \/>\n<meta property=\"og:type\" content=\"article\" \/>\n<meta property=\"og:title\" content=\"Syndic Bruxelles : tarifs, services et comparatif\" \/>\n<meta property=\"og:description\" content=\"Comparez les offres de syndic \u00e0 Bruxelles : tarifs, services, contrat et alternatives pour choisir la formule adapt\u00e9e \u00e0 votre copropri\u00e9t\u00e9.\" \/>\n<meta property=\"og:url\" content=\"https:\/\/syndicyourself.be\/fr\/trouver-syndic\/syndic-bruxelles\/\" \/>\n<meta property=\"og:site_name\" content=\"Syndic Yourself\" \/>\n<meta property=\"article:publisher\" content=\"https:\/\/www.facebook.com\/syndic4you\/\" \/>\n<meta property=\"og:image\" content=\"https:\/\/syndicyourself.be\/wp-content\/uploads\/2026\/04\/trouver-un-syndic-de-copropriete-a-Brxuelles.jpg\" \/>\n\t<meta property=\"og:image:width\" content=\"1920\" \/>\n\t<meta property=\"og:image:height\" content=\"1080\" \/>\n\t<meta property=\"og:image:type\" content=\"image\/jpeg\" \/>\n<meta name=\"twitter:card\" content=\"summary_large_image\" \/>\n<meta name=\"twitter:label1\" content=\"Dur\u00e9e de lecture est.\" \/>\n\t<meta name=\"twitter:data1\" content=\"15 minutes\" \/>\n<script type=\"application\/ld+json\" class=\"yoast-schema-graph\">{\"@context\":\"https:\\\/\\\/schema.org\",\"@graph\":[{\"@type\":\"WebPage\",\"@id\":\"https:\\\/\\\/syndicyourself.be\\\/fr\\\/trouver-syndic\\\/syndic-bruxelles\\\/\",\"url\":\"https:\\\/\\\/syndicyourself.be\\\/fr\\\/trouver-syndic\\\/syndic-bruxelles\\\/\",\"name\":\"Syndic Bruxelles : tarifs, services et comparatif\",\"isPartOf\":{\"@id\":\"https:\\\/\\\/syndicyourself.be\\\/fr\\\/#website\"},\"primaryImageOfPage\":{\"@id\":\"https:\\\/\\\/syndicyourself.be\\\/fr\\\/trouver-syndic\\\/syndic-bruxelles\\\/#primaryimage\"},\"image\":{\"@id\":\"https:\\\/\\\/syndicyourself.be\\\/fr\\\/trouver-syndic\\\/syndic-bruxelles\\\/#primaryimage\"},\"thumbnailUrl\":\"https:\\\/\\\/syndicyourself.be\\\/wp-content\\\/uploads\\\/2026\\\/04\\\/trouver-un-syndic-de-copropriete-a-Brxuelles.jpg\",\"datePublished\":\"2026-04-29T14:33:52+00:00\",\"description\":\"Comparez les offres de syndic \u00e0 Bruxelles : tarifs, services, contrat et alternatives pour choisir la formule adapt\u00e9e \u00e0 votre copropri\u00e9t\u00e9.\",\"breadcrumb\":{\"@id\":\"https:\\\/\\\/syndicyourself.be\\\/fr\\\/trouver-syndic\\\/syndic-bruxelles\\\/#breadcrumb\"},\"inLanguage\":\"fr-BE\",\"potentialAction\":[{\"@type\":\"ReadAction\",\"target\":[\"https:\\\/\\\/syndicyourself.be\\\/fr\\\/trouver-syndic\\\/syndic-bruxelles\\\/\"]}]},{\"@type\":\"ImageObject\",\"inLanguage\":\"fr-BE\",\"@id\":\"https:\\\/\\\/syndicyourself.be\\\/fr\\\/trouver-syndic\\\/syndic-bruxelles\\\/#primaryimage\",\"url\":\"https:\\\/\\\/syndicyourself.be\\\/wp-content\\\/uploads\\\/2026\\\/04\\\/trouver-un-syndic-de-copropriete-a-Brxuelles.jpg\",\"contentUrl\":\"https:\\\/\\\/syndicyourself.be\\\/wp-content\\\/uploads\\\/2026\\\/04\\\/trouver-un-syndic-de-copropriete-a-Brxuelles.jpg\",\"width\":1920,\"height\":1080,\"caption\":\"trouver un syndic de copropriete \u00e0 Brxuelles\"},{\"@type\":\"BreadcrumbList\",\"@id\":\"https:\\\/\\\/syndicyourself.be\\\/fr\\\/trouver-syndic\\\/syndic-bruxelles\\\/#breadcrumb\",\"itemListElement\":[{\"@type\":\"ListItem\",\"position\":1,\"name\":\"Accueil\",\"item\":\"https:\\\/\\\/syndicyourself.be\\\/fr\\\/\"},{\"@type\":\"ListItem\",\"position\":2,\"name\":\"Trouver un syndic de copropri\u00e9t\u00e9 en Belgique\",\"item\":\"https:\\\/\\\/syndicyourself.be\\\/fr\\\/trouver-syndic\\\/\"},{\"@type\":\"ListItem\",\"position\":3,\"name\":\"Syndic \u00e0 Bruxelles : comment choisir le bon partenaire pour votre copropri\u00e9t\u00e9 ?\"}]},{\"@type\":\"WebSite\",\"@id\":\"https:\\\/\\\/syndicyourself.be\\\/fr\\\/#website\",\"url\":\"https:\\\/\\\/syndicyourself.be\\\/fr\\\/\",\"name\":\"Syndic Yourself\",\"description\":\"Le meilleur syndic, c&#039;est vous\",\"publisher\":{\"@id\":\"https:\\\/\\\/syndicyourself.be\\\/fr\\\/#organization\"},\"potentialAction\":[{\"@type\":\"SearchAction\",\"target\":{\"@type\":\"EntryPoint\",\"urlTemplate\":\"https:\\\/\\\/syndicyourself.be\\\/fr\\\/?s={search_term_string}\"},\"query-input\":{\"@type\":\"PropertyValueSpecification\",\"valueRequired\":true,\"valueName\":\"search_term_string\"}}],\"inLanguage\":\"fr-BE\"},{\"@type\":\"Organization\",\"@id\":\"https:\\\/\\\/syndicyourself.be\\\/fr\\\/#organization\",\"name\":\"Syndic Yourself\",\"url\":\"https:\\\/\\\/syndicyourself.be\\\/fr\\\/\",\"logo\":{\"@type\":\"ImageObject\",\"inLanguage\":\"fr-BE\",\"@id\":\"https:\\\/\\\/syndicyourself.be\\\/fr\\\/#\\\/schema\\\/logo\\\/image\\\/\",\"url\":\"https:\\\/\\\/syndicyourself.be\\\/wp-content\\\/uploads\\\/2022\\\/11\\\/logo.svg\",\"contentUrl\":\"https:\\\/\\\/syndicyourself.be\\\/wp-content\\\/uploads\\\/2022\\\/11\\\/logo.svg\",\"caption\":\"Syndic Yourself\"},\"image\":{\"@id\":\"https:\\\/\\\/syndicyourself.be\\\/fr\\\/#\\\/schema\\\/logo\\\/image\\\/\"},\"sameAs\":[\"https:\\\/\\\/www.facebook.com\\\/syndic4you\\\/\"]}]}<\/script>\n<!-- \/ Yoast SEO plugin. -->","yoast_head_json":{"title":"Syndic Bruxelles : tarifs, services et comparatif","description":"Comparez les offres de syndic \u00e0 Bruxelles : tarifs, services, contrat et alternatives pour choisir la formule adapt\u00e9e \u00e0 votre copropri\u00e9t\u00e9.","robots":{"index":"index","follow":"follow","max-snippet":"max-snippet:-1","max-image-preview":"max-image-preview:large","max-video-preview":"max-video-preview:-1"},"canonical":"https:\/\/syndicyourself.be\/fr\/trouver-syndic\/syndic-bruxelles\/","og_locale":"fr_FR","og_type":"article","og_title":"Syndic Bruxelles : tarifs, services et comparatif","og_description":"Comparez les offres de syndic \u00e0 Bruxelles : tarifs, services, contrat et alternatives pour choisir la formule adapt\u00e9e \u00e0 votre copropri\u00e9t\u00e9.","og_url":"https:\/\/syndicyourself.be\/fr\/trouver-syndic\/syndic-bruxelles\/","og_site_name":"Syndic Yourself","article_publisher":"https:\/\/www.facebook.com\/syndic4you\/","og_image":[{"width":1920,"height":1080,"url":"https:\/\/syndicyourself.be\/wp-content\/uploads\/2026\/04\/trouver-un-syndic-de-copropriete-a-Brxuelles.jpg","type":"image\/jpeg"}],"twitter_card":"summary_large_image","twitter_misc":{"Dur\u00e9e de lecture est.":"15 minutes"},"schema":{"@context":"https:\/\/schema.org","@graph":[{"@type":"WebPage","@id":"https:\/\/syndicyourself.be\/fr\/trouver-syndic\/syndic-bruxelles\/","url":"https:\/\/syndicyourself.be\/fr\/trouver-syndic\/syndic-bruxelles\/","name":"Syndic Bruxelles : tarifs, services et comparatif","isPartOf":{"@id":"https:\/\/syndicyourself.be\/fr\/#website"},"primaryImageOfPage":{"@id":"https:\/\/syndicyourself.be\/fr\/trouver-syndic\/syndic-bruxelles\/#primaryimage"},"image":{"@id":"https:\/\/syndicyourself.be\/fr\/trouver-syndic\/syndic-bruxelles\/#primaryimage"},"thumbnailUrl":"https:\/\/syndicyourself.be\/wp-content\/uploads\/2026\/04\/trouver-un-syndic-de-copropriete-a-Brxuelles.jpg","datePublished":"2026-04-29T14:33:52+00:00","description":"Comparez les offres de syndic \u00e0 Bruxelles : tarifs, services, contrat et alternatives pour choisir la formule adapt\u00e9e \u00e0 votre copropri\u00e9t\u00e9.","breadcrumb":{"@id":"https:\/\/syndicyourself.be\/fr\/trouver-syndic\/syndic-bruxelles\/#breadcrumb"},"inLanguage":"fr-BE","potentialAction":[{"@type":"ReadAction","target":["https:\/\/syndicyourself.be\/fr\/trouver-syndic\/syndic-bruxelles\/"]}]},{"@type":"ImageObject","inLanguage":"fr-BE","@id":"https:\/\/syndicyourself.be\/fr\/trouver-syndic\/syndic-bruxelles\/#primaryimage","url":"https:\/\/syndicyourself.be\/wp-content\/uploads\/2026\/04\/trouver-un-syndic-de-copropriete-a-Brxuelles.jpg","contentUrl":"https:\/\/syndicyourself.be\/wp-content\/uploads\/2026\/04\/trouver-un-syndic-de-copropriete-a-Brxuelles.jpg","width":1920,"height":1080,"caption":"trouver un syndic de copropriete \u00e0 Brxuelles"},{"@type":"BreadcrumbList","@id":"https:\/\/syndicyourself.be\/fr\/trouver-syndic\/syndic-bruxelles\/#breadcrumb","itemListElement":[{"@type":"ListItem","position":1,"name":"Accueil","item":"https:\/\/syndicyourself.be\/fr\/"},{"@type":"ListItem","position":2,"name":"Trouver un syndic de copropri\u00e9t\u00e9 en Belgique","item":"https:\/\/syndicyourself.be\/fr\/trouver-syndic\/"},{"@type":"ListItem","position":3,"name":"Syndic \u00e0 Bruxelles : comment choisir le bon partenaire pour votre copropri\u00e9t\u00e9 ?"}]},{"@type":"WebSite","@id":"https:\/\/syndicyourself.be\/fr\/#website","url":"https:\/\/syndicyourself.be\/fr\/","name":"Syndic Yourself","description":"Le meilleur syndic, c&#039;est vous","publisher":{"@id":"https:\/\/syndicyourself.be\/fr\/#organization"},"potentialAction":[{"@type":"SearchAction","target":{"@type":"EntryPoint","urlTemplate":"https:\/\/syndicyourself.be\/fr\/?s={search_term_string}"},"query-input":{"@type":"PropertyValueSpecification","valueRequired":true,"valueName":"search_term_string"}}],"inLanguage":"fr-BE"},{"@type":"Organization","@id":"https:\/\/syndicyourself.be\/fr\/#organization","name":"Syndic Yourself","url":"https:\/\/syndicyourself.be\/fr\/","logo":{"@type":"ImageObject","inLanguage":"fr-BE","@id":"https:\/\/syndicyourself.be\/fr\/#\/schema\/logo\/image\/","url":"https:\/\/syndicyourself.be\/wp-content\/uploads\/2022\/11\/logo.svg","contentUrl":"https:\/\/syndicyourself.be\/wp-content\/uploads\/2022\/11\/logo.svg","caption":"Syndic Yourself"},"image":{"@id":"https:\/\/syndicyourself.be\/fr\/#\/schema\/logo\/image\/"},"sameAs":["https:\/\/www.facebook.com\/syndic4you\/"]}]}},"_links":{"self":[{"href":"https:\/\/syndicyourself.be\/fr\/wp-json\/wp\/v2\/pages\/16623","targetHints":{"allow":["GET"]}}],"collection":[{"href":"https:\/\/syndicyourself.be\/fr\/wp-json\/wp\/v2\/pages"}],"about":[{"href":"https:\/\/syndicyourself.be\/fr\/wp-json\/wp\/v2\/types\/page"}],"author":[{"embeddable":true,"href":"https:\/\/syndicyourself.be\/fr\/wp-json\/wp\/v2\/users\/14"}],"replies":[{"embeddable":true,"href":"https:\/\/syndicyourself.be\/fr\/wp-json\/wp\/v2\/comments?post=16623"}],"version-history":[{"count":0,"href":"https:\/\/syndicyourself.be\/fr\/wp-json\/wp\/v2\/pages\/16623\/revisions"}],"up":[{"embeddable":true,"href":"https:\/\/syndicyourself.be\/fr\/wp-json\/wp\/v2\/pages\/16595"}],"wp:featuredmedia":[{"embeddable":true,"href":"https:\/\/syndicyourself.be\/fr\/wp-json\/wp\/v2\/media\/16614"}],"wp:attachment":[{"href":"https:\/\/syndicyourself.be\/fr\/wp-json\/wp\/v2\/media?parent=16623"}],"curies":[{"name":"wp","href":"https:\/\/api.w.org\/{rel}","templated":true}]}}