{"id":16853,"date":"2026-05-05T14:50:19","date_gmt":"2026-05-05T12:50:19","guid":{"rendered":"https:\/\/syndicyourself.be\/?page_id=16853"},"modified":"2026-05-05T14:52:35","modified_gmt":"2026-05-05T12:52:35","slug":"syndic-brabant-wallon","status":"publish","type":"page","link":"https:\/\/syndicyourself.be\/fr\/trouver-syndic\/syndic-brabant-wallon\/","title":{"rendered":"Syndic dans le Brabant Wallon : trouvez la bonne solution pour votre copropri\u00e9t\u00e9"},"content":{"rendered":"<div class=\"ratio ratio-16x9 bg-light overflow-hidden rounded-2\">\n<blockquote class=\"wp-embedded-content\" data-secret=\"QdYr3vssbR\"><p><a href=\"https:\/\/syndicyourself.be\/fr\/syndic-benevole\/definition-et-fonctionnement\/types-de-syndic\/\">Les diff\u00e9rents mod\u00e8les de syndic de copropri\u00e9t\u00e9<\/a><\/p><\/blockquote>\n<p><iframe loading=\"lazy\" class=\"wp-embedded-content\" sandbox=\"allow-scripts\" security=\"restricted\" style=\"position: absolute; visibility: hidden;\" title=\"\u00ab\u00a0Les diff\u00e9rents mod\u00e8les de syndic de copropri\u00e9t\u00e9\u00a0\u00bb &#8212; Syndic Yourself\" src=\"https:\/\/syndicyourself.be\/fr\/syndic-benevole\/definition-et-fonctionnement\/types-de-syndic\/embed\/#?secret=EkwEXQCGn8#?secret=QdYr3vssbR\" data-secret=\"QdYr3vssbR\" width=\"500\" height=\"282\" frameborder=\"0\" marginwidth=\"0\" marginheight=\"0\" scrolling=\"no\"><\/iframe><\/div>\n","protected":false},"excerpt":{"rendered":"<p>Les diff\u00e9rents mod\u00e8les de syndic de copropri\u00e9t\u00e9<\/p>\n","protected":false},"author":17,"featured_media":16872,"parent":16595,"menu_order":0,"comment_status":"closed","ping_status":"closed","template":"views\/template-single-silo.blade.php","meta":{"_acf_changed":false,"footnotes":""},"class_list":["post-16853","page","type-page","status-publish","has-post-thumbnail","hentry"],"acf":[],"yoast_head":"<!-- This site is optimized with the Yoast SEO plugin v27.5 - https:\/\/yoast.com\/product\/yoast-seo-wordpress\/ -->\n<title>Syndic dans le Brabant Wallon : guide pour votre copropri\u00e9t\u00e9<\/title>\n<meta name=\"description\" content=\"Trouver un syndic dans le Brabant Wallon : tarifs, crit\u00e8res et alternative \u00e9conomique pour g\u00e9rer votre copropri\u00e9t\u00e9 efficacement.\" \/>\n<meta name=\"robots\" content=\"index, follow, max-snippet:-1, max-image-preview:large, max-video-preview:-1\" \/>\n<link rel=\"canonical\" href=\"https:\/\/syndicyourself.be\/fr\/trouver-syndic\/syndic-brabant-wallon\/\" \/>\n<meta property=\"og:locale\" content=\"fr_FR\" \/>\n<meta property=\"og:type\" content=\"article\" \/>\n<meta property=\"og:title\" content=\"Syndic dans le Brabant Wallon : guide pour votre copropri\u00e9t\u00e9\" \/>\n<meta property=\"og:description\" content=\"Trouver un syndic dans le Brabant Wallon : tarifs, crit\u00e8res et alternative \u00e9conomique pour g\u00e9rer votre copropri\u00e9t\u00e9 efficacement.\" \/>\n<meta property=\"og:url\" content=\"https:\/\/syndicyourself.be\/fr\/trouver-syndic\/syndic-brabant-wallon\/\" \/>\n<meta property=\"og:site_name\" content=\"Syndic Yourself\" \/>\n<meta property=\"article:publisher\" content=\"https:\/\/www.facebook.com\/syndic4you\/\" \/>\n<meta property=\"article:modified_time\" content=\"2026-05-05T12:52:35+00:00\" \/>\n<meta property=\"og:image\" content=\"https:\/\/syndicyourself.be\/wp-content\/uploads\/2026\/05\/Syndic-de-copropriete-brabant-wallon--e1777983762716.png\" \/>\n\t<meta property=\"og:image:width\" content=\"2612\" \/>\n\t<meta property=\"og:image:height\" content=\"1390\" \/>\n\t<meta property=\"og:image:type\" content=\"image\/png\" \/>\n<meta name=\"twitter:card\" content=\"summary_large_image\" \/>\n<meta name=\"twitter:label1\" content=\"Dur\u00e9e de lecture est.\" \/>\n\t<meta name=\"twitter:data1\" content=\"6 minutes\" \/>\n<script type=\"application\/ld+json\" class=\"yoast-schema-graph\">{\"@context\":\"https:\\\/\\\/schema.org\",\"@graph\":[{\"@type\":\"WebPage\",\"@id\":\"https:\\\/\\\/syndicyourself.be\\\/fr\\\/trouver-syndic\\\/syndic-brabant-wallon\\\/\",\"url\":\"https:\\\/\\\/syndicyourself.be\\\/fr\\\/trouver-syndic\\\/syndic-brabant-wallon\\\/\",\"name\":\"Syndic dans le Brabant Wallon : guide pour votre copropri\u00e9t\u00e9\",\"isPartOf\":{\"@id\":\"https:\\\/\\\/syndicyourself.be\\\/fr\\\/#website\"},\"primaryImageOfPage\":{\"@id\":\"https:\\\/\\\/syndicyourself.be\\\/fr\\\/trouver-syndic\\\/syndic-brabant-wallon\\\/#primaryimage\"},\"image\":{\"@id\":\"https:\\\/\\\/syndicyourself.be\\\/fr\\\/trouver-syndic\\\/syndic-brabant-wallon\\\/#primaryimage\"},\"thumbnailUrl\":\"https:\\\/\\\/syndicyourself.be\\\/wp-content\\\/uploads\\\/2026\\\/05\\\/Syndic-de-copropriete-brabant-wallon--e1777983762716.png\",\"datePublished\":\"2026-05-05T12:50:19+00:00\",\"dateModified\":\"2026-05-05T12:52:35+00:00\",\"description\":\"Trouver un syndic dans le Brabant Wallon : tarifs, crit\u00e8res et alternative \u00e9conomique pour g\u00e9rer votre copropri\u00e9t\u00e9 efficacement.\",\"breadcrumb\":{\"@id\":\"https:\\\/\\\/syndicyourself.be\\\/fr\\\/trouver-syndic\\\/syndic-brabant-wallon\\\/#breadcrumb\"},\"inLanguage\":\"fr-BE\",\"potentialAction\":[{\"@type\":\"ReadAction\",\"target\":[\"https:\\\/\\\/syndicyourself.be\\\/fr\\\/trouver-syndic\\\/syndic-brabant-wallon\\\/\"]}]},{\"@type\":\"ImageObject\",\"inLanguage\":\"fr-BE\",\"@id\":\"https:\\\/\\\/syndicyourself.be\\\/fr\\\/trouver-syndic\\\/syndic-brabant-wallon\\\/#primaryimage\",\"url\":\"https:\\\/\\\/syndicyourself.be\\\/wp-content\\\/uploads\\\/2026\\\/05\\\/Syndic-de-copropriete-brabant-wallon--e1777983762716.png\",\"contentUrl\":\"https:\\\/\\\/syndicyourself.be\\\/wp-content\\\/uploads\\\/2026\\\/05\\\/Syndic-de-copropriete-brabant-wallon--e1777983762716.png\",\"width\":2612,\"height\":1390,\"caption\":\"Syndic de coproprie\u0301te\u0301 brabant wallon\"},{\"@type\":\"BreadcrumbList\",\"@id\":\"https:\\\/\\\/syndicyourself.be\\\/fr\\\/trouver-syndic\\\/syndic-brabant-wallon\\\/#breadcrumb\",\"itemListElement\":[{\"@type\":\"ListItem\",\"position\":1,\"name\":\"Accueil\",\"item\":\"https:\\\/\\\/syndicyourself.be\\\/fr\\\/\"},{\"@type\":\"ListItem\",\"position\":2,\"name\":\"Trouver un syndic de copropri\u00e9t\u00e9 en Belgique\",\"item\":\"https:\\\/\\\/syndicyourself.be\\\/fr\\\/trouver-syndic\\\/\"},{\"@type\":\"ListItem\",\"position\":3,\"name\":\"Syndic dans le Brabant Wallon : trouvez la bonne solution pour votre copropri\u00e9t\u00e9\"}]},{\"@type\":\"WebSite\",\"@id\":\"https:\\\/\\\/syndicyourself.be\\\/fr\\\/#website\",\"url\":\"https:\\\/\\\/syndicyourself.be\\\/fr\\\/\",\"name\":\"Syndic Yourself\",\"description\":\"Le meilleur syndic, c&#039;est vous\",\"publisher\":{\"@id\":\"https:\\\/\\\/syndicyourself.be\\\/fr\\\/#organization\"},\"potentialAction\":[{\"@type\":\"SearchAction\",\"target\":{\"@type\":\"EntryPoint\",\"urlTemplate\":\"https:\\\/\\\/syndicyourself.be\\\/fr\\\/?s={search_term_string}\"},\"query-input\":{\"@type\":\"PropertyValueSpecification\",\"valueRequired\":true,\"valueName\":\"search_term_string\"}}],\"inLanguage\":\"fr-BE\"},{\"@type\":\"Organization\",\"@id\":\"https:\\\/\\\/syndicyourself.be\\\/fr\\\/#organization\",\"name\":\"Syndic Yourself\",\"url\":\"https:\\\/\\\/syndicyourself.be\\\/fr\\\/\",\"logo\":{\"@type\":\"ImageObject\",\"inLanguage\":\"fr-BE\",\"@id\":\"https:\\\/\\\/syndicyourself.be\\\/fr\\\/#\\\/schema\\\/logo\\\/image\\\/\",\"url\":\"https:\\\/\\\/syndicyourself.be\\\/wp-content\\\/uploads\\\/2022\\\/11\\\/logo.svg\",\"contentUrl\":\"https:\\\/\\\/syndicyourself.be\\\/wp-content\\\/uploads\\\/2022\\\/11\\\/logo.svg\",\"caption\":\"Syndic Yourself\"},\"image\":{\"@id\":\"https:\\\/\\\/syndicyourself.be\\\/fr\\\/#\\\/schema\\\/logo\\\/image\\\/\"},\"sameAs\":[\"https:\\\/\\\/www.facebook.com\\\/syndic4you\\\/\"]}]}<\/script>\n<!-- \/ Yoast SEO plugin. -->","yoast_head_json":{"title":"Syndic dans le Brabant Wallon : guide pour votre copropri\u00e9t\u00e9","description":"Trouver un syndic dans le Brabant Wallon : tarifs, crit\u00e8res et alternative \u00e9conomique pour g\u00e9rer votre copropri\u00e9t\u00e9 efficacement.","robots":{"index":"index","follow":"follow","max-snippet":"max-snippet:-1","max-image-preview":"max-image-preview:large","max-video-preview":"max-video-preview:-1"},"canonical":"https:\/\/syndicyourself.be\/fr\/trouver-syndic\/syndic-brabant-wallon\/","og_locale":"fr_FR","og_type":"article","og_title":"Syndic dans le Brabant Wallon : guide pour votre copropri\u00e9t\u00e9","og_description":"Trouver un syndic dans le Brabant Wallon : tarifs, crit\u00e8res et alternative \u00e9conomique pour g\u00e9rer votre copropri\u00e9t\u00e9 efficacement.","og_url":"https:\/\/syndicyourself.be\/fr\/trouver-syndic\/syndic-brabant-wallon\/","og_site_name":"Syndic Yourself","article_publisher":"https:\/\/www.facebook.com\/syndic4you\/","article_modified_time":"2026-05-05T12:52:35+00:00","og_image":[{"url":"https:\/\/syndicyourself.be\/wp-content\/uploads\/2026\/05\/Syndic-de-copropriete-brabant-wallon--e1777983762716.png","width":2612,"height":1390,"type":"image\/png"}],"twitter_card":"summary_large_image","twitter_misc":{"Dur\u00e9e de lecture est.":"6 minutes"},"schema":{"@context":"https:\/\/schema.org","@graph":[{"@type":"WebPage","@id":"https:\/\/syndicyourself.be\/fr\/trouver-syndic\/syndic-brabant-wallon\/","url":"https:\/\/syndicyourself.be\/fr\/trouver-syndic\/syndic-brabant-wallon\/","name":"Syndic dans le Brabant Wallon : guide pour votre copropri\u00e9t\u00e9","isPartOf":{"@id":"https:\/\/syndicyourself.be\/fr\/#website"},"primaryImageOfPage":{"@id":"https:\/\/syndicyourself.be\/fr\/trouver-syndic\/syndic-brabant-wallon\/#primaryimage"},"image":{"@id":"https:\/\/syndicyourself.be\/fr\/trouver-syndic\/syndic-brabant-wallon\/#primaryimage"},"thumbnailUrl":"https:\/\/syndicyourself.be\/wp-content\/uploads\/2026\/05\/Syndic-de-copropriete-brabant-wallon--e1777983762716.png","datePublished":"2026-05-05T12:50:19+00:00","dateModified":"2026-05-05T12:52:35+00:00","description":"Trouver un syndic dans le Brabant Wallon : tarifs, crit\u00e8res et alternative \u00e9conomique pour g\u00e9rer votre copropri\u00e9t\u00e9 efficacement.","breadcrumb":{"@id":"https:\/\/syndicyourself.be\/fr\/trouver-syndic\/syndic-brabant-wallon\/#breadcrumb"},"inLanguage":"fr-BE","potentialAction":[{"@type":"ReadAction","target":["https:\/\/syndicyourself.be\/fr\/trouver-syndic\/syndic-brabant-wallon\/"]}]},{"@type":"ImageObject","inLanguage":"fr-BE","@id":"https:\/\/syndicyourself.be\/fr\/trouver-syndic\/syndic-brabant-wallon\/#primaryimage","url":"https:\/\/syndicyourself.be\/wp-content\/uploads\/2026\/05\/Syndic-de-copropriete-brabant-wallon--e1777983762716.png","contentUrl":"https:\/\/syndicyourself.be\/wp-content\/uploads\/2026\/05\/Syndic-de-copropriete-brabant-wallon--e1777983762716.png","width":2612,"height":1390,"caption":"Syndic de coproprie\u0301te\u0301 brabant wallon"},{"@type":"BreadcrumbList","@id":"https:\/\/syndicyourself.be\/fr\/trouver-syndic\/syndic-brabant-wallon\/#breadcrumb","itemListElement":[{"@type":"ListItem","position":1,"name":"Accueil","item":"https:\/\/syndicyourself.be\/fr\/"},{"@type":"ListItem","position":2,"name":"Trouver un syndic de copropri\u00e9t\u00e9 en Belgique","item":"https:\/\/syndicyourself.be\/fr\/trouver-syndic\/"},{"@type":"ListItem","position":3,"name":"Syndic dans le Brabant Wallon : trouvez la bonne solution pour votre copropri\u00e9t\u00e9"}]},{"@type":"WebSite","@id":"https:\/\/syndicyourself.be\/fr\/#website","url":"https:\/\/syndicyourself.be\/fr\/","name":"Syndic Yourself","description":"Le meilleur syndic, c&#039;est vous","publisher":{"@id":"https:\/\/syndicyourself.be\/fr\/#organization"},"potentialAction":[{"@type":"SearchAction","target":{"@type":"EntryPoint","urlTemplate":"https:\/\/syndicyourself.be\/fr\/?s={search_term_string}"},"query-input":{"@type":"PropertyValueSpecification","valueRequired":true,"valueName":"search_term_string"}}],"inLanguage":"fr-BE"},{"@type":"Organization","@id":"https:\/\/syndicyourself.be\/fr\/#organization","name":"Syndic Yourself","url":"https:\/\/syndicyourself.be\/fr\/","logo":{"@type":"ImageObject","inLanguage":"fr-BE","@id":"https:\/\/syndicyourself.be\/fr\/#\/schema\/logo\/image\/","url":"https:\/\/syndicyourself.be\/wp-content\/uploads\/2022\/11\/logo.svg","contentUrl":"https:\/\/syndicyourself.be\/wp-content\/uploads\/2022\/11\/logo.svg","caption":"Syndic Yourself"},"image":{"@id":"https:\/\/syndicyourself.be\/fr\/#\/schema\/logo\/image\/"},"sameAs":["https:\/\/www.facebook.com\/syndic4you\/"]}]}},"_links":{"self":[{"href":"https:\/\/syndicyourself.be\/fr\/wp-json\/wp\/v2\/pages\/16853","targetHints":{"allow":["GET"]}}],"collection":[{"href":"https:\/\/syndicyourself.be\/fr\/wp-json\/wp\/v2\/pages"}],"about":[{"href":"https:\/\/syndicyourself.be\/fr\/wp-json\/wp\/v2\/types\/page"}],"author":[{"embeddable":true,"href":"https:\/\/syndicyourself.be\/fr\/wp-json\/wp\/v2\/users\/17"}],"replies":[{"embeddable":true,"href":"https:\/\/syndicyourself.be\/fr\/wp-json\/wp\/v2\/comments?post=16853"}],"version-history":[{"count":0,"href":"https:\/\/syndicyourself.be\/fr\/wp-json\/wp\/v2\/pages\/16853\/revisions"}],"up":[{"embeddable":true,"href":"https:\/\/syndicyourself.be\/fr\/wp-json\/wp\/v2\/pages\/16595"}],"wp:featuredmedia":[{"embeddable":true,"href":"https:\/\/syndicyourself.be\/fr\/wp-json\/wp\/v2\/media\/16872"}],"wp:attachment":[{"href":"https:\/\/syndicyourself.be\/fr\/wp-json\/wp\/v2\/media?parent=16853"}],"curies":[{"name":"wp","href":"https:\/\/api.w.org\/{rel}","templated":true}]}}