{"id":16915,"date":"2026-05-06T11:41:00","date_gmt":"2026-05-06T09:41:00","guid":{"rendered":"https:\/\/syndicyourself.be\/?page_id=16915"},"modified":"2026-05-06T11:41:00","modified_gmt":"2026-05-06T09:41:00","slug":"syndic-anderlecht","status":"publish","type":"page","link":"https:\/\/syndicyourself.be\/fr\/trouver-syndic\/syndic-bruxelles\/syndic-anderlecht\/","title":{"rendered":"Syndic \u00e0 Anderlecht : trouvez la bonne solution pour votre copropri\u00e9t\u00e9"},"content":{"rendered":"","protected":false},"excerpt":{"rendered":"","protected":false},"author":17,"featured_media":16916,"parent":16623,"menu_order":0,"comment_status":"closed","ping_status":"closed","template":"views\/template-single-silo.blade.php","meta":{"_acf_changed":false,"footnotes":""},"class_list":["post-16915","page","type-page","status-publish","has-post-thumbnail","hentry"],"acf":[],"yoast_head":"<!-- This site is optimized with the Yoast SEO plugin v27.5 - https:\/\/yoast.com\/product\/yoast-seo-wordpress\/ -->\n<title>Syndic Anderlecht : bien choisir pour votre copropri\u00e9t\u00e9<\/title>\n<meta name=\"description\" content=\"Comment choisir un syndic \u00e0 Anderlecht ? Tarifs, crit\u00e8res cl\u00e9s et alternative \u00e9conomique pour g\u00e9rer votre copropri\u00e9t\u00e9 simplement.\" \/>\n<meta name=\"robots\" content=\"index, follow, max-snippet:-1, max-image-preview:large, max-video-preview:-1\" \/>\n<link rel=\"canonical\" href=\"https:\/\/syndicyourself.be\/fr\/trouver-syndic\/syndic-bruxelles\/syndic-anderlecht\/\" \/>\n<meta property=\"og:locale\" content=\"fr_FR\" \/>\n<meta property=\"og:type\" content=\"article\" \/>\n<meta property=\"og:title\" content=\"Syndic Anderlecht : bien choisir pour votre copropri\u00e9t\u00e9\" \/>\n<meta property=\"og:description\" content=\"Comment choisir un syndic \u00e0 Anderlecht ? Tarifs, crit\u00e8res cl\u00e9s et alternative \u00e9conomique pour g\u00e9rer votre copropri\u00e9t\u00e9 simplement.\" \/>\n<meta property=\"og:url\" content=\"https:\/\/syndicyourself.be\/fr\/trouver-syndic\/syndic-bruxelles\/syndic-anderlecht\/\" \/>\n<meta property=\"og:site_name\" content=\"Syndic Yourself\" \/>\n<meta property=\"article:publisher\" content=\"https:\/\/www.facebook.com\/syndic4you\/\" \/>\n<meta property=\"og:image\" content=\"https:\/\/syndicyourself.be\/wp-content\/uploads\/2026\/05\/anderlecht_syndic_de_copropriete-e1778055247880.png\" \/>\n\t<meta property=\"og:image:width\" content=\"2420\" \/>\n\t<meta property=\"og:image:height\" content=\"1423\" \/>\n\t<meta property=\"og:image:type\" content=\"image\/png\" \/>\n<meta name=\"twitter:card\" content=\"summary_large_image\" \/>\n<meta name=\"twitter:label1\" content=\"Dur\u00e9e de lecture est.\" \/>\n\t<meta name=\"twitter:data1\" content=\"6 minutes\" \/>\n<script type=\"application\/ld+json\" class=\"yoast-schema-graph\">{\"@context\":\"https:\\\/\\\/schema.org\",\"@graph\":[{\"@type\":\"WebPage\",\"@id\":\"https:\\\/\\\/syndicyourself.be\\\/fr\\\/trouver-syndic\\\/syndic-bruxelles\\\/syndic-anderlecht\\\/\",\"url\":\"https:\\\/\\\/syndicyourself.be\\\/fr\\\/trouver-syndic\\\/syndic-bruxelles\\\/syndic-anderlecht\\\/\",\"name\":\"Syndic Anderlecht : bien choisir pour votre copropri\u00e9t\u00e9\",\"isPartOf\":{\"@id\":\"https:\\\/\\\/syndicyourself.be\\\/fr\\\/#website\"},\"primaryImageOfPage\":{\"@id\":\"https:\\\/\\\/syndicyourself.be\\\/fr\\\/trouver-syndic\\\/syndic-bruxelles\\\/syndic-anderlecht\\\/#primaryimage\"},\"image\":{\"@id\":\"https:\\\/\\\/syndicyourself.be\\\/fr\\\/trouver-syndic\\\/syndic-bruxelles\\\/syndic-anderlecht\\\/#primaryimage\"},\"thumbnailUrl\":\"https:\\\/\\\/syndicyourself.be\\\/wp-content\\\/uploads\\\/2026\\\/05\\\/anderlecht_syndic_de_copropriete-e1778055247880.png\",\"datePublished\":\"2026-05-06T09:41:00+00:00\",\"description\":\"Comment choisir un syndic \u00e0 Anderlecht ? Tarifs, crit\u00e8res cl\u00e9s et alternative \u00e9conomique pour g\u00e9rer votre copropri\u00e9t\u00e9 simplement.\",\"breadcrumb\":{\"@id\":\"https:\\\/\\\/syndicyourself.be\\\/fr\\\/trouver-syndic\\\/syndic-bruxelles\\\/syndic-anderlecht\\\/#breadcrumb\"},\"inLanguage\":\"fr-BE\",\"potentialAction\":[{\"@type\":\"ReadAction\",\"target\":[\"https:\\\/\\\/syndicyourself.be\\\/fr\\\/trouver-syndic\\\/syndic-bruxelles\\\/syndic-anderlecht\\\/\"]}]},{\"@type\":\"ImageObject\",\"inLanguage\":\"fr-BE\",\"@id\":\"https:\\\/\\\/syndicyourself.be\\\/fr\\\/trouver-syndic\\\/syndic-bruxelles\\\/syndic-anderlecht\\\/#primaryimage\",\"url\":\"https:\\\/\\\/syndicyourself.be\\\/wp-content\\\/uploads\\\/2026\\\/05\\\/anderlecht_syndic_de_copropriete-e1778055247880.png\",\"contentUrl\":\"https:\\\/\\\/syndicyourself.be\\\/wp-content\\\/uploads\\\/2026\\\/05\\\/anderlecht_syndic_de_copropriete-e1778055247880.png\",\"width\":2420,\"height\":1423,\"caption\":\"Trouver un syndic de copropri\u00e9t\u00e9 Anderlecht\"},{\"@type\":\"BreadcrumbList\",\"@id\":\"https:\\\/\\\/syndicyourself.be\\\/fr\\\/trouver-syndic\\\/syndic-bruxelles\\\/syndic-anderlecht\\\/#breadcrumb\",\"itemListElement\":[{\"@type\":\"ListItem\",\"position\":1,\"name\":\"Accueil\",\"item\":\"https:\\\/\\\/syndicyourself.be\\\/fr\\\/\"},{\"@type\":\"ListItem\",\"position\":2,\"name\":\"Trouver un syndic de copropri\u00e9t\u00e9 en Belgique\",\"item\":\"https:\\\/\\\/syndicyourself.be\\\/fr\\\/trouver-syndic\\\/\"},{\"@type\":\"ListItem\",\"position\":3,\"name\":\"Syndic \u00e0 Bruxelles : trouvez la bonne solution pour votre copropri\u00e9t\u00e9\",\"item\":\"https:\\\/\\\/syndicyourself.be\\\/fr\\\/trouver-syndic\\\/syndic-bruxelles\\\/\"},{\"@type\":\"ListItem\",\"position\":4,\"name\":\"Syndic \u00e0 Anderlecht : trouvez la bonne solution pour votre copropri\u00e9t\u00e9\"}]},{\"@type\":\"WebSite\",\"@id\":\"https:\\\/\\\/syndicyourself.be\\\/fr\\\/#website\",\"url\":\"https:\\\/\\\/syndicyourself.be\\\/fr\\\/\",\"name\":\"Syndic Yourself\",\"description\":\"Le meilleur syndic, c&#039;est vous\",\"publisher\":{\"@id\":\"https:\\\/\\\/syndicyourself.be\\\/fr\\\/#organization\"},\"potentialAction\":[{\"@type\":\"SearchAction\",\"target\":{\"@type\":\"EntryPoint\",\"urlTemplate\":\"https:\\\/\\\/syndicyourself.be\\\/fr\\\/?s={search_term_string}\"},\"query-input\":{\"@type\":\"PropertyValueSpecification\",\"valueRequired\":true,\"valueName\":\"search_term_string\"}}],\"inLanguage\":\"fr-BE\"},{\"@type\":\"Organization\",\"@id\":\"https:\\\/\\\/syndicyourself.be\\\/fr\\\/#organization\",\"name\":\"Syndic Yourself\",\"url\":\"https:\\\/\\\/syndicyourself.be\\\/fr\\\/\",\"logo\":{\"@type\":\"ImageObject\",\"inLanguage\":\"fr-BE\",\"@id\":\"https:\\\/\\\/syndicyourself.be\\\/fr\\\/#\\\/schema\\\/logo\\\/image\\\/\",\"url\":\"https:\\\/\\\/syndicyourself.be\\\/wp-content\\\/uploads\\\/2022\\\/11\\\/logo.svg\",\"contentUrl\":\"https:\\\/\\\/syndicyourself.be\\\/wp-content\\\/uploads\\\/2022\\\/11\\\/logo.svg\",\"caption\":\"Syndic Yourself\"},\"image\":{\"@id\":\"https:\\\/\\\/syndicyourself.be\\\/fr\\\/#\\\/schema\\\/logo\\\/image\\\/\"},\"sameAs\":[\"https:\\\/\\\/www.facebook.com\\\/syndic4you\\\/\"]}]}<\/script>\n<!-- \/ Yoast SEO plugin. -->","yoast_head_json":{"title":"Syndic Anderlecht : bien choisir pour votre copropri\u00e9t\u00e9","description":"Comment choisir un syndic \u00e0 Anderlecht ? Tarifs, crit\u00e8res cl\u00e9s et alternative \u00e9conomique pour g\u00e9rer votre copropri\u00e9t\u00e9 simplement.","robots":{"index":"index","follow":"follow","max-snippet":"max-snippet:-1","max-image-preview":"max-image-preview:large","max-video-preview":"max-video-preview:-1"},"canonical":"https:\/\/syndicyourself.be\/fr\/trouver-syndic\/syndic-bruxelles\/syndic-anderlecht\/","og_locale":"fr_FR","og_type":"article","og_title":"Syndic Anderlecht : bien choisir pour votre copropri\u00e9t\u00e9","og_description":"Comment choisir un syndic \u00e0 Anderlecht ? Tarifs, crit\u00e8res cl\u00e9s et alternative \u00e9conomique pour g\u00e9rer votre copropri\u00e9t\u00e9 simplement.","og_url":"https:\/\/syndicyourself.be\/fr\/trouver-syndic\/syndic-bruxelles\/syndic-anderlecht\/","og_site_name":"Syndic Yourself","article_publisher":"https:\/\/www.facebook.com\/syndic4you\/","og_image":[{"url":"https:\/\/syndicyourself.be\/wp-content\/uploads\/2026\/05\/anderlecht_syndic_de_copropriete-e1778055247880.png","width":2420,"height":1423,"type":"image\/png"}],"twitter_card":"summary_large_image","twitter_misc":{"Dur\u00e9e de lecture est.":"6 minutes"},"schema":{"@context":"https:\/\/schema.org","@graph":[{"@type":"WebPage","@id":"https:\/\/syndicyourself.be\/fr\/trouver-syndic\/syndic-bruxelles\/syndic-anderlecht\/","url":"https:\/\/syndicyourself.be\/fr\/trouver-syndic\/syndic-bruxelles\/syndic-anderlecht\/","name":"Syndic Anderlecht : bien choisir pour votre copropri\u00e9t\u00e9","isPartOf":{"@id":"https:\/\/syndicyourself.be\/fr\/#website"},"primaryImageOfPage":{"@id":"https:\/\/syndicyourself.be\/fr\/trouver-syndic\/syndic-bruxelles\/syndic-anderlecht\/#primaryimage"},"image":{"@id":"https:\/\/syndicyourself.be\/fr\/trouver-syndic\/syndic-bruxelles\/syndic-anderlecht\/#primaryimage"},"thumbnailUrl":"https:\/\/syndicyourself.be\/wp-content\/uploads\/2026\/05\/anderlecht_syndic_de_copropriete-e1778055247880.png","datePublished":"2026-05-06T09:41:00+00:00","description":"Comment choisir un syndic \u00e0 Anderlecht ? Tarifs, crit\u00e8res cl\u00e9s et alternative \u00e9conomique pour g\u00e9rer votre copropri\u00e9t\u00e9 simplement.","breadcrumb":{"@id":"https:\/\/syndicyourself.be\/fr\/trouver-syndic\/syndic-bruxelles\/syndic-anderlecht\/#breadcrumb"},"inLanguage":"fr-BE","potentialAction":[{"@type":"ReadAction","target":["https:\/\/syndicyourself.be\/fr\/trouver-syndic\/syndic-bruxelles\/syndic-anderlecht\/"]}]},{"@type":"ImageObject","inLanguage":"fr-BE","@id":"https:\/\/syndicyourself.be\/fr\/trouver-syndic\/syndic-bruxelles\/syndic-anderlecht\/#primaryimage","url":"https:\/\/syndicyourself.be\/wp-content\/uploads\/2026\/05\/anderlecht_syndic_de_copropriete-e1778055247880.png","contentUrl":"https:\/\/syndicyourself.be\/wp-content\/uploads\/2026\/05\/anderlecht_syndic_de_copropriete-e1778055247880.png","width":2420,"height":1423,"caption":"Trouver un syndic de copropri\u00e9t\u00e9 Anderlecht"},{"@type":"BreadcrumbList","@id":"https:\/\/syndicyourself.be\/fr\/trouver-syndic\/syndic-bruxelles\/syndic-anderlecht\/#breadcrumb","itemListElement":[{"@type":"ListItem","position":1,"name":"Accueil","item":"https:\/\/syndicyourself.be\/fr\/"},{"@type":"ListItem","position":2,"name":"Trouver un syndic de copropri\u00e9t\u00e9 en Belgique","item":"https:\/\/syndicyourself.be\/fr\/trouver-syndic\/"},{"@type":"ListItem","position":3,"name":"Syndic \u00e0 Bruxelles : trouvez la bonne solution pour votre copropri\u00e9t\u00e9","item":"https:\/\/syndicyourself.be\/fr\/trouver-syndic\/syndic-bruxelles\/"},{"@type":"ListItem","position":4,"name":"Syndic \u00e0 Anderlecht : trouvez la bonne solution pour votre copropri\u00e9t\u00e9"}]},{"@type":"WebSite","@id":"https:\/\/syndicyourself.be\/fr\/#website","url":"https:\/\/syndicyourself.be\/fr\/","name":"Syndic Yourself","description":"Le meilleur syndic, c&#039;est vous","publisher":{"@id":"https:\/\/syndicyourself.be\/fr\/#organization"},"potentialAction":[{"@type":"SearchAction","target":{"@type":"EntryPoint","urlTemplate":"https:\/\/syndicyourself.be\/fr\/?s={search_term_string}"},"query-input":{"@type":"PropertyValueSpecification","valueRequired":true,"valueName":"search_term_string"}}],"inLanguage":"fr-BE"},{"@type":"Organization","@id":"https:\/\/syndicyourself.be\/fr\/#organization","name":"Syndic Yourself","url":"https:\/\/syndicyourself.be\/fr\/","logo":{"@type":"ImageObject","inLanguage":"fr-BE","@id":"https:\/\/syndicyourself.be\/fr\/#\/schema\/logo\/image\/","url":"https:\/\/syndicyourself.be\/wp-content\/uploads\/2022\/11\/logo.svg","contentUrl":"https:\/\/syndicyourself.be\/wp-content\/uploads\/2022\/11\/logo.svg","caption":"Syndic Yourself"},"image":{"@id":"https:\/\/syndicyourself.be\/fr\/#\/schema\/logo\/image\/"},"sameAs":["https:\/\/www.facebook.com\/syndic4you\/"]}]}},"_links":{"self":[{"href":"https:\/\/syndicyourself.be\/fr\/wp-json\/wp\/v2\/pages\/16915","targetHints":{"allow":["GET"]}}],"collection":[{"href":"https:\/\/syndicyourself.be\/fr\/wp-json\/wp\/v2\/pages"}],"about":[{"href":"https:\/\/syndicyourself.be\/fr\/wp-json\/wp\/v2\/types\/page"}],"author":[{"embeddable":true,"href":"https:\/\/syndicyourself.be\/fr\/wp-json\/wp\/v2\/users\/17"}],"replies":[{"embeddable":true,"href":"https:\/\/syndicyourself.be\/fr\/wp-json\/wp\/v2\/comments?post=16915"}],"version-history":[{"count":0,"href":"https:\/\/syndicyourself.be\/fr\/wp-json\/wp\/v2\/pages\/16915\/revisions"}],"up":[{"embeddable":true,"href":"https:\/\/syndicyourself.be\/fr\/wp-json\/wp\/v2\/pages\/16623"}],"wp:featuredmedia":[{"embeddable":true,"href":"https:\/\/syndicyourself.be\/fr\/wp-json\/wp\/v2\/media\/16916"}],"wp:attachment":[{"href":"https:\/\/syndicyourself.be\/fr\/wp-json\/wp\/v2\/media?parent=16915"}],"curies":[{"name":"wp","href":"https:\/\/api.w.org\/{rel}","templated":true}]}}