{"id":1750,"date":"2022-11-15T09:11:09","date_gmt":"2022-11-15T08:11:09","guid":{"rendered":"https:\/\/syndicyourself.be\/syndic-benevole\/mettre-en-place-un-syndic-benevole\/"},"modified":"2024-10-10T13:07:14","modified_gmt":"2024-10-10T11:07:14","slug":"mettre-en-place-un-syndic-benevole","status":"publish","type":"page","link":"https:\/\/syndicyourself.be\/fr\/syndic-benevole\/faq\/mettre-en-place-un-syndic-benevole\/","title":{"rendered":"Comment mettre en place un syndic b\u00e9n\u00e9vole ?"},"content":{"rendered":"","protected":false},"excerpt":{"rendered":"<p>Vous vivez dans un immeuble\u00a0en copropri\u00e9t\u00e9 ? Vous et les occupants, vous vous demandez alors s\u2019il est possible de mettre en place un syndic b\u00e9n\u00e9vole et comment le cr\u00e9er\u00a0? Avant toute chose, sachez qu\u2019un syndic b\u00e9n\u00e9vole n\u2019est autre qu\u2019une forme de syndic de copropri\u00e9t\u00e9 non professionnel.<\/p>\n","protected":false},"author":1,"featured_media":3353,"parent":1760,"menu_order":0,"comment_status":"closed","ping_status":"closed","template":"views\/template-single-silo.blade.php","meta":{"_acf_changed":false,"footnotes":""},"class_list":["post-1750","page","type-page","status-publish","has-post-thumbnail","hentry"],"acf":[],"yoast_head":"<!-- This site is optimized with the Yoast SEO plugin v27.4 - https:\/\/yoast.com\/product\/yoast-seo-wordpress\/ -->\n<title>Comment mettre en place un syndic b\u00e9n\u00e9vole ? - Syndic Yourself<\/title>\n<meta name=\"description\" content=\"Afin d\u2019en savoir plus sur la cr\u00e9ation d\u2019un syndic b\u00e9n\u00e9vole au sein de votre copropri\u00e9t\u00e9, Syndic yourself vous d\u00e9taille tout.\" \/>\n<meta name=\"robots\" content=\"index, follow, max-snippet:-1, max-image-preview:large, max-video-preview:-1\" \/>\n<link rel=\"canonical\" href=\"https:\/\/syndicyourself.be\/fr\/syndic-benevole\/faq\/mettre-en-place-un-syndic-benevole\/\" \/>\n<meta property=\"og:locale\" content=\"fr_FR\" \/>\n<meta property=\"og:type\" content=\"article\" \/>\n<meta property=\"og:title\" content=\"Comment mettre en place un syndic b\u00e9n\u00e9vole ? - Syndic Yourself\" \/>\n<meta property=\"og:description\" content=\"Afin d\u2019en savoir plus sur la cr\u00e9ation d\u2019un syndic b\u00e9n\u00e9vole au sein de votre copropri\u00e9t\u00e9, Syndic yourself vous d\u00e9taille tout.\" \/>\n<meta property=\"og:url\" content=\"https:\/\/syndicyourself.be\/fr\/syndic-benevole\/faq\/mettre-en-place-un-syndic-benevole\/\" \/>\n<meta property=\"og:site_name\" content=\"Syndic Yourself\" \/>\n<meta property=\"article:publisher\" content=\"https:\/\/www.facebook.com\/syndic4you\/\" \/>\n<meta property=\"article:modified_time\" content=\"2024-10-10T11:07:14+00:00\" \/>\n<meta property=\"og:image\" content=\"https:\/\/syndicyourself.be\/wp-content\/uploads\/2022\/11\/mettre-en-place-un-syndic-benevole.jpg\" \/>\n\t<meta property=\"og:image:width\" content=\"1800\" \/>\n\t<meta property=\"og:image:height\" content=\"856\" \/>\n\t<meta property=\"og:image:type\" content=\"image\/jpeg\" \/>\n<meta name=\"twitter:card\" content=\"summary_large_image\" \/>\n<meta name=\"twitter:label1\" content=\"Dur\u00e9e de lecture est.\" \/>\n\t<meta name=\"twitter:data1\" content=\"4 minutes\" \/>\n<script type=\"application\/ld+json\" class=\"yoast-schema-graph\">{\"@context\":\"https:\\\/\\\/schema.org\",\"@graph\":[{\"@type\":\"WebPage\",\"@id\":\"https:\\\/\\\/syndicyourself.be\\\/fr\\\/syndic-benevole\\\/faq\\\/mettre-en-place-un-syndic-benevole\\\/\",\"url\":\"https:\\\/\\\/syndicyourself.be\\\/fr\\\/syndic-benevole\\\/faq\\\/mettre-en-place-un-syndic-benevole\\\/\",\"name\":\"Comment mettre en place un syndic b\u00e9n\u00e9vole ? - Syndic Yourself\",\"isPartOf\":{\"@id\":\"https:\\\/\\\/syndicyourself.be\\\/fr\\\/#website\"},\"primaryImageOfPage\":{\"@id\":\"https:\\\/\\\/syndicyourself.be\\\/fr\\\/syndic-benevole\\\/faq\\\/mettre-en-place-un-syndic-benevole\\\/#primaryimage\"},\"image\":{\"@id\":\"https:\\\/\\\/syndicyourself.be\\\/fr\\\/syndic-benevole\\\/faq\\\/mettre-en-place-un-syndic-benevole\\\/#primaryimage\"},\"thumbnailUrl\":\"https:\\\/\\\/syndicyourself.be\\\/wp-content\\\/uploads\\\/2022\\\/11\\\/mettre-en-place-un-syndic-benevole.jpg\",\"datePublished\":\"2022-11-15T08:11:09+00:00\",\"dateModified\":\"2024-10-10T11:07:14+00:00\",\"description\":\"Afin d\u2019en savoir plus sur la cr\u00e9ation d\u2019un syndic b\u00e9n\u00e9vole au sein de votre copropri\u00e9t\u00e9, Syndic yourself vous d\u00e9taille tout.\",\"breadcrumb\":{\"@id\":\"https:\\\/\\\/syndicyourself.be\\\/fr\\\/syndic-benevole\\\/faq\\\/mettre-en-place-un-syndic-benevole\\\/#breadcrumb\"},\"inLanguage\":\"fr-BE\",\"potentialAction\":[{\"@type\":\"ReadAction\",\"target\":[\"https:\\\/\\\/syndicyourself.be\\\/fr\\\/syndic-benevole\\\/faq\\\/mettre-en-place-un-syndic-benevole\\\/\"]}]},{\"@type\":\"ImageObject\",\"inLanguage\":\"fr-BE\",\"@id\":\"https:\\\/\\\/syndicyourself.be\\\/fr\\\/syndic-benevole\\\/faq\\\/mettre-en-place-un-syndic-benevole\\\/#primaryimage\",\"url\":\"https:\\\/\\\/syndicyourself.be\\\/wp-content\\\/uploads\\\/2022\\\/11\\\/mettre-en-place-un-syndic-benevole.jpg\",\"contentUrl\":\"https:\\\/\\\/syndicyourself.be\\\/wp-content\\\/uploads\\\/2022\\\/11\\\/mettre-en-place-un-syndic-benevole.jpg\",\"width\":1800,\"height\":856,\"caption\":\"Mettre en place un syndic b\u00e9n\u00e9vole - Syndic de copropri\u00e9t\u00e9\"},{\"@type\":\"BreadcrumbList\",\"@id\":\"https:\\\/\\\/syndicyourself.be\\\/fr\\\/syndic-benevole\\\/faq\\\/mettre-en-place-un-syndic-benevole\\\/#breadcrumb\",\"itemListElement\":[{\"@type\":\"ListItem\",\"position\":1,\"name\":\"Accueil\",\"item\":\"https:\\\/\\\/syndicyourself.be\\\/fr\\\/\"},{\"@type\":\"ListItem\",\"position\":2,\"name\":\"Syndic b\u00e9n\u00e9vole\",\"item\":\"https:\\\/\\\/syndicyourself.be\\\/fr\\\/syndic-benevole\\\/\"},{\"@type\":\"ListItem\",\"position\":3,\"name\":\"Syndic b\u00e9n\u00e9vole : Les questions les plus pos\u00e9es\",\"item\":\"https:\\\/\\\/syndicyourself.be\\\/fr\\\/syndic-benevole\\\/faq\\\/\"},{\"@type\":\"ListItem\",\"position\":4,\"name\":\"Comment mettre en place un syndic b\u00e9n\u00e9vole ?\"}]},{\"@type\":\"WebSite\",\"@id\":\"https:\\\/\\\/syndicyourself.be\\\/fr\\\/#website\",\"url\":\"https:\\\/\\\/syndicyourself.be\\\/fr\\\/\",\"name\":\"Syndic Yourself\",\"description\":\"Le meilleur syndic, c&#039;est vous\",\"publisher\":{\"@id\":\"https:\\\/\\\/syndicyourself.be\\\/fr\\\/#organization\"},\"potentialAction\":[{\"@type\":\"SearchAction\",\"target\":{\"@type\":\"EntryPoint\",\"urlTemplate\":\"https:\\\/\\\/syndicyourself.be\\\/fr\\\/?s={search_term_string}\"},\"query-input\":{\"@type\":\"PropertyValueSpecification\",\"valueRequired\":true,\"valueName\":\"search_term_string\"}}],\"inLanguage\":\"fr-BE\"},{\"@type\":\"Organization\",\"@id\":\"https:\\\/\\\/syndicyourself.be\\\/fr\\\/#organization\",\"name\":\"Syndic Yourself\",\"url\":\"https:\\\/\\\/syndicyourself.be\\\/fr\\\/\",\"logo\":{\"@type\":\"ImageObject\",\"inLanguage\":\"fr-BE\",\"@id\":\"https:\\\/\\\/syndicyourself.be\\\/fr\\\/#\\\/schema\\\/logo\\\/image\\\/\",\"url\":\"https:\\\/\\\/syndicyourself.be\\\/wp-content\\\/uploads\\\/2022\\\/11\\\/logo.svg\",\"contentUrl\":\"https:\\\/\\\/syndicyourself.be\\\/wp-content\\\/uploads\\\/2022\\\/11\\\/logo.svg\",\"caption\":\"Syndic Yourself\"},\"image\":{\"@id\":\"https:\\\/\\\/syndicyourself.be\\\/fr\\\/#\\\/schema\\\/logo\\\/image\\\/\"},\"sameAs\":[\"https:\\\/\\\/www.facebook.com\\\/syndic4you\\\/\"]}]}<\/script>\n<!-- \/ Yoast SEO plugin. -->","yoast_head_json":{"title":"Comment mettre en place un syndic b\u00e9n\u00e9vole ? - Syndic Yourself","description":"Afin d\u2019en savoir plus sur la cr\u00e9ation d\u2019un syndic b\u00e9n\u00e9vole au sein de votre copropri\u00e9t\u00e9, Syndic yourself vous d\u00e9taille tout.","robots":{"index":"index","follow":"follow","max-snippet":"max-snippet:-1","max-image-preview":"max-image-preview:large","max-video-preview":"max-video-preview:-1"},"canonical":"https:\/\/syndicyourself.be\/fr\/syndic-benevole\/faq\/mettre-en-place-un-syndic-benevole\/","og_locale":"fr_FR","og_type":"article","og_title":"Comment mettre en place un syndic b\u00e9n\u00e9vole ? - Syndic Yourself","og_description":"Afin d\u2019en savoir plus sur la cr\u00e9ation d\u2019un syndic b\u00e9n\u00e9vole au sein de votre copropri\u00e9t\u00e9, Syndic yourself vous d\u00e9taille tout.","og_url":"https:\/\/syndicyourself.be\/fr\/syndic-benevole\/faq\/mettre-en-place-un-syndic-benevole\/","og_site_name":"Syndic Yourself","article_publisher":"https:\/\/www.facebook.com\/syndic4you\/","article_modified_time":"2024-10-10T11:07:14+00:00","og_image":[{"width":1800,"height":856,"url":"https:\/\/syndicyourself.be\/wp-content\/uploads\/2022\/11\/mettre-en-place-un-syndic-benevole.jpg","type":"image\/jpeg"}],"twitter_card":"summary_large_image","twitter_misc":{"Dur\u00e9e de lecture est.":"4 minutes"},"schema":{"@context":"https:\/\/schema.org","@graph":[{"@type":"WebPage","@id":"https:\/\/syndicyourself.be\/fr\/syndic-benevole\/faq\/mettre-en-place-un-syndic-benevole\/","url":"https:\/\/syndicyourself.be\/fr\/syndic-benevole\/faq\/mettre-en-place-un-syndic-benevole\/","name":"Comment mettre en place un syndic b\u00e9n\u00e9vole ? - Syndic Yourself","isPartOf":{"@id":"https:\/\/syndicyourself.be\/fr\/#website"},"primaryImageOfPage":{"@id":"https:\/\/syndicyourself.be\/fr\/syndic-benevole\/faq\/mettre-en-place-un-syndic-benevole\/#primaryimage"},"image":{"@id":"https:\/\/syndicyourself.be\/fr\/syndic-benevole\/faq\/mettre-en-place-un-syndic-benevole\/#primaryimage"},"thumbnailUrl":"https:\/\/syndicyourself.be\/wp-content\/uploads\/2022\/11\/mettre-en-place-un-syndic-benevole.jpg","datePublished":"2022-11-15T08:11:09+00:00","dateModified":"2024-10-10T11:07:14+00:00","description":"Afin d\u2019en savoir plus sur la cr\u00e9ation d\u2019un syndic b\u00e9n\u00e9vole au sein de votre copropri\u00e9t\u00e9, Syndic yourself vous d\u00e9taille tout.","breadcrumb":{"@id":"https:\/\/syndicyourself.be\/fr\/syndic-benevole\/faq\/mettre-en-place-un-syndic-benevole\/#breadcrumb"},"inLanguage":"fr-BE","potentialAction":[{"@type":"ReadAction","target":["https:\/\/syndicyourself.be\/fr\/syndic-benevole\/faq\/mettre-en-place-un-syndic-benevole\/"]}]},{"@type":"ImageObject","inLanguage":"fr-BE","@id":"https:\/\/syndicyourself.be\/fr\/syndic-benevole\/faq\/mettre-en-place-un-syndic-benevole\/#primaryimage","url":"https:\/\/syndicyourself.be\/wp-content\/uploads\/2022\/11\/mettre-en-place-un-syndic-benevole.jpg","contentUrl":"https:\/\/syndicyourself.be\/wp-content\/uploads\/2022\/11\/mettre-en-place-un-syndic-benevole.jpg","width":1800,"height":856,"caption":"Mettre en place un syndic b\u00e9n\u00e9vole - Syndic de copropri\u00e9t\u00e9"},{"@type":"BreadcrumbList","@id":"https:\/\/syndicyourself.be\/fr\/syndic-benevole\/faq\/mettre-en-place-un-syndic-benevole\/#breadcrumb","itemListElement":[{"@type":"ListItem","position":1,"name":"Accueil","item":"https:\/\/syndicyourself.be\/fr\/"},{"@type":"ListItem","position":2,"name":"Syndic b\u00e9n\u00e9vole","item":"https:\/\/syndicyourself.be\/fr\/syndic-benevole\/"},{"@type":"ListItem","position":3,"name":"Syndic b\u00e9n\u00e9vole : Les questions les plus pos\u00e9es","item":"https:\/\/syndicyourself.be\/fr\/syndic-benevole\/faq\/"},{"@type":"ListItem","position":4,"name":"Comment mettre en place un syndic b\u00e9n\u00e9vole ?"}]},{"@type":"WebSite","@id":"https:\/\/syndicyourself.be\/fr\/#website","url":"https:\/\/syndicyourself.be\/fr\/","name":"Syndic Yourself","description":"Le meilleur syndic, c&#039;est vous","publisher":{"@id":"https:\/\/syndicyourself.be\/fr\/#organization"},"potentialAction":[{"@type":"SearchAction","target":{"@type":"EntryPoint","urlTemplate":"https:\/\/syndicyourself.be\/fr\/?s={search_term_string}"},"query-input":{"@type":"PropertyValueSpecification","valueRequired":true,"valueName":"search_term_string"}}],"inLanguage":"fr-BE"},{"@type":"Organization","@id":"https:\/\/syndicyourself.be\/fr\/#organization","name":"Syndic Yourself","url":"https:\/\/syndicyourself.be\/fr\/","logo":{"@type":"ImageObject","inLanguage":"fr-BE","@id":"https:\/\/syndicyourself.be\/fr\/#\/schema\/logo\/image\/","url":"https:\/\/syndicyourself.be\/wp-content\/uploads\/2022\/11\/logo.svg","contentUrl":"https:\/\/syndicyourself.be\/wp-content\/uploads\/2022\/11\/logo.svg","caption":"Syndic Yourself"},"image":{"@id":"https:\/\/syndicyourself.be\/fr\/#\/schema\/logo\/image\/"},"sameAs":["https:\/\/www.facebook.com\/syndic4you\/"]}]}},"_links":{"self":[{"href":"https:\/\/syndicyourself.be\/fr\/wp-json\/wp\/v2\/pages\/1750","targetHints":{"allow":["GET"]}}],"collection":[{"href":"https:\/\/syndicyourself.be\/fr\/wp-json\/wp\/v2\/pages"}],"about":[{"href":"https:\/\/syndicyourself.be\/fr\/wp-json\/wp\/v2\/types\/page"}],"author":[{"embeddable":true,"href":"https:\/\/syndicyourself.be\/fr\/wp-json\/wp\/v2\/users\/1"}],"replies":[{"embeddable":true,"href":"https:\/\/syndicyourself.be\/fr\/wp-json\/wp\/v2\/comments?post=1750"}],"version-history":[{"count":0,"href":"https:\/\/syndicyourself.be\/fr\/wp-json\/wp\/v2\/pages\/1750\/revisions"}],"up":[{"embeddable":true,"href":"https:\/\/syndicyourself.be\/fr\/wp-json\/wp\/v2\/pages\/1760"}],"wp:featuredmedia":[{"embeddable":true,"href":"https:\/\/syndicyourself.be\/fr\/wp-json\/wp\/v2\/media\/3353"}],"wp:attachment":[{"href":"https:\/\/syndicyourself.be\/fr\/wp-json\/wp\/v2\/media?parent=1750"}],"curies":[{"name":"wp","href":"https:\/\/api.w.org\/{rel}","templated":true}]}}