{"id":1752,"date":"2022-11-15T09:11:09","date_gmt":"2022-11-15T08:11:09","guid":{"rendered":"https:\/\/syndicyourself.be\/syndic-benevole\/est-ce-possible\/"},"modified":"2025-05-06T16:24:23","modified_gmt":"2025-05-06T14:24:23","slug":"est-ce-possible","status":"publish","type":"page","link":"https:\/\/syndicyourself.be\/fr\/syndic-benevole\/copropriete-sans-syndic\/est-ce-possible\/","title":{"rendered":"Copropri\u00e9t\u00e9 sans syndic de copropri\u00e9t\u00e9 : est-ce possible?"},"content":{"rendered":"","protected":false},"excerpt":{"rendered":"<p>Que vous viviez dans un grand immeuble, ou que vous soyez l\u2019heureux occupant d\u2019un petit espace, selon la loi belge, la copropri\u00e9t\u00e9 ne doit jamais \u00eatre d\u00e9pourvue de syndic. Tour d\u2019horizon sur la l\u00e9gislation !<\/p>\n","protected":false},"author":1,"featured_media":3308,"parent":1764,"menu_order":0,"comment_status":"closed","ping_status":"closed","template":"views\/template-single-silo.blade.php","meta":{"_acf_changed":false,"footnotes":""},"class_list":["post-1752","page","type-page","status-publish","has-post-thumbnail","hentry"],"acf":[],"yoast_head":"<!-- This site is optimized with the Yoast SEO plugin v27.4 - https:\/\/yoast.com\/product\/yoast-seo-wordpress\/ -->\n<title>Copropri\u00e9t\u00e9 sans syndic de copropri\u00e9t\u00e9? Syndic petite copropri\u00e9t\u00e9<\/title>\n<meta name=\"description\" content=\"Nominer un syndic, qu\u2019il soit b\u00e9n\u00e9vole ou professionnel, est obligatoire, \u00e0 partir de deux propri\u00e9taires au sein du b\u00e2timent. Explications\" \/>\n<meta name=\"robots\" content=\"index, follow, max-snippet:-1, max-image-preview:large, max-video-preview:-1\" \/>\n<link rel=\"canonical\" href=\"https:\/\/syndicyourself.be\/fr\/syndic-benevole\/copropriete-sans-syndic\/est-ce-possible\/\" \/>\n<meta property=\"og:locale\" content=\"fr_FR\" \/>\n<meta property=\"og:type\" content=\"article\" \/>\n<meta property=\"og:title\" content=\"Copropri\u00e9t\u00e9 sans syndic de copropri\u00e9t\u00e9? Syndic petite copropri\u00e9t\u00e9\" \/>\n<meta property=\"og:description\" content=\"Nominer un syndic, qu\u2019il soit b\u00e9n\u00e9vole ou professionnel, est obligatoire, \u00e0 partir de deux propri\u00e9taires au sein du b\u00e2timent. Explications\" \/>\n<meta property=\"og:url\" content=\"https:\/\/syndicyourself.be\/fr\/syndic-benevole\/copropriete-sans-syndic\/est-ce-possible\/\" \/>\n<meta property=\"og:site_name\" content=\"Syndic Yourself\" \/>\n<meta property=\"article:publisher\" content=\"https:\/\/www.facebook.com\/syndic4you\/\" \/>\n<meta property=\"article:modified_time\" content=\"2025-05-06T14:24:23+00:00\" \/>\n<meta property=\"og:image\" content=\"https:\/\/syndicyourself.be\/wp-content\/uploads\/2022\/11\/copropriete-sans-syndic-est-ce-possible.jpg\" \/>\n\t<meta property=\"og:image:width\" content=\"1200\" \/>\n\t<meta property=\"og:image:height\" content=\"800\" \/>\n\t<meta property=\"og:image:type\" content=\"image\/jpeg\" \/>\n<meta name=\"twitter:card\" content=\"summary_large_image\" \/>\n<meta name=\"twitter:label1\" content=\"Dur\u00e9e de lecture est.\" \/>\n\t<meta name=\"twitter:data1\" content=\"4 minutes\" \/>\n<script type=\"application\/ld+json\" class=\"yoast-schema-graph\">{\"@context\":\"https:\\\/\\\/schema.org\",\"@graph\":[{\"@type\":\"WebPage\",\"@id\":\"https:\\\/\\\/syndicyourself.be\\\/fr\\\/syndic-benevole\\\/copropriete-sans-syndic\\\/est-ce-possible\\\/\",\"url\":\"https:\\\/\\\/syndicyourself.be\\\/fr\\\/syndic-benevole\\\/copropriete-sans-syndic\\\/est-ce-possible\\\/\",\"name\":\"Copropri\u00e9t\u00e9 sans syndic de copropri\u00e9t\u00e9? Syndic petite copropri\u00e9t\u00e9\",\"isPartOf\":{\"@id\":\"https:\\\/\\\/syndicyourself.be\\\/fr\\\/#website\"},\"primaryImageOfPage\":{\"@id\":\"https:\\\/\\\/syndicyourself.be\\\/fr\\\/syndic-benevole\\\/copropriete-sans-syndic\\\/est-ce-possible\\\/#primaryimage\"},\"image\":{\"@id\":\"https:\\\/\\\/syndicyourself.be\\\/fr\\\/syndic-benevole\\\/copropriete-sans-syndic\\\/est-ce-possible\\\/#primaryimage\"},\"thumbnailUrl\":\"https:\\\/\\\/syndicyourself.be\\\/wp-content\\\/uploads\\\/2022\\\/11\\\/copropriete-sans-syndic-est-ce-possible.jpg\",\"datePublished\":\"2022-11-15T08:11:09+00:00\",\"dateModified\":\"2025-05-06T14:24:23+00:00\",\"description\":\"Nominer un syndic, qu\u2019il soit b\u00e9n\u00e9vole ou professionnel, est obligatoire, \u00e0 partir de deux propri\u00e9taires au sein du b\u00e2timent. Explications\",\"breadcrumb\":{\"@id\":\"https:\\\/\\\/syndicyourself.be\\\/fr\\\/syndic-benevole\\\/copropriete-sans-syndic\\\/est-ce-possible\\\/#breadcrumb\"},\"inLanguage\":\"fr-BE\",\"potentialAction\":[{\"@type\":\"ReadAction\",\"target\":[\"https:\\\/\\\/syndicyourself.be\\\/fr\\\/syndic-benevole\\\/copropriete-sans-syndic\\\/est-ce-possible\\\/\"]}]},{\"@type\":\"ImageObject\",\"inLanguage\":\"fr-BE\",\"@id\":\"https:\\\/\\\/syndicyourself.be\\\/fr\\\/syndic-benevole\\\/copropriete-sans-syndic\\\/est-ce-possible\\\/#primaryimage\",\"url\":\"https:\\\/\\\/syndicyourself.be\\\/wp-content\\\/uploads\\\/2022\\\/11\\\/copropriete-sans-syndic-est-ce-possible.jpg\",\"contentUrl\":\"https:\\\/\\\/syndicyourself.be\\\/wp-content\\\/uploads\\\/2022\\\/11\\\/copropriete-sans-syndic-est-ce-possible.jpg\",\"width\":1200,\"height\":800,\"caption\":\"Copropri\u00e9t\u00e9 sans syndic : est-ce possible - Syndic B\u00e9n\u00e9vole\"},{\"@type\":\"BreadcrumbList\",\"@id\":\"https:\\\/\\\/syndicyourself.be\\\/fr\\\/syndic-benevole\\\/copropriete-sans-syndic\\\/est-ce-possible\\\/#breadcrumb\",\"itemListElement\":[{\"@type\":\"ListItem\",\"position\":1,\"name\":\"Accueil\",\"item\":\"https:\\\/\\\/syndicyourself.be\\\/fr\\\/\"},{\"@type\":\"ListItem\",\"position\":2,\"name\":\"Syndic b\u00e9n\u00e9vole\",\"item\":\"https:\\\/\\\/syndicyourself.be\\\/fr\\\/syndic-benevole\\\/\"},{\"@type\":\"ListItem\",\"position\":3,\"name\":\"Copropri\u00e9t\u00e9 sans syndic de copropri\u00e9t\u00e9\",\"item\":\"https:\\\/\\\/syndicyourself.be\\\/fr\\\/syndic-benevole\\\/copropriete-sans-syndic\\\/\"},{\"@type\":\"ListItem\",\"position\":4,\"name\":\"Copropri\u00e9t\u00e9 sans syndic de copropri\u00e9t\u00e9 : est-ce possible?\"}]},{\"@type\":\"WebSite\",\"@id\":\"https:\\\/\\\/syndicyourself.be\\\/fr\\\/#website\",\"url\":\"https:\\\/\\\/syndicyourself.be\\\/fr\\\/\",\"name\":\"Syndic Yourself\",\"description\":\"Le meilleur syndic, c&#039;est vous\",\"publisher\":{\"@id\":\"https:\\\/\\\/syndicyourself.be\\\/fr\\\/#organization\"},\"potentialAction\":[{\"@type\":\"SearchAction\",\"target\":{\"@type\":\"EntryPoint\",\"urlTemplate\":\"https:\\\/\\\/syndicyourself.be\\\/fr\\\/?s={search_term_string}\"},\"query-input\":{\"@type\":\"PropertyValueSpecification\",\"valueRequired\":true,\"valueName\":\"search_term_string\"}}],\"inLanguage\":\"fr-BE\"},{\"@type\":\"Organization\",\"@id\":\"https:\\\/\\\/syndicyourself.be\\\/fr\\\/#organization\",\"name\":\"Syndic Yourself\",\"url\":\"https:\\\/\\\/syndicyourself.be\\\/fr\\\/\",\"logo\":{\"@type\":\"ImageObject\",\"inLanguage\":\"fr-BE\",\"@id\":\"https:\\\/\\\/syndicyourself.be\\\/fr\\\/#\\\/schema\\\/logo\\\/image\\\/\",\"url\":\"https:\\\/\\\/syndicyourself.be\\\/wp-content\\\/uploads\\\/2022\\\/11\\\/logo.svg\",\"contentUrl\":\"https:\\\/\\\/syndicyourself.be\\\/wp-content\\\/uploads\\\/2022\\\/11\\\/logo.svg\",\"caption\":\"Syndic Yourself\"},\"image\":{\"@id\":\"https:\\\/\\\/syndicyourself.be\\\/fr\\\/#\\\/schema\\\/logo\\\/image\\\/\"},\"sameAs\":[\"https:\\\/\\\/www.facebook.com\\\/syndic4you\\\/\"]}]}<\/script>\n<!-- \/ Yoast SEO plugin. -->","yoast_head_json":{"title":"Copropri\u00e9t\u00e9 sans syndic de copropri\u00e9t\u00e9? Syndic petite copropri\u00e9t\u00e9","description":"Nominer un syndic, qu\u2019il soit b\u00e9n\u00e9vole ou professionnel, est obligatoire, \u00e0 partir de deux propri\u00e9taires au sein du b\u00e2timent. Explications","robots":{"index":"index","follow":"follow","max-snippet":"max-snippet:-1","max-image-preview":"max-image-preview:large","max-video-preview":"max-video-preview:-1"},"canonical":"https:\/\/syndicyourself.be\/fr\/syndic-benevole\/copropriete-sans-syndic\/est-ce-possible\/","og_locale":"fr_FR","og_type":"article","og_title":"Copropri\u00e9t\u00e9 sans syndic de copropri\u00e9t\u00e9? Syndic petite copropri\u00e9t\u00e9","og_description":"Nominer un syndic, qu\u2019il soit b\u00e9n\u00e9vole ou professionnel, est obligatoire, \u00e0 partir de deux propri\u00e9taires au sein du b\u00e2timent. Explications","og_url":"https:\/\/syndicyourself.be\/fr\/syndic-benevole\/copropriete-sans-syndic\/est-ce-possible\/","og_site_name":"Syndic Yourself","article_publisher":"https:\/\/www.facebook.com\/syndic4you\/","article_modified_time":"2025-05-06T14:24:23+00:00","og_image":[{"width":1200,"height":800,"url":"https:\/\/syndicyourself.be\/wp-content\/uploads\/2022\/11\/copropriete-sans-syndic-est-ce-possible.jpg","type":"image\/jpeg"}],"twitter_card":"summary_large_image","twitter_misc":{"Dur\u00e9e de lecture est.":"4 minutes"},"schema":{"@context":"https:\/\/schema.org","@graph":[{"@type":"WebPage","@id":"https:\/\/syndicyourself.be\/fr\/syndic-benevole\/copropriete-sans-syndic\/est-ce-possible\/","url":"https:\/\/syndicyourself.be\/fr\/syndic-benevole\/copropriete-sans-syndic\/est-ce-possible\/","name":"Copropri\u00e9t\u00e9 sans syndic de copropri\u00e9t\u00e9? Syndic petite copropri\u00e9t\u00e9","isPartOf":{"@id":"https:\/\/syndicyourself.be\/fr\/#website"},"primaryImageOfPage":{"@id":"https:\/\/syndicyourself.be\/fr\/syndic-benevole\/copropriete-sans-syndic\/est-ce-possible\/#primaryimage"},"image":{"@id":"https:\/\/syndicyourself.be\/fr\/syndic-benevole\/copropriete-sans-syndic\/est-ce-possible\/#primaryimage"},"thumbnailUrl":"https:\/\/syndicyourself.be\/wp-content\/uploads\/2022\/11\/copropriete-sans-syndic-est-ce-possible.jpg","datePublished":"2022-11-15T08:11:09+00:00","dateModified":"2025-05-06T14:24:23+00:00","description":"Nominer un syndic, qu\u2019il soit b\u00e9n\u00e9vole ou professionnel, est obligatoire, \u00e0 partir de deux propri\u00e9taires au sein du b\u00e2timent. Explications","breadcrumb":{"@id":"https:\/\/syndicyourself.be\/fr\/syndic-benevole\/copropriete-sans-syndic\/est-ce-possible\/#breadcrumb"},"inLanguage":"fr-BE","potentialAction":[{"@type":"ReadAction","target":["https:\/\/syndicyourself.be\/fr\/syndic-benevole\/copropriete-sans-syndic\/est-ce-possible\/"]}]},{"@type":"ImageObject","inLanguage":"fr-BE","@id":"https:\/\/syndicyourself.be\/fr\/syndic-benevole\/copropriete-sans-syndic\/est-ce-possible\/#primaryimage","url":"https:\/\/syndicyourself.be\/wp-content\/uploads\/2022\/11\/copropriete-sans-syndic-est-ce-possible.jpg","contentUrl":"https:\/\/syndicyourself.be\/wp-content\/uploads\/2022\/11\/copropriete-sans-syndic-est-ce-possible.jpg","width":1200,"height":800,"caption":"Copropri\u00e9t\u00e9 sans syndic : est-ce possible - Syndic B\u00e9n\u00e9vole"},{"@type":"BreadcrumbList","@id":"https:\/\/syndicyourself.be\/fr\/syndic-benevole\/copropriete-sans-syndic\/est-ce-possible\/#breadcrumb","itemListElement":[{"@type":"ListItem","position":1,"name":"Accueil","item":"https:\/\/syndicyourself.be\/fr\/"},{"@type":"ListItem","position":2,"name":"Syndic b\u00e9n\u00e9vole","item":"https:\/\/syndicyourself.be\/fr\/syndic-benevole\/"},{"@type":"ListItem","position":3,"name":"Copropri\u00e9t\u00e9 sans syndic de copropri\u00e9t\u00e9","item":"https:\/\/syndicyourself.be\/fr\/syndic-benevole\/copropriete-sans-syndic\/"},{"@type":"ListItem","position":4,"name":"Copropri\u00e9t\u00e9 sans syndic de copropri\u00e9t\u00e9 : est-ce possible?"}]},{"@type":"WebSite","@id":"https:\/\/syndicyourself.be\/fr\/#website","url":"https:\/\/syndicyourself.be\/fr\/","name":"Syndic Yourself","description":"Le meilleur syndic, c&#039;est vous","publisher":{"@id":"https:\/\/syndicyourself.be\/fr\/#organization"},"potentialAction":[{"@type":"SearchAction","target":{"@type":"EntryPoint","urlTemplate":"https:\/\/syndicyourself.be\/fr\/?s={search_term_string}"},"query-input":{"@type":"PropertyValueSpecification","valueRequired":true,"valueName":"search_term_string"}}],"inLanguage":"fr-BE"},{"@type":"Organization","@id":"https:\/\/syndicyourself.be\/fr\/#organization","name":"Syndic Yourself","url":"https:\/\/syndicyourself.be\/fr\/","logo":{"@type":"ImageObject","inLanguage":"fr-BE","@id":"https:\/\/syndicyourself.be\/fr\/#\/schema\/logo\/image\/","url":"https:\/\/syndicyourself.be\/wp-content\/uploads\/2022\/11\/logo.svg","contentUrl":"https:\/\/syndicyourself.be\/wp-content\/uploads\/2022\/11\/logo.svg","caption":"Syndic Yourself"},"image":{"@id":"https:\/\/syndicyourself.be\/fr\/#\/schema\/logo\/image\/"},"sameAs":["https:\/\/www.facebook.com\/syndic4you\/"]}]}},"_links":{"self":[{"href":"https:\/\/syndicyourself.be\/fr\/wp-json\/wp\/v2\/pages\/1752","targetHints":{"allow":["GET"]}}],"collection":[{"href":"https:\/\/syndicyourself.be\/fr\/wp-json\/wp\/v2\/pages"}],"about":[{"href":"https:\/\/syndicyourself.be\/fr\/wp-json\/wp\/v2\/types\/page"}],"author":[{"embeddable":true,"href":"https:\/\/syndicyourself.be\/fr\/wp-json\/wp\/v2\/users\/1"}],"replies":[{"embeddable":true,"href":"https:\/\/syndicyourself.be\/fr\/wp-json\/wp\/v2\/comments?post=1752"}],"version-history":[{"count":0,"href":"https:\/\/syndicyourself.be\/fr\/wp-json\/wp\/v2\/pages\/1752\/revisions"}],"up":[{"embeddable":true,"href":"https:\/\/syndicyourself.be\/fr\/wp-json\/wp\/v2\/pages\/1764"}],"wp:featuredmedia":[{"embeddable":true,"href":"https:\/\/syndicyourself.be\/fr\/wp-json\/wp\/v2\/media\/3308"}],"wp:attachment":[{"href":"https:\/\/syndicyourself.be\/fr\/wp-json\/wp\/v2\/media?parent=1752"}],"curies":[{"name":"wp","href":"https:\/\/api.w.org\/{rel}","templated":true}]}}