{"id":1756,"date":"2022-11-15T09:11:09","date_gmt":"2022-11-15T08:11:09","guid":{"rendered":"https:\/\/syndicyourself.be\/syndic-benevole\/modele-de-lettre-demission-syndic-benevole\/"},"modified":"2025-05-06T16:45:17","modified_gmt":"2025-05-06T14:45:17","slug":"modele-de-lettre-demission-syndic-benevole","status":"publish","type":"page","link":"https:\/\/syndicyourself.be\/fr\/syndic-benevole\/conseils-pratiques\/modele-de-lettre-demission-syndic-benevole\/","title":{"rendered":"Mod\u00e8le de lettre : D\u00e9mission du syndic b\u00e9n\u00e9vole"},"content":{"rendered":"","protected":false},"excerpt":{"rendered":"<p>Vous exercez les missions du syndic b\u00e9n\u00e9vole depuis quelque temps\u00a0? Mais, malheureusement, des contraintes dans votre vie professionnelle et personnelle vous emp\u00eachent de continuer les diff\u00e9rentes t\u00e2ches avec implication\u00a0? Dans cet article, Syndic Yourself fait le point pour vous.<\/p>\n","protected":false},"author":1,"featured_media":3324,"parent":1755,"menu_order":0,"comment_status":"closed","ping_status":"closed","template":"views\/template-single-silo.blade.php","meta":{"_acf_changed":false,"footnotes":""},"class_list":["post-1756","page","type-page","status-publish","has-post-thumbnail","hentry"],"acf":[],"yoast_head":"<!-- This site is optimized with the Yoast SEO plugin v27.4 - https:\/\/yoast.com\/product\/yoast-seo-wordpress\/ -->\n<title>D\u00e9mission syndic b\u00e9n\u00e9vole: mod\u00e8le de lettre I Syndic copropri\u00e9t\u00e9<\/title>\n<meta name=\"description\" content=\"Vous exercez les missions du syndic b\u00e9n\u00e9vole mais que des contraintes vous emp\u00eachent de continuer ? Syndic yourself fait le point pour vous.\" \/>\n<meta name=\"robots\" content=\"index, follow, max-snippet:-1, max-image-preview:large, max-video-preview:-1\" \/>\n<link rel=\"canonical\" href=\"https:\/\/syndicyourself.be\/fr\/syndic-benevole\/conseils-pratiques\/modele-de-lettre-demission-syndic-benevole\/\" \/>\n<meta property=\"og:locale\" content=\"fr_FR\" \/>\n<meta property=\"og:type\" content=\"article\" \/>\n<meta property=\"og:title\" content=\"D\u00e9mission syndic b\u00e9n\u00e9vole: mod\u00e8le de lettre I Syndic copropri\u00e9t\u00e9\" \/>\n<meta property=\"og:description\" content=\"Vous exercez les missions du syndic b\u00e9n\u00e9vole mais que des contraintes vous emp\u00eachent de continuer ? Syndic yourself fait le point pour vous.\" \/>\n<meta property=\"og:url\" content=\"https:\/\/syndicyourself.be\/fr\/syndic-benevole\/conseils-pratiques\/modele-de-lettre-demission-syndic-benevole\/\" \/>\n<meta property=\"og:site_name\" content=\"Syndic Yourself\" \/>\n<meta property=\"article:publisher\" content=\"https:\/\/www.facebook.com\/syndic4you\/\" \/>\n<meta property=\"article:modified_time\" content=\"2025-05-06T14:45:17+00:00\" \/>\n<meta property=\"og:image\" content=\"https:\/\/syndicyourself.be\/wp-content\/uploads\/2022\/11\/modele-lettre-demission-syndic-benevole.jpg\" \/>\n\t<meta property=\"og:image:width\" content=\"1200\" \/>\n\t<meta property=\"og:image:height\" content=\"800\" \/>\n\t<meta property=\"og:image:type\" content=\"image\/jpeg\" \/>\n<meta name=\"twitter:card\" content=\"summary_large_image\" \/>\n<meta name=\"twitter:label1\" content=\"Dur\u00e9e de lecture est.\" \/>\n\t<meta name=\"twitter:data1\" content=\"4 minutes\" \/>\n<script type=\"application\/ld+json\" class=\"yoast-schema-graph\">{\"@context\":\"https:\\\/\\\/schema.org\",\"@graph\":[{\"@type\":\"WebPage\",\"@id\":\"https:\\\/\\\/syndicyourself.be\\\/fr\\\/syndic-benevole\\\/conseils-pratiques\\\/modele-de-lettre-demission-syndic-benevole\\\/\",\"url\":\"https:\\\/\\\/syndicyourself.be\\\/fr\\\/syndic-benevole\\\/conseils-pratiques\\\/modele-de-lettre-demission-syndic-benevole\\\/\",\"name\":\"D\u00e9mission syndic b\u00e9n\u00e9vole: mod\u00e8le de lettre I Syndic copropri\u00e9t\u00e9\",\"isPartOf\":{\"@id\":\"https:\\\/\\\/syndicyourself.be\\\/fr\\\/#website\"},\"primaryImageOfPage\":{\"@id\":\"https:\\\/\\\/syndicyourself.be\\\/fr\\\/syndic-benevole\\\/conseils-pratiques\\\/modele-de-lettre-demission-syndic-benevole\\\/#primaryimage\"},\"image\":{\"@id\":\"https:\\\/\\\/syndicyourself.be\\\/fr\\\/syndic-benevole\\\/conseils-pratiques\\\/modele-de-lettre-demission-syndic-benevole\\\/#primaryimage\"},\"thumbnailUrl\":\"https:\\\/\\\/syndicyourself.be\\\/wp-content\\\/uploads\\\/2022\\\/11\\\/modele-lettre-demission-syndic-benevole.jpg\",\"datePublished\":\"2022-11-15T08:11:09+00:00\",\"dateModified\":\"2025-05-06T14:45:17+00:00\",\"description\":\"Vous exercez les missions du syndic b\u00e9n\u00e9vole mais que des contraintes vous emp\u00eachent de continuer ? Syndic yourself fait le point pour vous.\",\"breadcrumb\":{\"@id\":\"https:\\\/\\\/syndicyourself.be\\\/fr\\\/syndic-benevole\\\/conseils-pratiques\\\/modele-de-lettre-demission-syndic-benevole\\\/#breadcrumb\"},\"inLanguage\":\"fr-BE\",\"potentialAction\":[{\"@type\":\"ReadAction\",\"target\":[\"https:\\\/\\\/syndicyourself.be\\\/fr\\\/syndic-benevole\\\/conseils-pratiques\\\/modele-de-lettre-demission-syndic-benevole\\\/\"]}]},{\"@type\":\"ImageObject\",\"inLanguage\":\"fr-BE\",\"@id\":\"https:\\\/\\\/syndicyourself.be\\\/fr\\\/syndic-benevole\\\/conseils-pratiques\\\/modele-de-lettre-demission-syndic-benevole\\\/#primaryimage\",\"url\":\"https:\\\/\\\/syndicyourself.be\\\/wp-content\\\/uploads\\\/2022\\\/11\\\/modele-lettre-demission-syndic-benevole.jpg\",\"contentUrl\":\"https:\\\/\\\/syndicyourself.be\\\/wp-content\\\/uploads\\\/2022\\\/11\\\/modele-lettre-demission-syndic-benevole.jpg\",\"width\":1200,\"height\":800,\"caption\":\"Mod\u00e8le de lettre d\u00e9mission du syndic b\u00e9n\u00e9vole - Syndic de copropri\u00e9t\u00e9\"},{\"@type\":\"BreadcrumbList\",\"@id\":\"https:\\\/\\\/syndicyourself.be\\\/fr\\\/syndic-benevole\\\/conseils-pratiques\\\/modele-de-lettre-demission-syndic-benevole\\\/#breadcrumb\",\"itemListElement\":[{\"@type\":\"ListItem\",\"position\":1,\"name\":\"Accueil\",\"item\":\"https:\\\/\\\/syndicyourself.be\\\/fr\\\/\"},{\"@type\":\"ListItem\",\"position\":2,\"name\":\"Syndic b\u00e9n\u00e9vole\",\"item\":\"https:\\\/\\\/syndicyourself.be\\\/fr\\\/syndic-benevole\\\/\"},{\"@type\":\"ListItem\",\"position\":3,\"name\":\"Toolbox du syndic de copropri\u00e9te\",\"item\":\"https:\\\/\\\/syndicyourself.be\\\/fr\\\/syndic-benevole\\\/conseils-pratiques\\\/\"},{\"@type\":\"ListItem\",\"position\":4,\"name\":\"Mod\u00e8le de lettre : D\u00e9mission du syndic b\u00e9n\u00e9vole\"}]},{\"@type\":\"WebSite\",\"@id\":\"https:\\\/\\\/syndicyourself.be\\\/fr\\\/#website\",\"url\":\"https:\\\/\\\/syndicyourself.be\\\/fr\\\/\",\"name\":\"Syndic Yourself\",\"description\":\"Le meilleur syndic, c&#039;est vous\",\"publisher\":{\"@id\":\"https:\\\/\\\/syndicyourself.be\\\/fr\\\/#organization\"},\"potentialAction\":[{\"@type\":\"SearchAction\",\"target\":{\"@type\":\"EntryPoint\",\"urlTemplate\":\"https:\\\/\\\/syndicyourself.be\\\/fr\\\/?s={search_term_string}\"},\"query-input\":{\"@type\":\"PropertyValueSpecification\",\"valueRequired\":true,\"valueName\":\"search_term_string\"}}],\"inLanguage\":\"fr-BE\"},{\"@type\":\"Organization\",\"@id\":\"https:\\\/\\\/syndicyourself.be\\\/fr\\\/#organization\",\"name\":\"Syndic Yourself\",\"url\":\"https:\\\/\\\/syndicyourself.be\\\/fr\\\/\",\"logo\":{\"@type\":\"ImageObject\",\"inLanguage\":\"fr-BE\",\"@id\":\"https:\\\/\\\/syndicyourself.be\\\/fr\\\/#\\\/schema\\\/logo\\\/image\\\/\",\"url\":\"https:\\\/\\\/syndicyourself.be\\\/wp-content\\\/uploads\\\/2022\\\/11\\\/logo.svg\",\"contentUrl\":\"https:\\\/\\\/syndicyourself.be\\\/wp-content\\\/uploads\\\/2022\\\/11\\\/logo.svg\",\"caption\":\"Syndic Yourself\"},\"image\":{\"@id\":\"https:\\\/\\\/syndicyourself.be\\\/fr\\\/#\\\/schema\\\/logo\\\/image\\\/\"},\"sameAs\":[\"https:\\\/\\\/www.facebook.com\\\/syndic4you\\\/\"]}]}<\/script>\n<!-- \/ Yoast SEO plugin. -->","yoast_head_json":{"title":"D\u00e9mission syndic b\u00e9n\u00e9vole: mod\u00e8le de lettre I Syndic copropri\u00e9t\u00e9","description":"Vous exercez les missions du syndic b\u00e9n\u00e9vole mais que des contraintes vous emp\u00eachent de continuer ? Syndic yourself fait le point pour vous.","robots":{"index":"index","follow":"follow","max-snippet":"max-snippet:-1","max-image-preview":"max-image-preview:large","max-video-preview":"max-video-preview:-1"},"canonical":"https:\/\/syndicyourself.be\/fr\/syndic-benevole\/conseils-pratiques\/modele-de-lettre-demission-syndic-benevole\/","og_locale":"fr_FR","og_type":"article","og_title":"D\u00e9mission syndic b\u00e9n\u00e9vole: mod\u00e8le de lettre I Syndic copropri\u00e9t\u00e9","og_description":"Vous exercez les missions du syndic b\u00e9n\u00e9vole mais que des contraintes vous emp\u00eachent de continuer ? Syndic yourself fait le point pour vous.","og_url":"https:\/\/syndicyourself.be\/fr\/syndic-benevole\/conseils-pratiques\/modele-de-lettre-demission-syndic-benevole\/","og_site_name":"Syndic Yourself","article_publisher":"https:\/\/www.facebook.com\/syndic4you\/","article_modified_time":"2025-05-06T14:45:17+00:00","og_image":[{"width":1200,"height":800,"url":"https:\/\/syndicyourself.be\/wp-content\/uploads\/2022\/11\/modele-lettre-demission-syndic-benevole.jpg","type":"image\/jpeg"}],"twitter_card":"summary_large_image","twitter_misc":{"Dur\u00e9e de lecture est.":"4 minutes"},"schema":{"@context":"https:\/\/schema.org","@graph":[{"@type":"WebPage","@id":"https:\/\/syndicyourself.be\/fr\/syndic-benevole\/conseils-pratiques\/modele-de-lettre-demission-syndic-benevole\/","url":"https:\/\/syndicyourself.be\/fr\/syndic-benevole\/conseils-pratiques\/modele-de-lettre-demission-syndic-benevole\/","name":"D\u00e9mission syndic b\u00e9n\u00e9vole: mod\u00e8le de lettre I Syndic copropri\u00e9t\u00e9","isPartOf":{"@id":"https:\/\/syndicyourself.be\/fr\/#website"},"primaryImageOfPage":{"@id":"https:\/\/syndicyourself.be\/fr\/syndic-benevole\/conseils-pratiques\/modele-de-lettre-demission-syndic-benevole\/#primaryimage"},"image":{"@id":"https:\/\/syndicyourself.be\/fr\/syndic-benevole\/conseils-pratiques\/modele-de-lettre-demission-syndic-benevole\/#primaryimage"},"thumbnailUrl":"https:\/\/syndicyourself.be\/wp-content\/uploads\/2022\/11\/modele-lettre-demission-syndic-benevole.jpg","datePublished":"2022-11-15T08:11:09+00:00","dateModified":"2025-05-06T14:45:17+00:00","description":"Vous exercez les missions du syndic b\u00e9n\u00e9vole mais que des contraintes vous emp\u00eachent de continuer ? Syndic yourself fait le point pour vous.","breadcrumb":{"@id":"https:\/\/syndicyourself.be\/fr\/syndic-benevole\/conseils-pratiques\/modele-de-lettre-demission-syndic-benevole\/#breadcrumb"},"inLanguage":"fr-BE","potentialAction":[{"@type":"ReadAction","target":["https:\/\/syndicyourself.be\/fr\/syndic-benevole\/conseils-pratiques\/modele-de-lettre-demission-syndic-benevole\/"]}]},{"@type":"ImageObject","inLanguage":"fr-BE","@id":"https:\/\/syndicyourself.be\/fr\/syndic-benevole\/conseils-pratiques\/modele-de-lettre-demission-syndic-benevole\/#primaryimage","url":"https:\/\/syndicyourself.be\/wp-content\/uploads\/2022\/11\/modele-lettre-demission-syndic-benevole.jpg","contentUrl":"https:\/\/syndicyourself.be\/wp-content\/uploads\/2022\/11\/modele-lettre-demission-syndic-benevole.jpg","width":1200,"height":800,"caption":"Mod\u00e8le de lettre d\u00e9mission du syndic b\u00e9n\u00e9vole - Syndic de copropri\u00e9t\u00e9"},{"@type":"BreadcrumbList","@id":"https:\/\/syndicyourself.be\/fr\/syndic-benevole\/conseils-pratiques\/modele-de-lettre-demission-syndic-benevole\/#breadcrumb","itemListElement":[{"@type":"ListItem","position":1,"name":"Accueil","item":"https:\/\/syndicyourself.be\/fr\/"},{"@type":"ListItem","position":2,"name":"Syndic b\u00e9n\u00e9vole","item":"https:\/\/syndicyourself.be\/fr\/syndic-benevole\/"},{"@type":"ListItem","position":3,"name":"Toolbox du syndic de copropri\u00e9te","item":"https:\/\/syndicyourself.be\/fr\/syndic-benevole\/conseils-pratiques\/"},{"@type":"ListItem","position":4,"name":"Mod\u00e8le de lettre : D\u00e9mission du syndic b\u00e9n\u00e9vole"}]},{"@type":"WebSite","@id":"https:\/\/syndicyourself.be\/fr\/#website","url":"https:\/\/syndicyourself.be\/fr\/","name":"Syndic Yourself","description":"Le meilleur syndic, c&#039;est vous","publisher":{"@id":"https:\/\/syndicyourself.be\/fr\/#organization"},"potentialAction":[{"@type":"SearchAction","target":{"@type":"EntryPoint","urlTemplate":"https:\/\/syndicyourself.be\/fr\/?s={search_term_string}"},"query-input":{"@type":"PropertyValueSpecification","valueRequired":true,"valueName":"search_term_string"}}],"inLanguage":"fr-BE"},{"@type":"Organization","@id":"https:\/\/syndicyourself.be\/fr\/#organization","name":"Syndic Yourself","url":"https:\/\/syndicyourself.be\/fr\/","logo":{"@type":"ImageObject","inLanguage":"fr-BE","@id":"https:\/\/syndicyourself.be\/fr\/#\/schema\/logo\/image\/","url":"https:\/\/syndicyourself.be\/wp-content\/uploads\/2022\/11\/logo.svg","contentUrl":"https:\/\/syndicyourself.be\/wp-content\/uploads\/2022\/11\/logo.svg","caption":"Syndic Yourself"},"image":{"@id":"https:\/\/syndicyourself.be\/fr\/#\/schema\/logo\/image\/"},"sameAs":["https:\/\/www.facebook.com\/syndic4you\/"]}]}},"_links":{"self":[{"href":"https:\/\/syndicyourself.be\/fr\/wp-json\/wp\/v2\/pages\/1756","targetHints":{"allow":["GET"]}}],"collection":[{"href":"https:\/\/syndicyourself.be\/fr\/wp-json\/wp\/v2\/pages"}],"about":[{"href":"https:\/\/syndicyourself.be\/fr\/wp-json\/wp\/v2\/types\/page"}],"author":[{"embeddable":true,"href":"https:\/\/syndicyourself.be\/fr\/wp-json\/wp\/v2\/users\/1"}],"replies":[{"embeddable":true,"href":"https:\/\/syndicyourself.be\/fr\/wp-json\/wp\/v2\/comments?post=1756"}],"version-history":[{"count":0,"href":"https:\/\/syndicyourself.be\/fr\/wp-json\/wp\/v2\/pages\/1756\/revisions"}],"up":[{"embeddable":true,"href":"https:\/\/syndicyourself.be\/fr\/wp-json\/wp\/v2\/pages\/1755"}],"wp:featuredmedia":[{"embeddable":true,"href":"https:\/\/syndicyourself.be\/fr\/wp-json\/wp\/v2\/media\/3324"}],"wp:attachment":[{"href":"https:\/\/syndicyourself.be\/fr\/wp-json\/wp\/v2\/media?parent=1756"}],"curies":[{"name":"wp","href":"https:\/\/api.w.org\/{rel}","templated":true}]}}