{"id":1757,"date":"2022-11-15T09:11:09","date_gmt":"2022-11-15T08:11:09","guid":{"rendered":"https:\/\/syndicyourself.be\/syndic-benevole\/prevenir-resoudre-litiges-voisinage\/"},"modified":"2025-06-02T13:30:04","modified_gmt":"2025-06-02T11:30:04","slug":"prevenir-resoudre-litiges-voisinage","status":"publish","type":"page","link":"https:\/\/syndicyourself.be\/fr\/syndic-benevole\/litige-copropriete\/prevenir-resoudre-litiges-voisinage\/","title":{"rendered":"Comment pr\u00e9venir et r\u00e9soudre les litiges entre voisinage ?"},"content":{"rendered":"","protected":false},"excerpt":{"rendered":"<p>Syndic Yourself vous d\u00e9taille les diff\u00e9rents cas qui peuvent se pr\u00e9senter en copropri\u00e9t\u00e9 et les meilleures options qui s\u2019offrent \u00e0 vous. N\u00e9anmoins, dans toute situation, avant d\u2019en venir \u00e0 un recours l\u00e9gal devant le juge, il vaut mieux pr\u00e9venir les m\u00e9sententes et opter pour un r\u00e8glement \u00e0 l\u2019amiable.<\/p>\n","protected":false},"author":1,"featured_media":3292,"parent":1751,"menu_order":0,"comment_status":"closed","ping_status":"closed","template":"views\/template-single-silo.blade.php","meta":{"_acf_changed":false,"footnotes":""},"class_list":["post-1757","page","type-page","status-publish","has-post-thumbnail","hentry"],"acf":[],"yoast_head":"<!-- This site is optimized with the Yoast SEO plugin v27.4 - https:\/\/yoast.com\/product\/yoast-seo-wordpress\/ -->\n<title>Litiges entre voisinage I Syndic copropri\u00e9t\u00e9<\/title>\n<meta name=\"description\" content=\"Peut-on pr\u00e9venir les litiges entre voisinage? Comment les r\u00e9soudre? Syndic Yourself vous d\u00e9taille les diff\u00e9rents cas qui peuvent se pr\u00e9senter\" \/>\n<meta name=\"robots\" content=\"index, follow, max-snippet:-1, max-image-preview:large, max-video-preview:-1\" \/>\n<link rel=\"canonical\" href=\"https:\/\/syndicyourself.be\/fr\/syndic-benevole\/litige-copropriete\/prevenir-resoudre-litiges-voisinage\/\" \/>\n<meta property=\"og:locale\" content=\"fr_FR\" \/>\n<meta property=\"og:type\" content=\"article\" \/>\n<meta property=\"og:title\" content=\"Litiges entre voisinage I Syndic copropri\u00e9t\u00e9\" \/>\n<meta property=\"og:description\" content=\"Peut-on pr\u00e9venir les litiges entre voisinage? Comment les r\u00e9soudre? Syndic Yourself vous d\u00e9taille les diff\u00e9rents cas qui peuvent se pr\u00e9senter\" \/>\n<meta property=\"og:url\" content=\"https:\/\/syndicyourself.be\/fr\/syndic-benevole\/litige-copropriete\/prevenir-resoudre-litiges-voisinage\/\" \/>\n<meta property=\"og:site_name\" content=\"Syndic Yourself\" \/>\n<meta property=\"article:publisher\" content=\"https:\/\/www.facebook.com\/syndic4you\/\" \/>\n<meta property=\"article:modified_time\" content=\"2025-06-02T11:30:04+00:00\" \/>\n<meta property=\"og:image\" content=\"https:\/\/syndicyourself.be\/wp-content\/uploads\/2022\/11\/prevenir-resoudre-litiges-entre-voisinage.jpg\" \/>\n\t<meta property=\"og:image:width\" content=\"1200\" \/>\n\t<meta property=\"og:image:height\" content=\"800\" \/>\n\t<meta property=\"og:image:type\" content=\"image\/jpeg\" \/>\n<meta name=\"twitter:card\" content=\"summary_large_image\" \/>\n<meta name=\"twitter:label1\" content=\"Dur\u00e9e de lecture est.\" \/>\n\t<meta name=\"twitter:data1\" content=\"4 minutes\" \/>\n<script type=\"application\/ld+json\" class=\"yoast-schema-graph\">{\"@context\":\"https:\\\/\\\/schema.org\",\"@graph\":[{\"@type\":\"WebPage\",\"@id\":\"https:\\\/\\\/syndicyourself.be\\\/fr\\\/syndic-benevole\\\/litige-copropriete\\\/prevenir-resoudre-litiges-voisinage\\\/\",\"url\":\"https:\\\/\\\/syndicyourself.be\\\/fr\\\/syndic-benevole\\\/litige-copropriete\\\/prevenir-resoudre-litiges-voisinage\\\/\",\"name\":\"Litiges entre voisinage I Syndic copropri\u00e9t\u00e9\",\"isPartOf\":{\"@id\":\"https:\\\/\\\/syndicyourself.be\\\/fr\\\/#website\"},\"primaryImageOfPage\":{\"@id\":\"https:\\\/\\\/syndicyourself.be\\\/fr\\\/syndic-benevole\\\/litige-copropriete\\\/prevenir-resoudre-litiges-voisinage\\\/#primaryimage\"},\"image\":{\"@id\":\"https:\\\/\\\/syndicyourself.be\\\/fr\\\/syndic-benevole\\\/litige-copropriete\\\/prevenir-resoudre-litiges-voisinage\\\/#primaryimage\"},\"thumbnailUrl\":\"https:\\\/\\\/syndicyourself.be\\\/wp-content\\\/uploads\\\/2022\\\/11\\\/prevenir-resoudre-litiges-entre-voisinage.jpg\",\"datePublished\":\"2022-11-15T08:11:09+00:00\",\"dateModified\":\"2025-06-02T11:30:04+00:00\",\"description\":\"Peut-on pr\u00e9venir les litiges entre voisinage? Comment les r\u00e9soudre? Syndic Yourself vous d\u00e9taille les diff\u00e9rents cas qui peuvent se pr\u00e9senter\",\"breadcrumb\":{\"@id\":\"https:\\\/\\\/syndicyourself.be\\\/fr\\\/syndic-benevole\\\/litige-copropriete\\\/prevenir-resoudre-litiges-voisinage\\\/#breadcrumb\"},\"inLanguage\":\"fr-BE\",\"potentialAction\":[{\"@type\":\"ReadAction\",\"target\":[\"https:\\\/\\\/syndicyourself.be\\\/fr\\\/syndic-benevole\\\/litige-copropriete\\\/prevenir-resoudre-litiges-voisinage\\\/\"]}]},{\"@type\":\"ImageObject\",\"inLanguage\":\"fr-BE\",\"@id\":\"https:\\\/\\\/syndicyourself.be\\\/fr\\\/syndic-benevole\\\/litige-copropriete\\\/prevenir-resoudre-litiges-voisinage\\\/#primaryimage\",\"url\":\"https:\\\/\\\/syndicyourself.be\\\/wp-content\\\/uploads\\\/2022\\\/11\\\/prevenir-resoudre-litiges-entre-voisinage.jpg\",\"contentUrl\":\"https:\\\/\\\/syndicyourself.be\\\/wp-content\\\/uploads\\\/2022\\\/11\\\/prevenir-resoudre-litiges-entre-voisinage.jpg\",\"width\":1200,\"height\":800,\"caption\":\"Pr\u00e9vention et r\u00e9solution litiges entre voisinage - Syndic de copropri\u00e9t\u00e9\"},{\"@type\":\"BreadcrumbList\",\"@id\":\"https:\\\/\\\/syndicyourself.be\\\/fr\\\/syndic-benevole\\\/litige-copropriete\\\/prevenir-resoudre-litiges-voisinage\\\/#breadcrumb\",\"itemListElement\":[{\"@type\":\"ListItem\",\"position\":1,\"name\":\"Accueil\",\"item\":\"https:\\\/\\\/syndicyourself.be\\\/fr\\\/\"},{\"@type\":\"ListItem\",\"position\":2,\"name\":\"Syndic b\u00e9n\u00e9vole\",\"item\":\"https:\\\/\\\/syndicyourself.be\\\/fr\\\/syndic-benevole\\\/\"},{\"@type\":\"ListItem\",\"position\":3,\"name\":\"Litige en copropri\u00e9t\u00e9\",\"item\":\"https:\\\/\\\/syndicyourself.be\\\/fr\\\/syndic-benevole\\\/litige-copropriete\\\/\"},{\"@type\":\"ListItem\",\"position\":4,\"name\":\"Comment pr\u00e9venir et r\u00e9soudre les litiges entre voisinage ?\"}]},{\"@type\":\"WebSite\",\"@id\":\"https:\\\/\\\/syndicyourself.be\\\/fr\\\/#website\",\"url\":\"https:\\\/\\\/syndicyourself.be\\\/fr\\\/\",\"name\":\"Syndic Yourself\",\"description\":\"Le meilleur syndic, c&#039;est vous\",\"publisher\":{\"@id\":\"https:\\\/\\\/syndicyourself.be\\\/fr\\\/#organization\"},\"potentialAction\":[{\"@type\":\"SearchAction\",\"target\":{\"@type\":\"EntryPoint\",\"urlTemplate\":\"https:\\\/\\\/syndicyourself.be\\\/fr\\\/?s={search_term_string}\"},\"query-input\":{\"@type\":\"PropertyValueSpecification\",\"valueRequired\":true,\"valueName\":\"search_term_string\"}}],\"inLanguage\":\"fr-BE\"},{\"@type\":\"Organization\",\"@id\":\"https:\\\/\\\/syndicyourself.be\\\/fr\\\/#organization\",\"name\":\"Syndic Yourself\",\"url\":\"https:\\\/\\\/syndicyourself.be\\\/fr\\\/\",\"logo\":{\"@type\":\"ImageObject\",\"inLanguage\":\"fr-BE\",\"@id\":\"https:\\\/\\\/syndicyourself.be\\\/fr\\\/#\\\/schema\\\/logo\\\/image\\\/\",\"url\":\"https:\\\/\\\/syndicyourself.be\\\/wp-content\\\/uploads\\\/2022\\\/11\\\/logo.svg\",\"contentUrl\":\"https:\\\/\\\/syndicyourself.be\\\/wp-content\\\/uploads\\\/2022\\\/11\\\/logo.svg\",\"caption\":\"Syndic Yourself\"},\"image\":{\"@id\":\"https:\\\/\\\/syndicyourself.be\\\/fr\\\/#\\\/schema\\\/logo\\\/image\\\/\"},\"sameAs\":[\"https:\\\/\\\/www.facebook.com\\\/syndic4you\\\/\"]}]}<\/script>\n<!-- \/ Yoast SEO plugin. -->","yoast_head_json":{"title":"Litiges entre voisinage I Syndic copropri\u00e9t\u00e9","description":"Peut-on pr\u00e9venir les litiges entre voisinage? Comment les r\u00e9soudre? Syndic Yourself vous d\u00e9taille les diff\u00e9rents cas qui peuvent se pr\u00e9senter","robots":{"index":"index","follow":"follow","max-snippet":"max-snippet:-1","max-image-preview":"max-image-preview:large","max-video-preview":"max-video-preview:-1"},"canonical":"https:\/\/syndicyourself.be\/fr\/syndic-benevole\/litige-copropriete\/prevenir-resoudre-litiges-voisinage\/","og_locale":"fr_FR","og_type":"article","og_title":"Litiges entre voisinage I Syndic copropri\u00e9t\u00e9","og_description":"Peut-on pr\u00e9venir les litiges entre voisinage? Comment les r\u00e9soudre? Syndic Yourself vous d\u00e9taille les diff\u00e9rents cas qui peuvent se pr\u00e9senter","og_url":"https:\/\/syndicyourself.be\/fr\/syndic-benevole\/litige-copropriete\/prevenir-resoudre-litiges-voisinage\/","og_site_name":"Syndic Yourself","article_publisher":"https:\/\/www.facebook.com\/syndic4you\/","article_modified_time":"2025-06-02T11:30:04+00:00","og_image":[{"width":1200,"height":800,"url":"https:\/\/syndicyourself.be\/wp-content\/uploads\/2022\/11\/prevenir-resoudre-litiges-entre-voisinage.jpg","type":"image\/jpeg"}],"twitter_card":"summary_large_image","twitter_misc":{"Dur\u00e9e de lecture est.":"4 minutes"},"schema":{"@context":"https:\/\/schema.org","@graph":[{"@type":"WebPage","@id":"https:\/\/syndicyourself.be\/fr\/syndic-benevole\/litige-copropriete\/prevenir-resoudre-litiges-voisinage\/","url":"https:\/\/syndicyourself.be\/fr\/syndic-benevole\/litige-copropriete\/prevenir-resoudre-litiges-voisinage\/","name":"Litiges entre voisinage I Syndic copropri\u00e9t\u00e9","isPartOf":{"@id":"https:\/\/syndicyourself.be\/fr\/#website"},"primaryImageOfPage":{"@id":"https:\/\/syndicyourself.be\/fr\/syndic-benevole\/litige-copropriete\/prevenir-resoudre-litiges-voisinage\/#primaryimage"},"image":{"@id":"https:\/\/syndicyourself.be\/fr\/syndic-benevole\/litige-copropriete\/prevenir-resoudre-litiges-voisinage\/#primaryimage"},"thumbnailUrl":"https:\/\/syndicyourself.be\/wp-content\/uploads\/2022\/11\/prevenir-resoudre-litiges-entre-voisinage.jpg","datePublished":"2022-11-15T08:11:09+00:00","dateModified":"2025-06-02T11:30:04+00:00","description":"Peut-on pr\u00e9venir les litiges entre voisinage? Comment les r\u00e9soudre? Syndic Yourself vous d\u00e9taille les diff\u00e9rents cas qui peuvent se pr\u00e9senter","breadcrumb":{"@id":"https:\/\/syndicyourself.be\/fr\/syndic-benevole\/litige-copropriete\/prevenir-resoudre-litiges-voisinage\/#breadcrumb"},"inLanguage":"fr-BE","potentialAction":[{"@type":"ReadAction","target":["https:\/\/syndicyourself.be\/fr\/syndic-benevole\/litige-copropriete\/prevenir-resoudre-litiges-voisinage\/"]}]},{"@type":"ImageObject","inLanguage":"fr-BE","@id":"https:\/\/syndicyourself.be\/fr\/syndic-benevole\/litige-copropriete\/prevenir-resoudre-litiges-voisinage\/#primaryimage","url":"https:\/\/syndicyourself.be\/wp-content\/uploads\/2022\/11\/prevenir-resoudre-litiges-entre-voisinage.jpg","contentUrl":"https:\/\/syndicyourself.be\/wp-content\/uploads\/2022\/11\/prevenir-resoudre-litiges-entre-voisinage.jpg","width":1200,"height":800,"caption":"Pr\u00e9vention et r\u00e9solution litiges entre voisinage - Syndic de copropri\u00e9t\u00e9"},{"@type":"BreadcrumbList","@id":"https:\/\/syndicyourself.be\/fr\/syndic-benevole\/litige-copropriete\/prevenir-resoudre-litiges-voisinage\/#breadcrumb","itemListElement":[{"@type":"ListItem","position":1,"name":"Accueil","item":"https:\/\/syndicyourself.be\/fr\/"},{"@type":"ListItem","position":2,"name":"Syndic b\u00e9n\u00e9vole","item":"https:\/\/syndicyourself.be\/fr\/syndic-benevole\/"},{"@type":"ListItem","position":3,"name":"Litige en copropri\u00e9t\u00e9","item":"https:\/\/syndicyourself.be\/fr\/syndic-benevole\/litige-copropriete\/"},{"@type":"ListItem","position":4,"name":"Comment pr\u00e9venir et r\u00e9soudre les litiges entre voisinage ?"}]},{"@type":"WebSite","@id":"https:\/\/syndicyourself.be\/fr\/#website","url":"https:\/\/syndicyourself.be\/fr\/","name":"Syndic Yourself","description":"Le meilleur syndic, c&#039;est vous","publisher":{"@id":"https:\/\/syndicyourself.be\/fr\/#organization"},"potentialAction":[{"@type":"SearchAction","target":{"@type":"EntryPoint","urlTemplate":"https:\/\/syndicyourself.be\/fr\/?s={search_term_string}"},"query-input":{"@type":"PropertyValueSpecification","valueRequired":true,"valueName":"search_term_string"}}],"inLanguage":"fr-BE"},{"@type":"Organization","@id":"https:\/\/syndicyourself.be\/fr\/#organization","name":"Syndic Yourself","url":"https:\/\/syndicyourself.be\/fr\/","logo":{"@type":"ImageObject","inLanguage":"fr-BE","@id":"https:\/\/syndicyourself.be\/fr\/#\/schema\/logo\/image\/","url":"https:\/\/syndicyourself.be\/wp-content\/uploads\/2022\/11\/logo.svg","contentUrl":"https:\/\/syndicyourself.be\/wp-content\/uploads\/2022\/11\/logo.svg","caption":"Syndic Yourself"},"image":{"@id":"https:\/\/syndicyourself.be\/fr\/#\/schema\/logo\/image\/"},"sameAs":["https:\/\/www.facebook.com\/syndic4you\/"]}]}},"_links":{"self":[{"href":"https:\/\/syndicyourself.be\/fr\/wp-json\/wp\/v2\/pages\/1757","targetHints":{"allow":["GET"]}}],"collection":[{"href":"https:\/\/syndicyourself.be\/fr\/wp-json\/wp\/v2\/pages"}],"about":[{"href":"https:\/\/syndicyourself.be\/fr\/wp-json\/wp\/v2\/types\/page"}],"author":[{"embeddable":true,"href":"https:\/\/syndicyourself.be\/fr\/wp-json\/wp\/v2\/users\/1"}],"replies":[{"embeddable":true,"href":"https:\/\/syndicyourself.be\/fr\/wp-json\/wp\/v2\/comments?post=1757"}],"version-history":[{"count":0,"href":"https:\/\/syndicyourself.be\/fr\/wp-json\/wp\/v2\/pages\/1757\/revisions"}],"up":[{"embeddable":true,"href":"https:\/\/syndicyourself.be\/fr\/wp-json\/wp\/v2\/pages\/1751"}],"wp:featuredmedia":[{"embeddable":true,"href":"https:\/\/syndicyourself.be\/fr\/wp-json\/wp\/v2\/media\/3292"}],"wp:attachment":[{"href":"https:\/\/syndicyourself.be\/fr\/wp-json\/wp\/v2\/media?parent=1757"}],"curies":[{"name":"wp","href":"https:\/\/api.w.org\/{rel}","templated":true}]}}