{"id":5760,"date":"2022-12-08T09:13:53","date_gmt":"2022-12-08T08:13:53","guid":{"rendered":"https:\/\/syndicyourself.be\/?page_id=5760"},"modified":"2024-10-23T14:07:52","modified_gmt":"2024-10-23T12:07:52","slug":"thankyou-test-conformite","status":"publish","type":"page","link":"https:\/\/syndicyourself.be\/fr\/thankyou-test-conformite\/","title":{"rendered":"Merci d\u2019avoir r\u00e9alis\u00e9 notre test"},"content":{"rendered":"","protected":false},"excerpt":{"rendered":"","protected":false},"author":3,"featured_media":5718,"parent":0,"menu_order":0,"comment_status":"closed","ping_status":"closed","template":"","meta":{"_acf_changed":false,"footnotes":""},"class_list":["post-5760","page","type-page","status-publish","has-post-thumbnail","hentry"],"acf":[],"yoast_head":"<!-- This site is optimized with the Yoast SEO plugin v27.4 - https:\/\/yoast.com\/product\/yoast-seo-wordpress\/ -->\n<title>Test de conformit\u00e9 - syndic de copropri\u00e9t\u00e9<\/title>\n<meta name=\"description\" content=\"Votre formulaire a \u00e9t\u00e9 envoy\u00e9 avec succ\u00e8s. Nous vous r\u00e9pondrons dans les plus brefs d\u00e9lais. Merci de votre confiance !\" \/>\n<meta name=\"robots\" content=\"index, follow, max-snippet:-1, max-image-preview:large, max-video-preview:-1\" \/>\n<link rel=\"canonical\" href=\"https:\/\/syndicyourself.be\/fr\/thankyou-test-conformite\/\" \/>\n<meta property=\"og:locale\" content=\"fr_FR\" \/>\n<meta property=\"og:type\" content=\"article\" \/>\n<meta property=\"og:title\" content=\"Test de conformit\u00e9 - syndic de copropri\u00e9t\u00e9\" \/>\n<meta property=\"og:description\" content=\"Votre formulaire a \u00e9t\u00e9 envoy\u00e9 avec succ\u00e8s. Nous vous r\u00e9pondrons dans les plus brefs d\u00e9lais. Merci de votre confiance !\" \/>\n<meta property=\"og:url\" content=\"https:\/\/syndicyourself.be\/fr\/thankyou-test-conformite\/\" \/>\n<meta property=\"og:site_name\" content=\"Syndic Yourself\" \/>\n<meta property=\"article:publisher\" content=\"https:\/\/www.facebook.com\/syndic4you\/\" \/>\n<meta property=\"article:modified_time\" content=\"2024-10-23T12:07:52+00:00\" \/>\n<meta property=\"og:image\" content=\"https:\/\/syndicyourself.be\/wp-content\/uploads\/2022\/12\/chat.png\" \/>\n\t<meta property=\"og:image:width\" content=\"3136\" \/>\n\t<meta property=\"og:image:height\" content=\"2512\" \/>\n\t<meta property=\"og:image:type\" content=\"image\/png\" \/>\n<meta name=\"twitter:card\" content=\"summary_large_image\" \/>\n<meta name=\"twitter:label1\" content=\"Dur\u00e9e de lecture est.\" \/>\n\t<meta name=\"twitter:data1\" content=\"1 minute\" \/>\n<script type=\"application\/ld+json\" class=\"yoast-schema-graph\">{\"@context\":\"https:\\\/\\\/schema.org\",\"@graph\":[{\"@type\":\"WebPage\",\"@id\":\"https:\\\/\\\/syndicyourself.be\\\/fr\\\/thankyou-test-conformite\\\/\",\"url\":\"https:\\\/\\\/syndicyourself.be\\\/fr\\\/thankyou-test-conformite\\\/\",\"name\":\"Test de conformit\u00e9 - syndic de copropri\u00e9t\u00e9\",\"isPartOf\":{\"@id\":\"https:\\\/\\\/syndicyourself.be\\\/fr\\\/#website\"},\"primaryImageOfPage\":{\"@id\":\"https:\\\/\\\/syndicyourself.be\\\/fr\\\/thankyou-test-conformite\\\/#primaryimage\"},\"image\":{\"@id\":\"https:\\\/\\\/syndicyourself.be\\\/fr\\\/thankyou-test-conformite\\\/#primaryimage\"},\"thumbnailUrl\":\"https:\\\/\\\/syndicyourself.be\\\/wp-content\\\/uploads\\\/2022\\\/12\\\/chat.png\",\"datePublished\":\"2022-12-08T08:13:53+00:00\",\"dateModified\":\"2024-10-23T12:07:52+00:00\",\"description\":\"Votre formulaire a \u00e9t\u00e9 envoy\u00e9 avec succ\u00e8s. Nous vous r\u00e9pondrons dans les plus brefs d\u00e9lais. Merci de votre confiance !\",\"breadcrumb\":{\"@id\":\"https:\\\/\\\/syndicyourself.be\\\/fr\\\/thankyou-test-conformite\\\/#breadcrumb\"},\"inLanguage\":\"fr-BE\",\"potentialAction\":[{\"@type\":\"ReadAction\",\"target\":[\"https:\\\/\\\/syndicyourself.be\\\/fr\\\/thankyou-test-conformite\\\/\"]}]},{\"@type\":\"ImageObject\",\"inLanguage\":\"fr-BE\",\"@id\":\"https:\\\/\\\/syndicyourself.be\\\/fr\\\/thankyou-test-conformite\\\/#primaryimage\",\"url\":\"https:\\\/\\\/syndicyourself.be\\\/wp-content\\\/uploads\\\/2022\\\/12\\\/chat.png\",\"contentUrl\":\"https:\\\/\\\/syndicyourself.be\\\/wp-content\\\/uploads\\\/2022\\\/12\\\/chat.png\",\"width\":3136,\"height\":2512,\"caption\":\"chat 1\"},{\"@type\":\"BreadcrumbList\",\"@id\":\"https:\\\/\\\/syndicyourself.be\\\/fr\\\/thankyou-test-conformite\\\/#breadcrumb\",\"itemListElement\":[{\"@type\":\"ListItem\",\"position\":1,\"name\":\"Accueil\",\"item\":\"https:\\\/\\\/syndicyourself.be\\\/fr\\\/\"},{\"@type\":\"ListItem\",\"position\":2,\"name\":\"Merci d\u2019avoir r\u00e9alis\u00e9 notre test\"}]},{\"@type\":\"WebSite\",\"@id\":\"https:\\\/\\\/syndicyourself.be\\\/fr\\\/#website\",\"url\":\"https:\\\/\\\/syndicyourself.be\\\/fr\\\/\",\"name\":\"Syndic Yourself\",\"description\":\"Le meilleur syndic, c&#039;est vous\",\"publisher\":{\"@id\":\"https:\\\/\\\/syndicyourself.be\\\/fr\\\/#organization\"},\"potentialAction\":[{\"@type\":\"SearchAction\",\"target\":{\"@type\":\"EntryPoint\",\"urlTemplate\":\"https:\\\/\\\/syndicyourself.be\\\/fr\\\/?s={search_term_string}\"},\"query-input\":{\"@type\":\"PropertyValueSpecification\",\"valueRequired\":true,\"valueName\":\"search_term_string\"}}],\"inLanguage\":\"fr-BE\"},{\"@type\":\"Organization\",\"@id\":\"https:\\\/\\\/syndicyourself.be\\\/fr\\\/#organization\",\"name\":\"Syndic Yourself\",\"url\":\"https:\\\/\\\/syndicyourself.be\\\/fr\\\/\",\"logo\":{\"@type\":\"ImageObject\",\"inLanguage\":\"fr-BE\",\"@id\":\"https:\\\/\\\/syndicyourself.be\\\/fr\\\/#\\\/schema\\\/logo\\\/image\\\/\",\"url\":\"https:\\\/\\\/syndicyourself.be\\\/wp-content\\\/uploads\\\/2022\\\/11\\\/logo.svg\",\"contentUrl\":\"https:\\\/\\\/syndicyourself.be\\\/wp-content\\\/uploads\\\/2022\\\/11\\\/logo.svg\",\"caption\":\"Syndic Yourself\"},\"image\":{\"@id\":\"https:\\\/\\\/syndicyourself.be\\\/fr\\\/#\\\/schema\\\/logo\\\/image\\\/\"},\"sameAs\":[\"https:\\\/\\\/www.facebook.com\\\/syndic4you\\\/\"]}]}<\/script>\n<!-- \/ Yoast SEO plugin. -->","yoast_head_json":{"title":"Test de conformit\u00e9 - syndic de copropri\u00e9t\u00e9","description":"Votre formulaire a \u00e9t\u00e9 envoy\u00e9 avec succ\u00e8s. Nous vous r\u00e9pondrons dans les plus brefs d\u00e9lais. Merci de votre confiance !","robots":{"index":"index","follow":"follow","max-snippet":"max-snippet:-1","max-image-preview":"max-image-preview:large","max-video-preview":"max-video-preview:-1"},"canonical":"https:\/\/syndicyourself.be\/fr\/thankyou-test-conformite\/","og_locale":"fr_FR","og_type":"article","og_title":"Test de conformit\u00e9 - syndic de copropri\u00e9t\u00e9","og_description":"Votre formulaire a \u00e9t\u00e9 envoy\u00e9 avec succ\u00e8s. Nous vous r\u00e9pondrons dans les plus brefs d\u00e9lais. Merci de votre confiance !","og_url":"https:\/\/syndicyourself.be\/fr\/thankyou-test-conformite\/","og_site_name":"Syndic Yourself","article_publisher":"https:\/\/www.facebook.com\/syndic4you\/","article_modified_time":"2024-10-23T12:07:52+00:00","og_image":[{"width":3136,"height":2512,"url":"https:\/\/syndicyourself.be\/wp-content\/uploads\/2022\/12\/chat.png","type":"image\/png"}],"twitter_card":"summary_large_image","twitter_misc":{"Dur\u00e9e de lecture est.":"1 minute"},"schema":{"@context":"https:\/\/schema.org","@graph":[{"@type":"WebPage","@id":"https:\/\/syndicyourself.be\/fr\/thankyou-test-conformite\/","url":"https:\/\/syndicyourself.be\/fr\/thankyou-test-conformite\/","name":"Test de conformit\u00e9 - syndic de copropri\u00e9t\u00e9","isPartOf":{"@id":"https:\/\/syndicyourself.be\/fr\/#website"},"primaryImageOfPage":{"@id":"https:\/\/syndicyourself.be\/fr\/thankyou-test-conformite\/#primaryimage"},"image":{"@id":"https:\/\/syndicyourself.be\/fr\/thankyou-test-conformite\/#primaryimage"},"thumbnailUrl":"https:\/\/syndicyourself.be\/wp-content\/uploads\/2022\/12\/chat.png","datePublished":"2022-12-08T08:13:53+00:00","dateModified":"2024-10-23T12:07:52+00:00","description":"Votre formulaire a \u00e9t\u00e9 envoy\u00e9 avec succ\u00e8s. Nous vous r\u00e9pondrons dans les plus brefs d\u00e9lais. Merci de votre confiance !","breadcrumb":{"@id":"https:\/\/syndicyourself.be\/fr\/thankyou-test-conformite\/#breadcrumb"},"inLanguage":"fr-BE","potentialAction":[{"@type":"ReadAction","target":["https:\/\/syndicyourself.be\/fr\/thankyou-test-conformite\/"]}]},{"@type":"ImageObject","inLanguage":"fr-BE","@id":"https:\/\/syndicyourself.be\/fr\/thankyou-test-conformite\/#primaryimage","url":"https:\/\/syndicyourself.be\/wp-content\/uploads\/2022\/12\/chat.png","contentUrl":"https:\/\/syndicyourself.be\/wp-content\/uploads\/2022\/12\/chat.png","width":3136,"height":2512,"caption":"chat 1"},{"@type":"BreadcrumbList","@id":"https:\/\/syndicyourself.be\/fr\/thankyou-test-conformite\/#breadcrumb","itemListElement":[{"@type":"ListItem","position":1,"name":"Accueil","item":"https:\/\/syndicyourself.be\/fr\/"},{"@type":"ListItem","position":2,"name":"Merci d\u2019avoir r\u00e9alis\u00e9 notre test"}]},{"@type":"WebSite","@id":"https:\/\/syndicyourself.be\/fr\/#website","url":"https:\/\/syndicyourself.be\/fr\/","name":"Syndic Yourself","description":"Le meilleur syndic, c&#039;est vous","publisher":{"@id":"https:\/\/syndicyourself.be\/fr\/#organization"},"potentialAction":[{"@type":"SearchAction","target":{"@type":"EntryPoint","urlTemplate":"https:\/\/syndicyourself.be\/fr\/?s={search_term_string}"},"query-input":{"@type":"PropertyValueSpecification","valueRequired":true,"valueName":"search_term_string"}}],"inLanguage":"fr-BE"},{"@type":"Organization","@id":"https:\/\/syndicyourself.be\/fr\/#organization","name":"Syndic Yourself","url":"https:\/\/syndicyourself.be\/fr\/","logo":{"@type":"ImageObject","inLanguage":"fr-BE","@id":"https:\/\/syndicyourself.be\/fr\/#\/schema\/logo\/image\/","url":"https:\/\/syndicyourself.be\/wp-content\/uploads\/2022\/11\/logo.svg","contentUrl":"https:\/\/syndicyourself.be\/wp-content\/uploads\/2022\/11\/logo.svg","caption":"Syndic Yourself"},"image":{"@id":"https:\/\/syndicyourself.be\/fr\/#\/schema\/logo\/image\/"},"sameAs":["https:\/\/www.facebook.com\/syndic4you\/"]}]}},"_links":{"self":[{"href":"https:\/\/syndicyourself.be\/fr\/wp-json\/wp\/v2\/pages\/5760","targetHints":{"allow":["GET"]}}],"collection":[{"href":"https:\/\/syndicyourself.be\/fr\/wp-json\/wp\/v2\/pages"}],"about":[{"href":"https:\/\/syndicyourself.be\/fr\/wp-json\/wp\/v2\/types\/page"}],"author":[{"embeddable":true,"href":"https:\/\/syndicyourself.be\/fr\/wp-json\/wp\/v2\/users\/3"}],"replies":[{"embeddable":true,"href":"https:\/\/syndicyourself.be\/fr\/wp-json\/wp\/v2\/comments?post=5760"}],"version-history":[{"count":0,"href":"https:\/\/syndicyourself.be\/fr\/wp-json\/wp\/v2\/pages\/5760\/revisions"}],"wp:featuredmedia":[{"embeddable":true,"href":"https:\/\/syndicyourself.be\/fr\/wp-json\/wp\/v2\/media\/5718"}],"wp:attachment":[{"href":"https:\/\/syndicyourself.be\/fr\/wp-json\/wp\/v2\/media?parent=5760"}],"curies":[{"name":"wp","href":"https:\/\/api.w.org\/{rel}","templated":true}]}}