{"id":6415,"date":"2023-02-22T09:00:10","date_gmt":"2023-02-22T08:00:10","guid":{"rendered":"https:\/\/syndicyourself.be\/?post_type=silo&#038;p=6415"},"modified":"2025-06-02T13:32:31","modified_gmt":"2025-06-02T11:32:31","slug":"reglementation-barbecues-copropriete","status":"publish","type":"page","link":"https:\/\/syndicyourself.be\/fr\/syndic-benevole\/litige-copropriete\/reglementation-barbecues-copropriete\/","title":{"rendered":"Les barbecues en copropri\u00e9t\u00e9 sont-ils autoris\u00e9s ?"},"content":{"rendered":"","protected":false},"excerpt":{"rendered":"<p>Si l&rsquo;envie vient chez un copropri\u00e9taire de griller quelques saucisses sur le balcon de la copropri\u00e9t\u00e9, plusieurs questions peuvent se poser : est-ce qu\u2019il en a le droit ? Que dit la loi \u00e0 ce sujet ? Quelles mesures prendre pour rester dans les clous ? Nous vous expliquons tout dans cet article.<\/p>\n","protected":false},"author":3,"featured_media":6416,"parent":1751,"menu_order":0,"comment_status":"closed","ping_status":"closed","template":"views\/template-single-silo.blade.php","meta":{"_acf_changed":false,"footnotes":""},"class_list":["post-6415","page","type-page","status-publish","has-post-thumbnail","hentry"],"acf":[],"yoast_head":"<!-- This site is optimized with the Yoast SEO plugin v27.4 - https:\/\/yoast.com\/product\/yoast-seo-wordpress\/ -->\n<title>Barbecues en copropri\u00e9t\u00e9 : sont-ils autoris\u00e9s ? - Syndic Yourself<\/title>\n<meta name=\"description\" content=\"Est-ce qu\u2019il en a le droit de faire les barbecues en copropri\u00e9t\u00e9 ? Que dit la loi \u00e0 ce sujet ? Nous vous expliquons tout dans cet article.\" \/>\n<meta name=\"robots\" content=\"index, follow, max-snippet:-1, max-image-preview:large, max-video-preview:-1\" \/>\n<link rel=\"canonical\" href=\"https:\/\/syndicyourself.be\/fr\/syndic-benevole\/litige-copropriete\/reglementation-barbecues-copropriete\/\" \/>\n<meta property=\"og:locale\" content=\"fr_FR\" \/>\n<meta property=\"og:type\" content=\"article\" \/>\n<meta property=\"og:title\" content=\"Barbecues en copropri\u00e9t\u00e9 : sont-ils autoris\u00e9s ? - Syndic Yourself\" \/>\n<meta property=\"og:description\" content=\"Est-ce qu\u2019il en a le droit de faire les barbecues en copropri\u00e9t\u00e9 ? Que dit la loi \u00e0 ce sujet ? Nous vous expliquons tout dans cet article.\" \/>\n<meta property=\"og:url\" content=\"https:\/\/syndicyourself.be\/fr\/syndic-benevole\/litige-copropriete\/reglementation-barbecues-copropriete\/\" \/>\n<meta property=\"og:site_name\" content=\"Syndic Yourself\" \/>\n<meta property=\"article:publisher\" content=\"https:\/\/www.facebook.com\/syndic4you\/\" \/>\n<meta property=\"article:modified_time\" content=\"2025-06-02T11:32:31+00:00\" \/>\n<meta property=\"og:image\" content=\"https:\/\/syndicyourself.be\/wp-content\/uploads\/2023\/01\/barbecues-en-copropriete-sont-ils-autorises.png\" \/>\n\t<meta property=\"og:image:width\" content=\"2000\" \/>\n\t<meta property=\"og:image:height\" content=\"1000\" \/>\n\t<meta property=\"og:image:type\" content=\"image\/png\" \/>\n<meta name=\"twitter:card\" content=\"summary_large_image\" \/>\n<meta name=\"twitter:label1\" content=\"Dur\u00e9e de lecture est.\" \/>\n\t<meta name=\"twitter:data1\" content=\"4 minutes\" \/>\n<script type=\"application\/ld+json\" class=\"yoast-schema-graph\">{\"@context\":\"https:\\\/\\\/schema.org\",\"@graph\":[{\"@type\":\"WebPage\",\"@id\":\"https:\\\/\\\/syndicyourself.be\\\/fr\\\/syndic-benevole\\\/litige-copropriete\\\/reglementation-barbecues-copropriete\\\/\",\"url\":\"https:\\\/\\\/syndicyourself.be\\\/fr\\\/syndic-benevole\\\/litige-copropriete\\\/reglementation-barbecues-copropriete\\\/\",\"name\":\"Barbecues en copropri\u00e9t\u00e9 : sont-ils autoris\u00e9s ? - Syndic Yourself\",\"isPartOf\":{\"@id\":\"https:\\\/\\\/syndicyourself.be\\\/fr\\\/#website\"},\"primaryImageOfPage\":{\"@id\":\"https:\\\/\\\/syndicyourself.be\\\/fr\\\/syndic-benevole\\\/litige-copropriete\\\/reglementation-barbecues-copropriete\\\/#primaryimage\"},\"image\":{\"@id\":\"https:\\\/\\\/syndicyourself.be\\\/fr\\\/syndic-benevole\\\/litige-copropriete\\\/reglementation-barbecues-copropriete\\\/#primaryimage\"},\"thumbnailUrl\":\"https:\\\/\\\/syndicyourself.be\\\/wp-content\\\/uploads\\\/2023\\\/01\\\/barbecues-en-copropriete-sont-ils-autorises.png\",\"datePublished\":\"2023-02-22T08:00:10+00:00\",\"dateModified\":\"2025-06-02T11:32:31+00:00\",\"description\":\"Est-ce qu\u2019il en a le droit de faire les barbecues en copropri\u00e9t\u00e9 ? Que dit la loi \u00e0 ce sujet ? Nous vous expliquons tout dans cet article.\",\"breadcrumb\":{\"@id\":\"https:\\\/\\\/syndicyourself.be\\\/fr\\\/syndic-benevole\\\/litige-copropriete\\\/reglementation-barbecues-copropriete\\\/#breadcrumb\"},\"inLanguage\":\"fr-BE\",\"potentialAction\":[{\"@type\":\"ReadAction\",\"target\":[\"https:\\\/\\\/syndicyourself.be\\\/fr\\\/syndic-benevole\\\/litige-copropriete\\\/reglementation-barbecues-copropriete\\\/\"]}]},{\"@type\":\"ImageObject\",\"inLanguage\":\"fr-BE\",\"@id\":\"https:\\\/\\\/syndicyourself.be\\\/fr\\\/syndic-benevole\\\/litige-copropriete\\\/reglementation-barbecues-copropriete\\\/#primaryimage\",\"url\":\"https:\\\/\\\/syndicyourself.be\\\/wp-content\\\/uploads\\\/2023\\\/01\\\/barbecues-en-copropriete-sont-ils-autorises.png\",\"contentUrl\":\"https:\\\/\\\/syndicyourself.be\\\/wp-content\\\/uploads\\\/2023\\\/01\\\/barbecues-en-copropriete-sont-ils-autorises.png\",\"width\":2000,\"height\":1000,\"caption\":\"barbecues en copropri\u00e9t\u00e9 autoris\u00e9s ou non - Syndic de copropri\u00e9t\u00e9\"},{\"@type\":\"BreadcrumbList\",\"@id\":\"https:\\\/\\\/syndicyourself.be\\\/fr\\\/syndic-benevole\\\/litige-copropriete\\\/reglementation-barbecues-copropriete\\\/#breadcrumb\",\"itemListElement\":[{\"@type\":\"ListItem\",\"position\":1,\"name\":\"Accueil\",\"item\":\"https:\\\/\\\/syndicyourself.be\\\/fr\\\/\"},{\"@type\":\"ListItem\",\"position\":2,\"name\":\"Syndic b\u00e9n\u00e9vole\",\"item\":\"https:\\\/\\\/syndicyourself.be\\\/fr\\\/syndic-benevole\\\/\"},{\"@type\":\"ListItem\",\"position\":3,\"name\":\"Litige en copropri\u00e9t\u00e9\",\"item\":\"https:\\\/\\\/syndicyourself.be\\\/fr\\\/syndic-benevole\\\/litige-copropriete\\\/\"},{\"@type\":\"ListItem\",\"position\":4,\"name\":\"Les barbecues en copropri\u00e9t\u00e9 sont-ils autoris\u00e9s ?\"}]},{\"@type\":\"WebSite\",\"@id\":\"https:\\\/\\\/syndicyourself.be\\\/fr\\\/#website\",\"url\":\"https:\\\/\\\/syndicyourself.be\\\/fr\\\/\",\"name\":\"Syndic Yourself\",\"description\":\"Le meilleur syndic, c&#039;est vous\",\"publisher\":{\"@id\":\"https:\\\/\\\/syndicyourself.be\\\/fr\\\/#organization\"},\"potentialAction\":[{\"@type\":\"SearchAction\",\"target\":{\"@type\":\"EntryPoint\",\"urlTemplate\":\"https:\\\/\\\/syndicyourself.be\\\/fr\\\/?s={search_term_string}\"},\"query-input\":{\"@type\":\"PropertyValueSpecification\",\"valueRequired\":true,\"valueName\":\"search_term_string\"}}],\"inLanguage\":\"fr-BE\"},{\"@type\":\"Organization\",\"@id\":\"https:\\\/\\\/syndicyourself.be\\\/fr\\\/#organization\",\"name\":\"Syndic Yourself\",\"url\":\"https:\\\/\\\/syndicyourself.be\\\/fr\\\/\",\"logo\":{\"@type\":\"ImageObject\",\"inLanguage\":\"fr-BE\",\"@id\":\"https:\\\/\\\/syndicyourself.be\\\/fr\\\/#\\\/schema\\\/logo\\\/image\\\/\",\"url\":\"https:\\\/\\\/syndicyourself.be\\\/wp-content\\\/uploads\\\/2022\\\/11\\\/logo.svg\",\"contentUrl\":\"https:\\\/\\\/syndicyourself.be\\\/wp-content\\\/uploads\\\/2022\\\/11\\\/logo.svg\",\"caption\":\"Syndic Yourself\"},\"image\":{\"@id\":\"https:\\\/\\\/syndicyourself.be\\\/fr\\\/#\\\/schema\\\/logo\\\/image\\\/\"},\"sameAs\":[\"https:\\\/\\\/www.facebook.com\\\/syndic4you\\\/\"]}]}<\/script>\n<!-- \/ Yoast SEO plugin. -->","yoast_head_json":{"title":"Barbecues en copropri\u00e9t\u00e9 : sont-ils autoris\u00e9s ? - Syndic Yourself","description":"Est-ce qu\u2019il en a le droit de faire les barbecues en copropri\u00e9t\u00e9 ? Que dit la loi \u00e0 ce sujet ? Nous vous expliquons tout dans cet article.","robots":{"index":"index","follow":"follow","max-snippet":"max-snippet:-1","max-image-preview":"max-image-preview:large","max-video-preview":"max-video-preview:-1"},"canonical":"https:\/\/syndicyourself.be\/fr\/syndic-benevole\/litige-copropriete\/reglementation-barbecues-copropriete\/","og_locale":"fr_FR","og_type":"article","og_title":"Barbecues en copropri\u00e9t\u00e9 : sont-ils autoris\u00e9s ? - Syndic Yourself","og_description":"Est-ce qu\u2019il en a le droit de faire les barbecues en copropri\u00e9t\u00e9 ? Que dit la loi \u00e0 ce sujet ? Nous vous expliquons tout dans cet article.","og_url":"https:\/\/syndicyourself.be\/fr\/syndic-benevole\/litige-copropriete\/reglementation-barbecues-copropriete\/","og_site_name":"Syndic Yourself","article_publisher":"https:\/\/www.facebook.com\/syndic4you\/","article_modified_time":"2025-06-02T11:32:31+00:00","og_image":[{"url":"https:\/\/syndicyourself.be\/wp-content\/uploads\/2023\/01\/barbecues-en-copropriete-sont-ils-autorises.png","width":2000,"height":1000,"type":"image\/png"}],"twitter_card":"summary_large_image","twitter_misc":{"Dur\u00e9e de lecture est.":"4 minutes"},"schema":{"@context":"https:\/\/schema.org","@graph":[{"@type":"WebPage","@id":"https:\/\/syndicyourself.be\/fr\/syndic-benevole\/litige-copropriete\/reglementation-barbecues-copropriete\/","url":"https:\/\/syndicyourself.be\/fr\/syndic-benevole\/litige-copropriete\/reglementation-barbecues-copropriete\/","name":"Barbecues en copropri\u00e9t\u00e9 : sont-ils autoris\u00e9s ? - Syndic Yourself","isPartOf":{"@id":"https:\/\/syndicyourself.be\/fr\/#website"},"primaryImageOfPage":{"@id":"https:\/\/syndicyourself.be\/fr\/syndic-benevole\/litige-copropriete\/reglementation-barbecues-copropriete\/#primaryimage"},"image":{"@id":"https:\/\/syndicyourself.be\/fr\/syndic-benevole\/litige-copropriete\/reglementation-barbecues-copropriete\/#primaryimage"},"thumbnailUrl":"https:\/\/syndicyourself.be\/wp-content\/uploads\/2023\/01\/barbecues-en-copropriete-sont-ils-autorises.png","datePublished":"2023-02-22T08:00:10+00:00","dateModified":"2025-06-02T11:32:31+00:00","description":"Est-ce qu\u2019il en a le droit de faire les barbecues en copropri\u00e9t\u00e9 ? Que dit la loi \u00e0 ce sujet ? Nous vous expliquons tout dans cet article.","breadcrumb":{"@id":"https:\/\/syndicyourself.be\/fr\/syndic-benevole\/litige-copropriete\/reglementation-barbecues-copropriete\/#breadcrumb"},"inLanguage":"fr-BE","potentialAction":[{"@type":"ReadAction","target":["https:\/\/syndicyourself.be\/fr\/syndic-benevole\/litige-copropriete\/reglementation-barbecues-copropriete\/"]}]},{"@type":"ImageObject","inLanguage":"fr-BE","@id":"https:\/\/syndicyourself.be\/fr\/syndic-benevole\/litige-copropriete\/reglementation-barbecues-copropriete\/#primaryimage","url":"https:\/\/syndicyourself.be\/wp-content\/uploads\/2023\/01\/barbecues-en-copropriete-sont-ils-autorises.png","contentUrl":"https:\/\/syndicyourself.be\/wp-content\/uploads\/2023\/01\/barbecues-en-copropriete-sont-ils-autorises.png","width":2000,"height":1000,"caption":"barbecues en copropri\u00e9t\u00e9 autoris\u00e9s ou non - Syndic de copropri\u00e9t\u00e9"},{"@type":"BreadcrumbList","@id":"https:\/\/syndicyourself.be\/fr\/syndic-benevole\/litige-copropriete\/reglementation-barbecues-copropriete\/#breadcrumb","itemListElement":[{"@type":"ListItem","position":1,"name":"Accueil","item":"https:\/\/syndicyourself.be\/fr\/"},{"@type":"ListItem","position":2,"name":"Syndic b\u00e9n\u00e9vole","item":"https:\/\/syndicyourself.be\/fr\/syndic-benevole\/"},{"@type":"ListItem","position":3,"name":"Litige en copropri\u00e9t\u00e9","item":"https:\/\/syndicyourself.be\/fr\/syndic-benevole\/litige-copropriete\/"},{"@type":"ListItem","position":4,"name":"Les barbecues en copropri\u00e9t\u00e9 sont-ils autoris\u00e9s ?"}]},{"@type":"WebSite","@id":"https:\/\/syndicyourself.be\/fr\/#website","url":"https:\/\/syndicyourself.be\/fr\/","name":"Syndic Yourself","description":"Le meilleur syndic, c&#039;est vous","publisher":{"@id":"https:\/\/syndicyourself.be\/fr\/#organization"},"potentialAction":[{"@type":"SearchAction","target":{"@type":"EntryPoint","urlTemplate":"https:\/\/syndicyourself.be\/fr\/?s={search_term_string}"},"query-input":{"@type":"PropertyValueSpecification","valueRequired":true,"valueName":"search_term_string"}}],"inLanguage":"fr-BE"},{"@type":"Organization","@id":"https:\/\/syndicyourself.be\/fr\/#organization","name":"Syndic Yourself","url":"https:\/\/syndicyourself.be\/fr\/","logo":{"@type":"ImageObject","inLanguage":"fr-BE","@id":"https:\/\/syndicyourself.be\/fr\/#\/schema\/logo\/image\/","url":"https:\/\/syndicyourself.be\/wp-content\/uploads\/2022\/11\/logo.svg","contentUrl":"https:\/\/syndicyourself.be\/wp-content\/uploads\/2022\/11\/logo.svg","caption":"Syndic Yourself"},"image":{"@id":"https:\/\/syndicyourself.be\/fr\/#\/schema\/logo\/image\/"},"sameAs":["https:\/\/www.facebook.com\/syndic4you\/"]}]}},"_links":{"self":[{"href":"https:\/\/syndicyourself.be\/fr\/wp-json\/wp\/v2\/pages\/6415","targetHints":{"allow":["GET"]}}],"collection":[{"href":"https:\/\/syndicyourself.be\/fr\/wp-json\/wp\/v2\/pages"}],"about":[{"href":"https:\/\/syndicyourself.be\/fr\/wp-json\/wp\/v2\/types\/page"}],"author":[{"embeddable":true,"href":"https:\/\/syndicyourself.be\/fr\/wp-json\/wp\/v2\/users\/3"}],"replies":[{"embeddable":true,"href":"https:\/\/syndicyourself.be\/fr\/wp-json\/wp\/v2\/comments?post=6415"}],"version-history":[{"count":0,"href":"https:\/\/syndicyourself.be\/fr\/wp-json\/wp\/v2\/pages\/6415\/revisions"}],"up":[{"embeddable":true,"href":"https:\/\/syndicyourself.be\/fr\/wp-json\/wp\/v2\/pages\/1751"}],"wp:featuredmedia":[{"embeddable":true,"href":"https:\/\/syndicyourself.be\/fr\/wp-json\/wp\/v2\/media\/6416"}],"wp:attachment":[{"href":"https:\/\/syndicyourself.be\/fr\/wp-json\/wp\/v2\/media?parent=6415"}],"curies":[{"name":"wp","href":"https:\/\/api.w.org\/{rel}","templated":true}]}}