{"id":6486,"date":"2023-03-08T09:03:38","date_gmt":"2023-03-08T08:03:38","guid":{"rendered":"https:\/\/syndicyourself.be\/?post_type=silo&#038;p=6486"},"modified":"2024-10-10T13:07:30","modified_gmt":"2024-10-10T11:07:30","slug":"comment-nommer-un-syndic-benevole","status":"publish","type":"page","link":"https:\/\/syndicyourself.be\/fr\/syndic-benevole\/faq\/comment-nommer-un-syndic-benevole\/","title":{"rendered":"Comment nommer un syndic b\u00e9n\u00e9vole en Belgique\u2009?"},"content":{"rendered":"","protected":false},"excerpt":{"rendered":"<p>Tout immeuble soumis au r\u00e9gime de la copropri\u00e9t\u00e9 est tenu de d\u00e9signer un syndic. Dans ce contexte, de plus en plus de copropri\u00e9taires choisissent d\u2019adopter ainsi le statut de syndic b\u00e9n\u00e9vole. Et pour cause, cela offre de multiples avantages. Mais alors, comment en cr\u00e9er\u2009?<\/p>\n","protected":false},"author":3,"featured_media":6487,"parent":1760,"menu_order":0,"comment_status":"closed","ping_status":"closed","template":"views\/template-single-silo.blade.php","meta":{"_acf_changed":false,"footnotes":""},"class_list":["post-6486","page","type-page","status-publish","has-post-thumbnail","hentry"],"acf":[],"yoast_head":"<!-- This site is optimized with the Yoast SEO plugin v27.4 - https:\/\/yoast.com\/product\/yoast-seo-wordpress\/ -->\n<title>Tout savoir sur la nomination d&#039;un syndic b\u00e9n\u00e9vole en Belgique<\/title>\n<meta name=\"description\" content=\"Tout immeuble soumis au r\u00e9gime de la copropri\u00e9t\u00e9 est tenu de nommer un syndic. D\u00e9couvrez dans cet article les \u00e9tapes de nomination\" \/>\n<meta name=\"robots\" content=\"index, follow, max-snippet:-1, max-image-preview:large, max-video-preview:-1\" \/>\n<link rel=\"canonical\" href=\"https:\/\/syndicyourself.be\/fr\/syndic-benevole\/faq\/comment-nommer-un-syndic-benevole\/\" \/>\n<meta property=\"og:locale\" content=\"fr_FR\" \/>\n<meta property=\"og:type\" content=\"article\" \/>\n<meta property=\"og:title\" content=\"Tout savoir sur la nomination d&#039;un syndic b\u00e9n\u00e9vole en Belgique\" \/>\n<meta property=\"og:description\" content=\"Tout immeuble soumis au r\u00e9gime de la copropri\u00e9t\u00e9 est tenu de nommer un syndic. D\u00e9couvrez dans cet article les \u00e9tapes de nomination\" \/>\n<meta property=\"og:url\" content=\"https:\/\/syndicyourself.be\/fr\/syndic-benevole\/faq\/comment-nommer-un-syndic-benevole\/\" \/>\n<meta property=\"og:site_name\" content=\"Syndic Yourself\" \/>\n<meta property=\"article:publisher\" content=\"https:\/\/www.facebook.com\/syndic4you\/\" \/>\n<meta property=\"article:modified_time\" content=\"2024-10-10T11:07:30+00:00\" \/>\n<meta property=\"og:image\" content=\"https:\/\/syndicyourself.be\/wp-content\/uploads\/2023\/02\/nommer-syndic-benevole-belgique.png\" \/>\n\t<meta property=\"og:image:width\" content=\"1200\" \/>\n\t<meta property=\"og:image:height\" content=\"900\" \/>\n\t<meta property=\"og:image:type\" content=\"image\/png\" \/>\n<meta name=\"twitter:card\" content=\"summary_large_image\" \/>\n<meta name=\"twitter:label1\" content=\"Dur\u00e9e de lecture est.\" \/>\n\t<meta name=\"twitter:data1\" content=\"3 minutes\" \/>\n<script type=\"application\/ld+json\" class=\"yoast-schema-graph\">{\"@context\":\"https:\\\/\\\/schema.org\",\"@graph\":[{\"@type\":\"WebPage\",\"@id\":\"https:\\\/\\\/syndicyourself.be\\\/fr\\\/syndic-benevole\\\/faq\\\/comment-nommer-un-syndic-benevole\\\/\",\"url\":\"https:\\\/\\\/syndicyourself.be\\\/fr\\\/syndic-benevole\\\/faq\\\/comment-nommer-un-syndic-benevole\\\/\",\"name\":\"Tout savoir sur la nomination d'un syndic b\u00e9n\u00e9vole en Belgique\",\"isPartOf\":{\"@id\":\"https:\\\/\\\/syndicyourself.be\\\/fr\\\/#website\"},\"primaryImageOfPage\":{\"@id\":\"https:\\\/\\\/syndicyourself.be\\\/fr\\\/syndic-benevole\\\/faq\\\/comment-nommer-un-syndic-benevole\\\/#primaryimage\"},\"image\":{\"@id\":\"https:\\\/\\\/syndicyourself.be\\\/fr\\\/syndic-benevole\\\/faq\\\/comment-nommer-un-syndic-benevole\\\/#primaryimage\"},\"thumbnailUrl\":\"https:\\\/\\\/syndicyourself.be\\\/wp-content\\\/uploads\\\/2023\\\/02\\\/nommer-syndic-benevole-belgique.png\",\"datePublished\":\"2023-03-08T08:03:38+00:00\",\"dateModified\":\"2024-10-10T11:07:30+00:00\",\"description\":\"Tout immeuble soumis au r\u00e9gime de la copropri\u00e9t\u00e9 est tenu de nommer un syndic. D\u00e9couvrez dans cet article les \u00e9tapes de nomination\",\"breadcrumb\":{\"@id\":\"https:\\\/\\\/syndicyourself.be\\\/fr\\\/syndic-benevole\\\/faq\\\/comment-nommer-un-syndic-benevole\\\/#breadcrumb\"},\"inLanguage\":\"fr-BE\",\"potentialAction\":[{\"@type\":\"ReadAction\",\"target\":[\"https:\\\/\\\/syndicyourself.be\\\/fr\\\/syndic-benevole\\\/faq\\\/comment-nommer-un-syndic-benevole\\\/\"]}]},{\"@type\":\"ImageObject\",\"inLanguage\":\"fr-BE\",\"@id\":\"https:\\\/\\\/syndicyourself.be\\\/fr\\\/syndic-benevole\\\/faq\\\/comment-nommer-un-syndic-benevole\\\/#primaryimage\",\"url\":\"https:\\\/\\\/syndicyourself.be\\\/wp-content\\\/uploads\\\/2023\\\/02\\\/nommer-syndic-benevole-belgique.png\",\"contentUrl\":\"https:\\\/\\\/syndicyourself.be\\\/wp-content\\\/uploads\\\/2023\\\/02\\\/nommer-syndic-benevole-belgique.png\",\"width\":1200,\"height\":900,\"caption\":\"nommer un syndic b\u00e9n\u00e9vole Belgique - Syndic de copropri\u00e9t\u00e9\"},{\"@type\":\"BreadcrumbList\",\"@id\":\"https:\\\/\\\/syndicyourself.be\\\/fr\\\/syndic-benevole\\\/faq\\\/comment-nommer-un-syndic-benevole\\\/#breadcrumb\",\"itemListElement\":[{\"@type\":\"ListItem\",\"position\":1,\"name\":\"Accueil\",\"item\":\"https:\\\/\\\/syndicyourself.be\\\/fr\\\/\"},{\"@type\":\"ListItem\",\"position\":2,\"name\":\"Syndic b\u00e9n\u00e9vole\",\"item\":\"https:\\\/\\\/syndicyourself.be\\\/fr\\\/syndic-benevole\\\/\"},{\"@type\":\"ListItem\",\"position\":3,\"name\":\"Syndic b\u00e9n\u00e9vole : Les questions les plus pos\u00e9es\",\"item\":\"https:\\\/\\\/syndicyourself.be\\\/fr\\\/syndic-benevole\\\/faq\\\/\"},{\"@type\":\"ListItem\",\"position\":4,\"name\":\"Comment nommer un syndic b\u00e9n\u00e9vole en Belgique\u2009?\"}]},{\"@type\":\"WebSite\",\"@id\":\"https:\\\/\\\/syndicyourself.be\\\/fr\\\/#website\",\"url\":\"https:\\\/\\\/syndicyourself.be\\\/fr\\\/\",\"name\":\"Syndic Yourself\",\"description\":\"Le meilleur syndic, c&#039;est vous\",\"publisher\":{\"@id\":\"https:\\\/\\\/syndicyourself.be\\\/fr\\\/#organization\"},\"potentialAction\":[{\"@type\":\"SearchAction\",\"target\":{\"@type\":\"EntryPoint\",\"urlTemplate\":\"https:\\\/\\\/syndicyourself.be\\\/fr\\\/?s={search_term_string}\"},\"query-input\":{\"@type\":\"PropertyValueSpecification\",\"valueRequired\":true,\"valueName\":\"search_term_string\"}}],\"inLanguage\":\"fr-BE\"},{\"@type\":\"Organization\",\"@id\":\"https:\\\/\\\/syndicyourself.be\\\/fr\\\/#organization\",\"name\":\"Syndic Yourself\",\"url\":\"https:\\\/\\\/syndicyourself.be\\\/fr\\\/\",\"logo\":{\"@type\":\"ImageObject\",\"inLanguage\":\"fr-BE\",\"@id\":\"https:\\\/\\\/syndicyourself.be\\\/fr\\\/#\\\/schema\\\/logo\\\/image\\\/\",\"url\":\"https:\\\/\\\/syndicyourself.be\\\/wp-content\\\/uploads\\\/2022\\\/11\\\/logo.svg\",\"contentUrl\":\"https:\\\/\\\/syndicyourself.be\\\/wp-content\\\/uploads\\\/2022\\\/11\\\/logo.svg\",\"caption\":\"Syndic Yourself\"},\"image\":{\"@id\":\"https:\\\/\\\/syndicyourself.be\\\/fr\\\/#\\\/schema\\\/logo\\\/image\\\/\"},\"sameAs\":[\"https:\\\/\\\/www.facebook.com\\\/syndic4you\\\/\"]}]}<\/script>\n<!-- \/ Yoast SEO plugin. -->","yoast_head_json":{"title":"Tout savoir sur la nomination d'un syndic b\u00e9n\u00e9vole en Belgique","description":"Tout immeuble soumis au r\u00e9gime de la copropri\u00e9t\u00e9 est tenu de nommer un syndic. D\u00e9couvrez dans cet article les \u00e9tapes de nomination","robots":{"index":"index","follow":"follow","max-snippet":"max-snippet:-1","max-image-preview":"max-image-preview:large","max-video-preview":"max-video-preview:-1"},"canonical":"https:\/\/syndicyourself.be\/fr\/syndic-benevole\/faq\/comment-nommer-un-syndic-benevole\/","og_locale":"fr_FR","og_type":"article","og_title":"Tout savoir sur la nomination d'un syndic b\u00e9n\u00e9vole en Belgique","og_description":"Tout immeuble soumis au r\u00e9gime de la copropri\u00e9t\u00e9 est tenu de nommer un syndic. D\u00e9couvrez dans cet article les \u00e9tapes de nomination","og_url":"https:\/\/syndicyourself.be\/fr\/syndic-benevole\/faq\/comment-nommer-un-syndic-benevole\/","og_site_name":"Syndic Yourself","article_publisher":"https:\/\/www.facebook.com\/syndic4you\/","article_modified_time":"2024-10-10T11:07:30+00:00","og_image":[{"width":1200,"height":900,"url":"https:\/\/syndicyourself.be\/wp-content\/uploads\/2023\/02\/nommer-syndic-benevole-belgique.png","type":"image\/png"}],"twitter_card":"summary_large_image","twitter_misc":{"Dur\u00e9e de lecture est.":"3 minutes"},"schema":{"@context":"https:\/\/schema.org","@graph":[{"@type":"WebPage","@id":"https:\/\/syndicyourself.be\/fr\/syndic-benevole\/faq\/comment-nommer-un-syndic-benevole\/","url":"https:\/\/syndicyourself.be\/fr\/syndic-benevole\/faq\/comment-nommer-un-syndic-benevole\/","name":"Tout savoir sur la nomination d'un syndic b\u00e9n\u00e9vole en Belgique","isPartOf":{"@id":"https:\/\/syndicyourself.be\/fr\/#website"},"primaryImageOfPage":{"@id":"https:\/\/syndicyourself.be\/fr\/syndic-benevole\/faq\/comment-nommer-un-syndic-benevole\/#primaryimage"},"image":{"@id":"https:\/\/syndicyourself.be\/fr\/syndic-benevole\/faq\/comment-nommer-un-syndic-benevole\/#primaryimage"},"thumbnailUrl":"https:\/\/syndicyourself.be\/wp-content\/uploads\/2023\/02\/nommer-syndic-benevole-belgique.png","datePublished":"2023-03-08T08:03:38+00:00","dateModified":"2024-10-10T11:07:30+00:00","description":"Tout immeuble soumis au r\u00e9gime de la copropri\u00e9t\u00e9 est tenu de nommer un syndic. D\u00e9couvrez dans cet article les \u00e9tapes de nomination","breadcrumb":{"@id":"https:\/\/syndicyourself.be\/fr\/syndic-benevole\/faq\/comment-nommer-un-syndic-benevole\/#breadcrumb"},"inLanguage":"fr-BE","potentialAction":[{"@type":"ReadAction","target":["https:\/\/syndicyourself.be\/fr\/syndic-benevole\/faq\/comment-nommer-un-syndic-benevole\/"]}]},{"@type":"ImageObject","inLanguage":"fr-BE","@id":"https:\/\/syndicyourself.be\/fr\/syndic-benevole\/faq\/comment-nommer-un-syndic-benevole\/#primaryimage","url":"https:\/\/syndicyourself.be\/wp-content\/uploads\/2023\/02\/nommer-syndic-benevole-belgique.png","contentUrl":"https:\/\/syndicyourself.be\/wp-content\/uploads\/2023\/02\/nommer-syndic-benevole-belgique.png","width":1200,"height":900,"caption":"nommer un syndic b\u00e9n\u00e9vole Belgique - Syndic de copropri\u00e9t\u00e9"},{"@type":"BreadcrumbList","@id":"https:\/\/syndicyourself.be\/fr\/syndic-benevole\/faq\/comment-nommer-un-syndic-benevole\/#breadcrumb","itemListElement":[{"@type":"ListItem","position":1,"name":"Accueil","item":"https:\/\/syndicyourself.be\/fr\/"},{"@type":"ListItem","position":2,"name":"Syndic b\u00e9n\u00e9vole","item":"https:\/\/syndicyourself.be\/fr\/syndic-benevole\/"},{"@type":"ListItem","position":3,"name":"Syndic b\u00e9n\u00e9vole : Les questions les plus pos\u00e9es","item":"https:\/\/syndicyourself.be\/fr\/syndic-benevole\/faq\/"},{"@type":"ListItem","position":4,"name":"Comment nommer un syndic b\u00e9n\u00e9vole en Belgique\u2009?"}]},{"@type":"WebSite","@id":"https:\/\/syndicyourself.be\/fr\/#website","url":"https:\/\/syndicyourself.be\/fr\/","name":"Syndic Yourself","description":"Le meilleur syndic, c&#039;est vous","publisher":{"@id":"https:\/\/syndicyourself.be\/fr\/#organization"},"potentialAction":[{"@type":"SearchAction","target":{"@type":"EntryPoint","urlTemplate":"https:\/\/syndicyourself.be\/fr\/?s={search_term_string}"},"query-input":{"@type":"PropertyValueSpecification","valueRequired":true,"valueName":"search_term_string"}}],"inLanguage":"fr-BE"},{"@type":"Organization","@id":"https:\/\/syndicyourself.be\/fr\/#organization","name":"Syndic Yourself","url":"https:\/\/syndicyourself.be\/fr\/","logo":{"@type":"ImageObject","inLanguage":"fr-BE","@id":"https:\/\/syndicyourself.be\/fr\/#\/schema\/logo\/image\/","url":"https:\/\/syndicyourself.be\/wp-content\/uploads\/2022\/11\/logo.svg","contentUrl":"https:\/\/syndicyourself.be\/wp-content\/uploads\/2022\/11\/logo.svg","caption":"Syndic Yourself"},"image":{"@id":"https:\/\/syndicyourself.be\/fr\/#\/schema\/logo\/image\/"},"sameAs":["https:\/\/www.facebook.com\/syndic4you\/"]}]}},"_links":{"self":[{"href":"https:\/\/syndicyourself.be\/fr\/wp-json\/wp\/v2\/pages\/6486","targetHints":{"allow":["GET"]}}],"collection":[{"href":"https:\/\/syndicyourself.be\/fr\/wp-json\/wp\/v2\/pages"}],"about":[{"href":"https:\/\/syndicyourself.be\/fr\/wp-json\/wp\/v2\/types\/page"}],"author":[{"embeddable":true,"href":"https:\/\/syndicyourself.be\/fr\/wp-json\/wp\/v2\/users\/3"}],"replies":[{"embeddable":true,"href":"https:\/\/syndicyourself.be\/fr\/wp-json\/wp\/v2\/comments?post=6486"}],"version-history":[{"count":0,"href":"https:\/\/syndicyourself.be\/fr\/wp-json\/wp\/v2\/pages\/6486\/revisions"}],"up":[{"embeddable":true,"href":"https:\/\/syndicyourself.be\/fr\/wp-json\/wp\/v2\/pages\/1760"}],"wp:featuredmedia":[{"embeddable":true,"href":"https:\/\/syndicyourself.be\/fr\/wp-json\/wp\/v2\/media\/6487"}],"wp:attachment":[{"href":"https:\/\/syndicyourself.be\/fr\/wp-json\/wp\/v2\/media?parent=6486"}],"curies":[{"name":"wp","href":"https:\/\/api.w.org\/{rel}","templated":true}]}}