{"id":6796,"date":"2023-03-15T10:56:58","date_gmt":"2023-03-15T09:56:58","guid":{"rendered":"https:\/\/syndicyourself.be\/?post_type=silo&#038;p=6796"},"modified":"2025-08-26T17:15:57","modified_gmt":"2025-08-26T15:15:57","slug":"syndic-professionnel","status":"publish","type":"page","link":"https:\/\/syndicyourself.be\/fr\/syndic-benevole\/en-pratique\/syndic-professionnel\/","title":{"rendered":"Tout savoir sur le syndic professionnel"},"content":{"rendered":"","protected":false},"excerpt":{"rendered":"<p>Tous les immeubles plac\u00e9s sous le r\u00e9gime de la copropri\u00e9t\u00e9 doivent obligatoirement se doter d&rsquo;un syndic. En Belgique, il en existe deux principaux mod\u00e8les : le syndic b\u00e9n\u00e9vole et le syndic professionnel. Que faut-il savoir sur ce dernier ? Nous vous expliquons tout dans cet article.<\/p>\n","protected":false},"author":3,"featured_media":6806,"parent":1753,"menu_order":0,"comment_status":"closed","ping_status":"closed","template":"views\/template-single-silo.blade.php","meta":{"_acf_changed":false,"footnotes":""},"class_list":["post-6796","page","type-page","status-publish","has-post-thumbnail","hentry"],"acf":[],"yoast_head":"<!-- This site is optimized with the Yoast SEO plugin v27.5 - https:\/\/yoast.com\/product\/yoast-seo-wordpress\/ -->\n<title>Syndic professionnel \u2013 missions I Syndic copropri\u00e9t\u00e9<\/title>\n<meta name=\"description\" content=\"Quel r\u00f4le joue un syndic professionnel \u00e0 la diff\u00e9rence d&#039;un syndic b\u00e9n\u00e9vole ? Nous vous expliquons tout dans cet article.\" \/>\n<meta name=\"robots\" content=\"index, follow, max-snippet:-1, max-image-preview:large, max-video-preview:-1\" \/>\n<link rel=\"canonical\" href=\"https:\/\/syndicyourself.be\/fr\/syndic-benevole\/en-pratique\/syndic-professionnel\/\" \/>\n<meta property=\"og:locale\" content=\"fr_FR\" \/>\n<meta property=\"og:type\" content=\"article\" \/>\n<meta property=\"og:title\" content=\"Syndic professionnel \u2013 missions I Syndic copropri\u00e9t\u00e9\" \/>\n<meta property=\"og:description\" content=\"Quel r\u00f4le joue un syndic professionnel \u00e0 la diff\u00e9rence d&#039;un syndic b\u00e9n\u00e9vole ? Nous vous expliquons tout dans cet article.\" \/>\n<meta property=\"og:url\" content=\"https:\/\/syndicyourself.be\/fr\/syndic-benevole\/en-pratique\/syndic-professionnel\/\" \/>\n<meta property=\"og:site_name\" content=\"Syndic Yourself\" \/>\n<meta property=\"article:publisher\" content=\"https:\/\/www.facebook.com\/syndic4you\/\" \/>\n<meta property=\"article:modified_time\" content=\"2025-08-26T15:15:57+00:00\" \/>\n<meta property=\"og:image\" content=\"https:\/\/syndicyourself.be\/wp-content\/uploads\/2023\/03\/syndic-professionnel.png\" \/>\n\t<meta property=\"og:image:width\" content=\"1200\" \/>\n\t<meta property=\"og:image:height\" content=\"900\" \/>\n\t<meta property=\"og:image:type\" content=\"image\/png\" \/>\n<meta name=\"twitter:card\" content=\"summary_large_image\" \/>\n<meta name=\"twitter:label1\" content=\"Dur\u00e9e de lecture est.\" \/>\n\t<meta name=\"twitter:data1\" content=\"4 minutes\" \/>\n<script type=\"application\/ld+json\" class=\"yoast-schema-graph\">{\"@context\":\"https:\\\/\\\/schema.org\",\"@graph\":[{\"@type\":\"WebPage\",\"@id\":\"https:\\\/\\\/syndicyourself.be\\\/fr\\\/syndic-benevole\\\/en-pratique\\\/syndic-professionnel\\\/\",\"url\":\"https:\\\/\\\/syndicyourself.be\\\/fr\\\/syndic-benevole\\\/en-pratique\\\/syndic-professionnel\\\/\",\"name\":\"Syndic professionnel \u2013 missions I Syndic copropri\u00e9t\u00e9\",\"isPartOf\":{\"@id\":\"https:\\\/\\\/syndicyourself.be\\\/fr\\\/#website\"},\"primaryImageOfPage\":{\"@id\":\"https:\\\/\\\/syndicyourself.be\\\/fr\\\/syndic-benevole\\\/en-pratique\\\/syndic-professionnel\\\/#primaryimage\"},\"image\":{\"@id\":\"https:\\\/\\\/syndicyourself.be\\\/fr\\\/syndic-benevole\\\/en-pratique\\\/syndic-professionnel\\\/#primaryimage\"},\"thumbnailUrl\":\"https:\\\/\\\/syndicyourself.be\\\/wp-content\\\/uploads\\\/2023\\\/03\\\/syndic-professionnel.png\",\"datePublished\":\"2023-03-15T09:56:58+00:00\",\"dateModified\":\"2025-08-26T15:15:57+00:00\",\"description\":\"Quel r\u00f4le joue un syndic professionnel \u00e0 la diff\u00e9rence d'un syndic b\u00e9n\u00e9vole ? Nous vous expliquons tout dans cet article.\",\"breadcrumb\":{\"@id\":\"https:\\\/\\\/syndicyourself.be\\\/fr\\\/syndic-benevole\\\/en-pratique\\\/syndic-professionnel\\\/#breadcrumb\"},\"inLanguage\":\"fr-BE\",\"potentialAction\":[{\"@type\":\"ReadAction\",\"target\":[\"https:\\\/\\\/syndicyourself.be\\\/fr\\\/syndic-benevole\\\/en-pratique\\\/syndic-professionnel\\\/\"]}]},{\"@type\":\"ImageObject\",\"inLanguage\":\"fr-BE\",\"@id\":\"https:\\\/\\\/syndicyourself.be\\\/fr\\\/syndic-benevole\\\/en-pratique\\\/syndic-professionnel\\\/#primaryimage\",\"url\":\"https:\\\/\\\/syndicyourself.be\\\/wp-content\\\/uploads\\\/2023\\\/03\\\/syndic-professionnel.png\",\"contentUrl\":\"https:\\\/\\\/syndicyourself.be\\\/wp-content\\\/uploads\\\/2023\\\/03\\\/syndic-professionnel.png\",\"width\":1200,\"height\":900,\"caption\":\"syndic professionnel - Syndic de copropri\u00e9t\u00e9\"},{\"@type\":\"BreadcrumbList\",\"@id\":\"https:\\\/\\\/syndicyourself.be\\\/fr\\\/syndic-benevole\\\/en-pratique\\\/syndic-professionnel\\\/#breadcrumb\",\"itemListElement\":[{\"@type\":\"ListItem\",\"position\":1,\"name\":\"Accueil\",\"item\":\"https:\\\/\\\/syndicyourself.be\\\/fr\\\/\"},{\"@type\":\"ListItem\",\"position\":2,\"name\":\"Syndic b\u00e9n\u00e9vole\",\"item\":\"https:\\\/\\\/syndicyourself.be\\\/fr\\\/syndic-benevole\\\/\"},{\"@type\":\"ListItem\",\"position\":3,\"name\":\"Syndic b\u00e9n\u00e9vole : en pratique\",\"item\":\"https:\\\/\\\/syndicyourself.be\\\/fr\\\/syndic-benevole\\\/en-pratique\\\/\"},{\"@type\":\"ListItem\",\"position\":4,\"name\":\"Tout savoir sur le syndic professionnel\"}]},{\"@type\":\"WebSite\",\"@id\":\"https:\\\/\\\/syndicyourself.be\\\/fr\\\/#website\",\"url\":\"https:\\\/\\\/syndicyourself.be\\\/fr\\\/\",\"name\":\"Syndic Yourself\",\"description\":\"Le meilleur syndic, c&#039;est vous\",\"publisher\":{\"@id\":\"https:\\\/\\\/syndicyourself.be\\\/fr\\\/#organization\"},\"potentialAction\":[{\"@type\":\"SearchAction\",\"target\":{\"@type\":\"EntryPoint\",\"urlTemplate\":\"https:\\\/\\\/syndicyourself.be\\\/fr\\\/?s={search_term_string}\"},\"query-input\":{\"@type\":\"PropertyValueSpecification\",\"valueRequired\":true,\"valueName\":\"search_term_string\"}}],\"inLanguage\":\"fr-BE\"},{\"@type\":\"Organization\",\"@id\":\"https:\\\/\\\/syndicyourself.be\\\/fr\\\/#organization\",\"name\":\"Syndic Yourself\",\"url\":\"https:\\\/\\\/syndicyourself.be\\\/fr\\\/\",\"logo\":{\"@type\":\"ImageObject\",\"inLanguage\":\"fr-BE\",\"@id\":\"https:\\\/\\\/syndicyourself.be\\\/fr\\\/#\\\/schema\\\/logo\\\/image\\\/\",\"url\":\"https:\\\/\\\/syndicyourself.be\\\/wp-content\\\/uploads\\\/2022\\\/11\\\/logo.svg\",\"contentUrl\":\"https:\\\/\\\/syndicyourself.be\\\/wp-content\\\/uploads\\\/2022\\\/11\\\/logo.svg\",\"caption\":\"Syndic Yourself\"},\"image\":{\"@id\":\"https:\\\/\\\/syndicyourself.be\\\/fr\\\/#\\\/schema\\\/logo\\\/image\\\/\"},\"sameAs\":[\"https:\\\/\\\/www.facebook.com\\\/syndic4you\\\/\"]}]}<\/script>\n<!-- \/ Yoast SEO plugin. -->","yoast_head_json":{"title":"Syndic professionnel \u2013 missions I Syndic copropri\u00e9t\u00e9","description":"Quel r\u00f4le joue un syndic professionnel \u00e0 la diff\u00e9rence d'un syndic b\u00e9n\u00e9vole ? Nous vous expliquons tout dans cet article.","robots":{"index":"index","follow":"follow","max-snippet":"max-snippet:-1","max-image-preview":"max-image-preview:large","max-video-preview":"max-video-preview:-1"},"canonical":"https:\/\/syndicyourself.be\/fr\/syndic-benevole\/en-pratique\/syndic-professionnel\/","og_locale":"fr_FR","og_type":"article","og_title":"Syndic professionnel \u2013 missions I Syndic copropri\u00e9t\u00e9","og_description":"Quel r\u00f4le joue un syndic professionnel \u00e0 la diff\u00e9rence d'un syndic b\u00e9n\u00e9vole ? Nous vous expliquons tout dans cet article.","og_url":"https:\/\/syndicyourself.be\/fr\/syndic-benevole\/en-pratique\/syndic-professionnel\/","og_site_name":"Syndic Yourself","article_publisher":"https:\/\/www.facebook.com\/syndic4you\/","article_modified_time":"2025-08-26T15:15:57+00:00","og_image":[{"width":1200,"height":900,"url":"https:\/\/syndicyourself.be\/wp-content\/uploads\/2023\/03\/syndic-professionnel.png","type":"image\/png"}],"twitter_card":"summary_large_image","twitter_misc":{"Dur\u00e9e de lecture est.":"4 minutes"},"schema":{"@context":"https:\/\/schema.org","@graph":[{"@type":"WebPage","@id":"https:\/\/syndicyourself.be\/fr\/syndic-benevole\/en-pratique\/syndic-professionnel\/","url":"https:\/\/syndicyourself.be\/fr\/syndic-benevole\/en-pratique\/syndic-professionnel\/","name":"Syndic professionnel \u2013 missions I Syndic copropri\u00e9t\u00e9","isPartOf":{"@id":"https:\/\/syndicyourself.be\/fr\/#website"},"primaryImageOfPage":{"@id":"https:\/\/syndicyourself.be\/fr\/syndic-benevole\/en-pratique\/syndic-professionnel\/#primaryimage"},"image":{"@id":"https:\/\/syndicyourself.be\/fr\/syndic-benevole\/en-pratique\/syndic-professionnel\/#primaryimage"},"thumbnailUrl":"https:\/\/syndicyourself.be\/wp-content\/uploads\/2023\/03\/syndic-professionnel.png","datePublished":"2023-03-15T09:56:58+00:00","dateModified":"2025-08-26T15:15:57+00:00","description":"Quel r\u00f4le joue un syndic professionnel \u00e0 la diff\u00e9rence d'un syndic b\u00e9n\u00e9vole ? Nous vous expliquons tout dans cet article.","breadcrumb":{"@id":"https:\/\/syndicyourself.be\/fr\/syndic-benevole\/en-pratique\/syndic-professionnel\/#breadcrumb"},"inLanguage":"fr-BE","potentialAction":[{"@type":"ReadAction","target":["https:\/\/syndicyourself.be\/fr\/syndic-benevole\/en-pratique\/syndic-professionnel\/"]}]},{"@type":"ImageObject","inLanguage":"fr-BE","@id":"https:\/\/syndicyourself.be\/fr\/syndic-benevole\/en-pratique\/syndic-professionnel\/#primaryimage","url":"https:\/\/syndicyourself.be\/wp-content\/uploads\/2023\/03\/syndic-professionnel.png","contentUrl":"https:\/\/syndicyourself.be\/wp-content\/uploads\/2023\/03\/syndic-professionnel.png","width":1200,"height":900,"caption":"syndic professionnel - Syndic de copropri\u00e9t\u00e9"},{"@type":"BreadcrumbList","@id":"https:\/\/syndicyourself.be\/fr\/syndic-benevole\/en-pratique\/syndic-professionnel\/#breadcrumb","itemListElement":[{"@type":"ListItem","position":1,"name":"Accueil","item":"https:\/\/syndicyourself.be\/fr\/"},{"@type":"ListItem","position":2,"name":"Syndic b\u00e9n\u00e9vole","item":"https:\/\/syndicyourself.be\/fr\/syndic-benevole\/"},{"@type":"ListItem","position":3,"name":"Syndic b\u00e9n\u00e9vole : en pratique","item":"https:\/\/syndicyourself.be\/fr\/syndic-benevole\/en-pratique\/"},{"@type":"ListItem","position":4,"name":"Tout savoir sur le syndic professionnel"}]},{"@type":"WebSite","@id":"https:\/\/syndicyourself.be\/fr\/#website","url":"https:\/\/syndicyourself.be\/fr\/","name":"Syndic Yourself","description":"Le meilleur syndic, c&#039;est vous","publisher":{"@id":"https:\/\/syndicyourself.be\/fr\/#organization"},"potentialAction":[{"@type":"SearchAction","target":{"@type":"EntryPoint","urlTemplate":"https:\/\/syndicyourself.be\/fr\/?s={search_term_string}"},"query-input":{"@type":"PropertyValueSpecification","valueRequired":true,"valueName":"search_term_string"}}],"inLanguage":"fr-BE"},{"@type":"Organization","@id":"https:\/\/syndicyourself.be\/fr\/#organization","name":"Syndic Yourself","url":"https:\/\/syndicyourself.be\/fr\/","logo":{"@type":"ImageObject","inLanguage":"fr-BE","@id":"https:\/\/syndicyourself.be\/fr\/#\/schema\/logo\/image\/","url":"https:\/\/syndicyourself.be\/wp-content\/uploads\/2022\/11\/logo.svg","contentUrl":"https:\/\/syndicyourself.be\/wp-content\/uploads\/2022\/11\/logo.svg","caption":"Syndic Yourself"},"image":{"@id":"https:\/\/syndicyourself.be\/fr\/#\/schema\/logo\/image\/"},"sameAs":["https:\/\/www.facebook.com\/syndic4you\/"]}]}},"_links":{"self":[{"href":"https:\/\/syndicyourself.be\/fr\/wp-json\/wp\/v2\/pages\/6796","targetHints":{"allow":["GET"]}}],"collection":[{"href":"https:\/\/syndicyourself.be\/fr\/wp-json\/wp\/v2\/pages"}],"about":[{"href":"https:\/\/syndicyourself.be\/fr\/wp-json\/wp\/v2\/types\/page"}],"author":[{"embeddable":true,"href":"https:\/\/syndicyourself.be\/fr\/wp-json\/wp\/v2\/users\/3"}],"replies":[{"embeddable":true,"href":"https:\/\/syndicyourself.be\/fr\/wp-json\/wp\/v2\/comments?post=6796"}],"version-history":[{"count":0,"href":"https:\/\/syndicyourself.be\/fr\/wp-json\/wp\/v2\/pages\/6796\/revisions"}],"up":[{"embeddable":true,"href":"https:\/\/syndicyourself.be\/fr\/wp-json\/wp\/v2\/pages\/1753"}],"wp:featuredmedia":[{"embeddable":true,"href":"https:\/\/syndicyourself.be\/fr\/wp-json\/wp\/v2\/media\/6806"}],"wp:attachment":[{"href":"https:\/\/syndicyourself.be\/fr\/wp-json\/wp\/v2\/media?parent=6796"}],"curies":[{"name":"wp","href":"https:\/\/api.w.org\/{rel}","templated":true}]}}