{"id":6813,"date":"2023-03-29T09:12:17","date_gmt":"2023-03-29T07:12:17","guid":{"rendered":"https:\/\/syndicyourself.be\/?post_type=silo&#038;p=6813"},"modified":"2025-08-26T17:19:58","modified_gmt":"2025-08-26T15:19:58","slug":"prise-de-decision-copropriete","status":"publish","type":"page","link":"https:\/\/syndicyourself.be\/fr\/syndic-benevole\/en-pratique\/prise-de-decision-copropriete\/","title":{"rendered":"Comment prendre des d\u00e9cisions en copropri\u00e9t\u00e9 ?"},"content":{"rendered":"","protected":false},"excerpt":{"rendered":"<p>Les copropri\u00e9t\u00e9s sont des communaut\u00e9s tr\u00e8s r\u00e9glement\u00e9es. Les processus li\u00e9s \u00e0 la prise de d\u00e9cisions doivent notamment suivre des proc\u00e9dures pr\u00e9cises, afin de limiter au maximum les conflits et les litiges.  Explications sur comment les d\u00e9cisions sont adopt\u00e9es en copropri\u00e9t\u00e9.<\/p>\n","protected":false},"author":3,"featured_media":6814,"parent":1753,"menu_order":0,"comment_status":"closed","ping_status":"closed","template":"views\/template-single-silo.blade.php","meta":{"_acf_changed":false,"footnotes":""},"class_list":["post-6813","page","type-page","status-publish","has-post-thumbnail","hentry"],"acf":[],"yoast_head":"<!-- This site is optimized with the Yoast SEO plugin v27.4 - https:\/\/yoast.com\/product\/yoast-seo-wordpress\/ -->\n<title>Prise de d\u00e9cision en copropri\u00e9t\u00e9 I Syndic copropri\u00e9t\u00e9<\/title>\n<meta name=\"description\" content=\"Comment les d\u00e9cisions sont-elles adopt\u00e9es dans les copropri\u00e9t\u00e9s ? Nous vous expliquons tout dans cet article.\" \/>\n<meta name=\"robots\" content=\"index, follow, max-snippet:-1, max-image-preview:large, max-video-preview:-1\" \/>\n<link rel=\"canonical\" href=\"https:\/\/syndicyourself.be\/fr\/syndic-benevole\/en-pratique\/prise-de-decision-copropriete\/\" \/>\n<meta property=\"og:locale\" content=\"fr_FR\" \/>\n<meta property=\"og:type\" content=\"article\" \/>\n<meta property=\"og:title\" content=\"Prise de d\u00e9cision en copropri\u00e9t\u00e9 I Syndic copropri\u00e9t\u00e9\" \/>\n<meta property=\"og:description\" content=\"Comment les d\u00e9cisions sont-elles adopt\u00e9es dans les copropri\u00e9t\u00e9s ? Nous vous expliquons tout dans cet article.\" \/>\n<meta property=\"og:url\" content=\"https:\/\/syndicyourself.be\/fr\/syndic-benevole\/en-pratique\/prise-de-decision-copropriete\/\" \/>\n<meta property=\"og:site_name\" content=\"Syndic Yourself\" \/>\n<meta property=\"article:publisher\" content=\"https:\/\/www.facebook.com\/syndic4you\/\" \/>\n<meta property=\"article:modified_time\" content=\"2025-08-26T15:19:58+00:00\" \/>\n<meta property=\"og:image\" content=\"https:\/\/syndicyourself.be\/wp-content\/uploads\/2023\/03\/prise-de-decision-copropriete.png\" \/>\n\t<meta property=\"og:image:width\" content=\"1200\" \/>\n\t<meta property=\"og:image:height\" content=\"900\" \/>\n\t<meta property=\"og:image:type\" content=\"image\/png\" \/>\n<meta name=\"twitter:card\" content=\"summary_large_image\" \/>\n<meta name=\"twitter:label1\" content=\"Dur\u00e9e de lecture est.\" \/>\n\t<meta name=\"twitter:data1\" content=\"4 minutes\" \/>\n<script type=\"application\/ld+json\" class=\"yoast-schema-graph\">{\"@context\":\"https:\\\/\\\/schema.org\",\"@graph\":[{\"@type\":\"WebPage\",\"@id\":\"https:\\\/\\\/syndicyourself.be\\\/fr\\\/syndic-benevole\\\/en-pratique\\\/prise-de-decision-copropriete\\\/\",\"url\":\"https:\\\/\\\/syndicyourself.be\\\/fr\\\/syndic-benevole\\\/en-pratique\\\/prise-de-decision-copropriete\\\/\",\"name\":\"Prise de d\u00e9cision en copropri\u00e9t\u00e9 I Syndic copropri\u00e9t\u00e9\",\"isPartOf\":{\"@id\":\"https:\\\/\\\/syndicyourself.be\\\/fr\\\/#website\"},\"primaryImageOfPage\":{\"@id\":\"https:\\\/\\\/syndicyourself.be\\\/fr\\\/syndic-benevole\\\/en-pratique\\\/prise-de-decision-copropriete\\\/#primaryimage\"},\"image\":{\"@id\":\"https:\\\/\\\/syndicyourself.be\\\/fr\\\/syndic-benevole\\\/en-pratique\\\/prise-de-decision-copropriete\\\/#primaryimage\"},\"thumbnailUrl\":\"https:\\\/\\\/syndicyourself.be\\\/wp-content\\\/uploads\\\/2023\\\/03\\\/prise-de-decision-copropriete.png\",\"datePublished\":\"2023-03-29T07:12:17+00:00\",\"dateModified\":\"2025-08-26T15:19:58+00:00\",\"description\":\"Comment les d\u00e9cisions sont-elles adopt\u00e9es dans les copropri\u00e9t\u00e9s ? Nous vous expliquons tout dans cet article.\",\"breadcrumb\":{\"@id\":\"https:\\\/\\\/syndicyourself.be\\\/fr\\\/syndic-benevole\\\/en-pratique\\\/prise-de-decision-copropriete\\\/#breadcrumb\"},\"inLanguage\":\"fr-BE\",\"potentialAction\":[{\"@type\":\"ReadAction\",\"target\":[\"https:\\\/\\\/syndicyourself.be\\\/fr\\\/syndic-benevole\\\/en-pratique\\\/prise-de-decision-copropriete\\\/\"]}]},{\"@type\":\"ImageObject\",\"inLanguage\":\"fr-BE\",\"@id\":\"https:\\\/\\\/syndicyourself.be\\\/fr\\\/syndic-benevole\\\/en-pratique\\\/prise-de-decision-copropriete\\\/#primaryimage\",\"url\":\"https:\\\/\\\/syndicyourself.be\\\/wp-content\\\/uploads\\\/2023\\\/03\\\/prise-de-decision-copropriete.png\",\"contentUrl\":\"https:\\\/\\\/syndicyourself.be\\\/wp-content\\\/uploads\\\/2023\\\/03\\\/prise-de-decision-copropriete.png\",\"width\":1200,\"height\":900,\"caption\":\"Prendre des d\u00e9cisions en copropri\u00e9t\u00e9 - Syndic B\u00e9n\u00e9vole\"},{\"@type\":\"BreadcrumbList\",\"@id\":\"https:\\\/\\\/syndicyourself.be\\\/fr\\\/syndic-benevole\\\/en-pratique\\\/prise-de-decision-copropriete\\\/#breadcrumb\",\"itemListElement\":[{\"@type\":\"ListItem\",\"position\":1,\"name\":\"Accueil\",\"item\":\"https:\\\/\\\/syndicyourself.be\\\/fr\\\/\"},{\"@type\":\"ListItem\",\"position\":2,\"name\":\"Syndic b\u00e9n\u00e9vole\",\"item\":\"https:\\\/\\\/syndicyourself.be\\\/fr\\\/syndic-benevole\\\/\"},{\"@type\":\"ListItem\",\"position\":3,\"name\":\"Syndic b\u00e9n\u00e9vole : en pratique\",\"item\":\"https:\\\/\\\/syndicyourself.be\\\/fr\\\/syndic-benevole\\\/en-pratique\\\/\"},{\"@type\":\"ListItem\",\"position\":4,\"name\":\"Comment prendre des d\u00e9cisions en copropri\u00e9t\u00e9 ?\"}]},{\"@type\":\"WebSite\",\"@id\":\"https:\\\/\\\/syndicyourself.be\\\/fr\\\/#website\",\"url\":\"https:\\\/\\\/syndicyourself.be\\\/fr\\\/\",\"name\":\"Syndic Yourself\",\"description\":\"Le meilleur syndic, c&#039;est vous\",\"publisher\":{\"@id\":\"https:\\\/\\\/syndicyourself.be\\\/fr\\\/#organization\"},\"potentialAction\":[{\"@type\":\"SearchAction\",\"target\":{\"@type\":\"EntryPoint\",\"urlTemplate\":\"https:\\\/\\\/syndicyourself.be\\\/fr\\\/?s={search_term_string}\"},\"query-input\":{\"@type\":\"PropertyValueSpecification\",\"valueRequired\":true,\"valueName\":\"search_term_string\"}}],\"inLanguage\":\"fr-BE\"},{\"@type\":\"Organization\",\"@id\":\"https:\\\/\\\/syndicyourself.be\\\/fr\\\/#organization\",\"name\":\"Syndic Yourself\",\"url\":\"https:\\\/\\\/syndicyourself.be\\\/fr\\\/\",\"logo\":{\"@type\":\"ImageObject\",\"inLanguage\":\"fr-BE\",\"@id\":\"https:\\\/\\\/syndicyourself.be\\\/fr\\\/#\\\/schema\\\/logo\\\/image\\\/\",\"url\":\"https:\\\/\\\/syndicyourself.be\\\/wp-content\\\/uploads\\\/2022\\\/11\\\/logo.svg\",\"contentUrl\":\"https:\\\/\\\/syndicyourself.be\\\/wp-content\\\/uploads\\\/2022\\\/11\\\/logo.svg\",\"caption\":\"Syndic Yourself\"},\"image\":{\"@id\":\"https:\\\/\\\/syndicyourself.be\\\/fr\\\/#\\\/schema\\\/logo\\\/image\\\/\"},\"sameAs\":[\"https:\\\/\\\/www.facebook.com\\\/syndic4you\\\/\"]}]}<\/script>\n<!-- \/ Yoast SEO plugin. -->","yoast_head_json":{"title":"Prise de d\u00e9cision en copropri\u00e9t\u00e9 I Syndic copropri\u00e9t\u00e9","description":"Comment les d\u00e9cisions sont-elles adopt\u00e9es dans les copropri\u00e9t\u00e9s ? Nous vous expliquons tout dans cet article.","robots":{"index":"index","follow":"follow","max-snippet":"max-snippet:-1","max-image-preview":"max-image-preview:large","max-video-preview":"max-video-preview:-1"},"canonical":"https:\/\/syndicyourself.be\/fr\/syndic-benevole\/en-pratique\/prise-de-decision-copropriete\/","og_locale":"fr_FR","og_type":"article","og_title":"Prise de d\u00e9cision en copropri\u00e9t\u00e9 I Syndic copropri\u00e9t\u00e9","og_description":"Comment les d\u00e9cisions sont-elles adopt\u00e9es dans les copropri\u00e9t\u00e9s ? Nous vous expliquons tout dans cet article.","og_url":"https:\/\/syndicyourself.be\/fr\/syndic-benevole\/en-pratique\/prise-de-decision-copropriete\/","og_site_name":"Syndic Yourself","article_publisher":"https:\/\/www.facebook.com\/syndic4you\/","article_modified_time":"2025-08-26T15:19:58+00:00","og_image":[{"width":1200,"height":900,"url":"https:\/\/syndicyourself.be\/wp-content\/uploads\/2023\/03\/prise-de-decision-copropriete.png","type":"image\/png"}],"twitter_card":"summary_large_image","twitter_misc":{"Dur\u00e9e de lecture est.":"4 minutes"},"schema":{"@context":"https:\/\/schema.org","@graph":[{"@type":"WebPage","@id":"https:\/\/syndicyourself.be\/fr\/syndic-benevole\/en-pratique\/prise-de-decision-copropriete\/","url":"https:\/\/syndicyourself.be\/fr\/syndic-benevole\/en-pratique\/prise-de-decision-copropriete\/","name":"Prise de d\u00e9cision en copropri\u00e9t\u00e9 I Syndic copropri\u00e9t\u00e9","isPartOf":{"@id":"https:\/\/syndicyourself.be\/fr\/#website"},"primaryImageOfPage":{"@id":"https:\/\/syndicyourself.be\/fr\/syndic-benevole\/en-pratique\/prise-de-decision-copropriete\/#primaryimage"},"image":{"@id":"https:\/\/syndicyourself.be\/fr\/syndic-benevole\/en-pratique\/prise-de-decision-copropriete\/#primaryimage"},"thumbnailUrl":"https:\/\/syndicyourself.be\/wp-content\/uploads\/2023\/03\/prise-de-decision-copropriete.png","datePublished":"2023-03-29T07:12:17+00:00","dateModified":"2025-08-26T15:19:58+00:00","description":"Comment les d\u00e9cisions sont-elles adopt\u00e9es dans les copropri\u00e9t\u00e9s ? Nous vous expliquons tout dans cet article.","breadcrumb":{"@id":"https:\/\/syndicyourself.be\/fr\/syndic-benevole\/en-pratique\/prise-de-decision-copropriete\/#breadcrumb"},"inLanguage":"fr-BE","potentialAction":[{"@type":"ReadAction","target":["https:\/\/syndicyourself.be\/fr\/syndic-benevole\/en-pratique\/prise-de-decision-copropriete\/"]}]},{"@type":"ImageObject","inLanguage":"fr-BE","@id":"https:\/\/syndicyourself.be\/fr\/syndic-benevole\/en-pratique\/prise-de-decision-copropriete\/#primaryimage","url":"https:\/\/syndicyourself.be\/wp-content\/uploads\/2023\/03\/prise-de-decision-copropriete.png","contentUrl":"https:\/\/syndicyourself.be\/wp-content\/uploads\/2023\/03\/prise-de-decision-copropriete.png","width":1200,"height":900,"caption":"Prendre des d\u00e9cisions en copropri\u00e9t\u00e9 - Syndic B\u00e9n\u00e9vole"},{"@type":"BreadcrumbList","@id":"https:\/\/syndicyourself.be\/fr\/syndic-benevole\/en-pratique\/prise-de-decision-copropriete\/#breadcrumb","itemListElement":[{"@type":"ListItem","position":1,"name":"Accueil","item":"https:\/\/syndicyourself.be\/fr\/"},{"@type":"ListItem","position":2,"name":"Syndic b\u00e9n\u00e9vole","item":"https:\/\/syndicyourself.be\/fr\/syndic-benevole\/"},{"@type":"ListItem","position":3,"name":"Syndic b\u00e9n\u00e9vole : en pratique","item":"https:\/\/syndicyourself.be\/fr\/syndic-benevole\/en-pratique\/"},{"@type":"ListItem","position":4,"name":"Comment prendre des d\u00e9cisions en copropri\u00e9t\u00e9 ?"}]},{"@type":"WebSite","@id":"https:\/\/syndicyourself.be\/fr\/#website","url":"https:\/\/syndicyourself.be\/fr\/","name":"Syndic Yourself","description":"Le meilleur syndic, c&#039;est vous","publisher":{"@id":"https:\/\/syndicyourself.be\/fr\/#organization"},"potentialAction":[{"@type":"SearchAction","target":{"@type":"EntryPoint","urlTemplate":"https:\/\/syndicyourself.be\/fr\/?s={search_term_string}"},"query-input":{"@type":"PropertyValueSpecification","valueRequired":true,"valueName":"search_term_string"}}],"inLanguage":"fr-BE"},{"@type":"Organization","@id":"https:\/\/syndicyourself.be\/fr\/#organization","name":"Syndic Yourself","url":"https:\/\/syndicyourself.be\/fr\/","logo":{"@type":"ImageObject","inLanguage":"fr-BE","@id":"https:\/\/syndicyourself.be\/fr\/#\/schema\/logo\/image\/","url":"https:\/\/syndicyourself.be\/wp-content\/uploads\/2022\/11\/logo.svg","contentUrl":"https:\/\/syndicyourself.be\/wp-content\/uploads\/2022\/11\/logo.svg","caption":"Syndic Yourself"},"image":{"@id":"https:\/\/syndicyourself.be\/fr\/#\/schema\/logo\/image\/"},"sameAs":["https:\/\/www.facebook.com\/syndic4you\/"]}]}},"_links":{"self":[{"href":"https:\/\/syndicyourself.be\/fr\/wp-json\/wp\/v2\/pages\/6813","targetHints":{"allow":["GET"]}}],"collection":[{"href":"https:\/\/syndicyourself.be\/fr\/wp-json\/wp\/v2\/pages"}],"about":[{"href":"https:\/\/syndicyourself.be\/fr\/wp-json\/wp\/v2\/types\/page"}],"author":[{"embeddable":true,"href":"https:\/\/syndicyourself.be\/fr\/wp-json\/wp\/v2\/users\/3"}],"replies":[{"embeddable":true,"href":"https:\/\/syndicyourself.be\/fr\/wp-json\/wp\/v2\/comments?post=6813"}],"version-history":[{"count":0,"href":"https:\/\/syndicyourself.be\/fr\/wp-json\/wp\/v2\/pages\/6813\/revisions"}],"up":[{"embeddable":true,"href":"https:\/\/syndicyourself.be\/fr\/wp-json\/wp\/v2\/pages\/1753"}],"wp:featuredmedia":[{"embeddable":true,"href":"https:\/\/syndicyourself.be\/fr\/wp-json\/wp\/v2\/media\/6814"}],"wp:attachment":[{"href":"https:\/\/syndicyourself.be\/fr\/wp-json\/wp\/v2\/media?parent=6813"}],"curies":[{"name":"wp","href":"https:\/\/api.w.org\/{rel}","templated":true}]}}