{"id":7482,"date":"2023-06-21T07:19:22","date_gmt":"2023-06-21T05:19:22","guid":{"rendered":"https:\/\/syndicyourself.be\/?post_type=silo&#038;p=7482"},"modified":"2023-06-14T11:20:10","modified_gmt":"2023-06-14T09:20:10","slug":"modifier-reglement-de-copropriete","status":"publish","type":"page","link":"https:\/\/syndicyourself.be\/fr\/syndic-benevole\/faq\/modifier-reglement-de-copropriete\/","title":{"rendered":"Qui peut modifier le r\u00e8glement de copropri\u00e9t\u00e9 ?"},"content":{"rendered":"","protected":false},"excerpt":{"rendered":"<p>Le r\u00e8glement de copropri\u00e9t\u00e9 est un document qui fixe les droits et obligations de chaque copropri\u00e9taire. Il comprend notamment les informations relatives aux modes de calcul des charges, au fonctionnement des assembl\u00e9es g\u00e9n\u00e9rales, etc.<\/p>\n","protected":false},"author":3,"featured_media":7483,"parent":1760,"menu_order":0,"comment_status":"closed","ping_status":"closed","template":"views\/template-single-silo.blade.php","meta":{"_acf_changed":false,"footnotes":""},"class_list":["post-7482","page","type-page","status-publish","has-post-thumbnail","hentry"],"acf":[],"yoast_head":"<!-- This site is optimized with the Yoast SEO plugin v27.4 - https:\/\/yoast.com\/product\/yoast-seo-wordpress\/ -->\n<title>R\u00e8glement de copropri\u00e9t\u00e9 : qui peut le modifier - Syndic Yourself<\/title>\n<meta name=\"description\" content=\"Savez vous ce qu&#039;est le r\u00e8glement de copropri\u00e9t\u00e9 ? D\u00e9couvrez dans cet article ce qu&#039;est ce document de droit et d&#039;obligation.\" \/>\n<meta name=\"robots\" content=\"index, follow, max-snippet:-1, max-image-preview:large, max-video-preview:-1\" \/>\n<link rel=\"canonical\" href=\"https:\/\/syndicyourself.be\/fr\/syndic-benevole\/faq\/modifier-reglement-de-copropriete\/\" \/>\n<meta property=\"og:locale\" content=\"fr_FR\" \/>\n<meta property=\"og:type\" content=\"article\" \/>\n<meta property=\"og:title\" content=\"R\u00e8glement de copropri\u00e9t\u00e9 : qui peut le modifier - Syndic Yourself\" \/>\n<meta property=\"og:description\" content=\"Savez vous ce qu&#039;est le r\u00e8glement de copropri\u00e9t\u00e9 ? D\u00e9couvrez dans cet article ce qu&#039;est ce document de droit et d&#039;obligation.\" \/>\n<meta property=\"og:url\" content=\"https:\/\/syndicyourself.be\/fr\/syndic-benevole\/faq\/modifier-reglement-de-copropriete\/\" \/>\n<meta property=\"og:site_name\" content=\"Syndic Yourself\" \/>\n<meta property=\"article:publisher\" content=\"https:\/\/www.facebook.com\/syndic4you\/\" \/>\n<meta property=\"og:image\" content=\"https:\/\/syndicyourself.be\/wp-content\/uploads\/2023\/05\/reglement-copropriete.png\" \/>\n\t<meta property=\"og:image:width\" content=\"2240\" \/>\n\t<meta property=\"og:image:height\" content=\"1260\" \/>\n\t<meta property=\"og:image:type\" content=\"image\/png\" \/>\n<meta name=\"twitter:card\" content=\"summary_large_image\" \/>\n<script type=\"application\/ld+json\" class=\"yoast-schema-graph\">{\"@context\":\"https:\\\/\\\/schema.org\",\"@graph\":[{\"@type\":\"WebPage\",\"@id\":\"https:\\\/\\\/syndicyourself.be\\\/fr\\\/syndic-benevole\\\/faq\\\/modifier-reglement-de-copropriete\\\/\",\"url\":\"https:\\\/\\\/syndicyourself.be\\\/fr\\\/syndic-benevole\\\/faq\\\/modifier-reglement-de-copropriete\\\/\",\"name\":\"R\u00e8glement de copropri\u00e9t\u00e9 : qui peut le modifier - Syndic Yourself\",\"isPartOf\":{\"@id\":\"https:\\\/\\\/syndicyourself.be\\\/fr\\\/#website\"},\"primaryImageOfPage\":{\"@id\":\"https:\\\/\\\/syndicyourself.be\\\/fr\\\/syndic-benevole\\\/faq\\\/modifier-reglement-de-copropriete\\\/#primaryimage\"},\"image\":{\"@id\":\"https:\\\/\\\/syndicyourself.be\\\/fr\\\/syndic-benevole\\\/faq\\\/modifier-reglement-de-copropriete\\\/#primaryimage\"},\"thumbnailUrl\":\"https:\\\/\\\/syndicyourself.be\\\/wp-content\\\/uploads\\\/2023\\\/05\\\/reglement-copropriete.png\",\"datePublished\":\"2023-06-21T05:19:22+00:00\",\"description\":\"Savez vous ce qu'est le r\u00e8glement de copropri\u00e9t\u00e9 ? D\u00e9couvrez dans cet article ce qu'est ce document de droit et d'obligation.\",\"breadcrumb\":{\"@id\":\"https:\\\/\\\/syndicyourself.be\\\/fr\\\/syndic-benevole\\\/faq\\\/modifier-reglement-de-copropriete\\\/#breadcrumb\"},\"inLanguage\":\"fr-BE\",\"potentialAction\":[{\"@type\":\"ReadAction\",\"target\":[\"https:\\\/\\\/syndicyourself.be\\\/fr\\\/syndic-benevole\\\/faq\\\/modifier-reglement-de-copropriete\\\/\"]}]},{\"@type\":\"ImageObject\",\"inLanguage\":\"fr-BE\",\"@id\":\"https:\\\/\\\/syndicyourself.be\\\/fr\\\/syndic-benevole\\\/faq\\\/modifier-reglement-de-copropriete\\\/#primaryimage\",\"url\":\"https:\\\/\\\/syndicyourself.be\\\/wp-content\\\/uploads\\\/2023\\\/05\\\/reglement-copropriete.png\",\"contentUrl\":\"https:\\\/\\\/syndicyourself.be\\\/wp-content\\\/uploads\\\/2023\\\/05\\\/reglement-copropriete.png\",\"width\":2240,\"height\":1260,\"caption\":\"R\u00e8glement de copropri\u00e9t\u00e9 - Syndic B\u00e9n\u00e9vole\"},{\"@type\":\"BreadcrumbList\",\"@id\":\"https:\\\/\\\/syndicyourself.be\\\/fr\\\/syndic-benevole\\\/faq\\\/modifier-reglement-de-copropriete\\\/#breadcrumb\",\"itemListElement\":[{\"@type\":\"ListItem\",\"position\":1,\"name\":\"Accueil\",\"item\":\"https:\\\/\\\/syndicyourself.be\\\/fr\\\/\"},{\"@type\":\"ListItem\",\"position\":2,\"name\":\"Syndic b\u00e9n\u00e9vole\",\"item\":\"https:\\\/\\\/syndicyourself.be\\\/fr\\\/syndic-benevole\\\/\"},{\"@type\":\"ListItem\",\"position\":3,\"name\":\"Syndic b\u00e9n\u00e9vole : Les questions les plus pos\u00e9es\",\"item\":\"https:\\\/\\\/syndicyourself.be\\\/fr\\\/syndic-benevole\\\/faq\\\/\"},{\"@type\":\"ListItem\",\"position\":4,\"name\":\"Qui peut modifier le r\u00e8glement de copropri\u00e9t\u00e9 ?\"}]},{\"@type\":\"WebSite\",\"@id\":\"https:\\\/\\\/syndicyourself.be\\\/fr\\\/#website\",\"url\":\"https:\\\/\\\/syndicyourself.be\\\/fr\\\/\",\"name\":\"Syndic Yourself\",\"description\":\"Le meilleur syndic, c&#039;est vous\",\"publisher\":{\"@id\":\"https:\\\/\\\/syndicyourself.be\\\/fr\\\/#organization\"},\"potentialAction\":[{\"@type\":\"SearchAction\",\"target\":{\"@type\":\"EntryPoint\",\"urlTemplate\":\"https:\\\/\\\/syndicyourself.be\\\/fr\\\/?s={search_term_string}\"},\"query-input\":{\"@type\":\"PropertyValueSpecification\",\"valueRequired\":true,\"valueName\":\"search_term_string\"}}],\"inLanguage\":\"fr-BE\"},{\"@type\":\"Organization\",\"@id\":\"https:\\\/\\\/syndicyourself.be\\\/fr\\\/#organization\",\"name\":\"Syndic Yourself\",\"url\":\"https:\\\/\\\/syndicyourself.be\\\/fr\\\/\",\"logo\":{\"@type\":\"ImageObject\",\"inLanguage\":\"fr-BE\",\"@id\":\"https:\\\/\\\/syndicyourself.be\\\/fr\\\/#\\\/schema\\\/logo\\\/image\\\/\",\"url\":\"https:\\\/\\\/syndicyourself.be\\\/wp-content\\\/uploads\\\/2022\\\/11\\\/logo.svg\",\"contentUrl\":\"https:\\\/\\\/syndicyourself.be\\\/wp-content\\\/uploads\\\/2022\\\/11\\\/logo.svg\",\"caption\":\"Syndic Yourself\"},\"image\":{\"@id\":\"https:\\\/\\\/syndicyourself.be\\\/fr\\\/#\\\/schema\\\/logo\\\/image\\\/\"},\"sameAs\":[\"https:\\\/\\\/www.facebook.com\\\/syndic4you\\\/\"]}]}<\/script>\n<!-- \/ Yoast SEO plugin. -->","yoast_head_json":{"title":"R\u00e8glement de copropri\u00e9t\u00e9 : qui peut le modifier - Syndic Yourself","description":"Savez vous ce qu'est le r\u00e8glement de copropri\u00e9t\u00e9 ? D\u00e9couvrez dans cet article ce qu'est ce document de droit et d'obligation.","robots":{"index":"index","follow":"follow","max-snippet":"max-snippet:-1","max-image-preview":"max-image-preview:large","max-video-preview":"max-video-preview:-1"},"canonical":"https:\/\/syndicyourself.be\/fr\/syndic-benevole\/faq\/modifier-reglement-de-copropriete\/","og_locale":"fr_FR","og_type":"article","og_title":"R\u00e8glement de copropri\u00e9t\u00e9 : qui peut le modifier - Syndic Yourself","og_description":"Savez vous ce qu'est le r\u00e8glement de copropri\u00e9t\u00e9 ? D\u00e9couvrez dans cet article ce qu'est ce document de droit et d'obligation.","og_url":"https:\/\/syndicyourself.be\/fr\/syndic-benevole\/faq\/modifier-reglement-de-copropriete\/","og_site_name":"Syndic Yourself","article_publisher":"https:\/\/www.facebook.com\/syndic4you\/","og_image":[{"width":2240,"height":1260,"url":"https:\/\/syndicyourself.be\/wp-content\/uploads\/2023\/05\/reglement-copropriete.png","type":"image\/png"}],"twitter_card":"summary_large_image","schema":{"@context":"https:\/\/schema.org","@graph":[{"@type":"WebPage","@id":"https:\/\/syndicyourself.be\/fr\/syndic-benevole\/faq\/modifier-reglement-de-copropriete\/","url":"https:\/\/syndicyourself.be\/fr\/syndic-benevole\/faq\/modifier-reglement-de-copropriete\/","name":"R\u00e8glement de copropri\u00e9t\u00e9 : qui peut le modifier - Syndic Yourself","isPartOf":{"@id":"https:\/\/syndicyourself.be\/fr\/#website"},"primaryImageOfPage":{"@id":"https:\/\/syndicyourself.be\/fr\/syndic-benevole\/faq\/modifier-reglement-de-copropriete\/#primaryimage"},"image":{"@id":"https:\/\/syndicyourself.be\/fr\/syndic-benevole\/faq\/modifier-reglement-de-copropriete\/#primaryimage"},"thumbnailUrl":"https:\/\/syndicyourself.be\/wp-content\/uploads\/2023\/05\/reglement-copropriete.png","datePublished":"2023-06-21T05:19:22+00:00","description":"Savez vous ce qu'est le r\u00e8glement de copropri\u00e9t\u00e9 ? D\u00e9couvrez dans cet article ce qu'est ce document de droit et d'obligation.","breadcrumb":{"@id":"https:\/\/syndicyourself.be\/fr\/syndic-benevole\/faq\/modifier-reglement-de-copropriete\/#breadcrumb"},"inLanguage":"fr-BE","potentialAction":[{"@type":"ReadAction","target":["https:\/\/syndicyourself.be\/fr\/syndic-benevole\/faq\/modifier-reglement-de-copropriete\/"]}]},{"@type":"ImageObject","inLanguage":"fr-BE","@id":"https:\/\/syndicyourself.be\/fr\/syndic-benevole\/faq\/modifier-reglement-de-copropriete\/#primaryimage","url":"https:\/\/syndicyourself.be\/wp-content\/uploads\/2023\/05\/reglement-copropriete.png","contentUrl":"https:\/\/syndicyourself.be\/wp-content\/uploads\/2023\/05\/reglement-copropriete.png","width":2240,"height":1260,"caption":"R\u00e8glement de copropri\u00e9t\u00e9 - Syndic B\u00e9n\u00e9vole"},{"@type":"BreadcrumbList","@id":"https:\/\/syndicyourself.be\/fr\/syndic-benevole\/faq\/modifier-reglement-de-copropriete\/#breadcrumb","itemListElement":[{"@type":"ListItem","position":1,"name":"Accueil","item":"https:\/\/syndicyourself.be\/fr\/"},{"@type":"ListItem","position":2,"name":"Syndic b\u00e9n\u00e9vole","item":"https:\/\/syndicyourself.be\/fr\/syndic-benevole\/"},{"@type":"ListItem","position":3,"name":"Syndic b\u00e9n\u00e9vole : Les questions les plus pos\u00e9es","item":"https:\/\/syndicyourself.be\/fr\/syndic-benevole\/faq\/"},{"@type":"ListItem","position":4,"name":"Qui peut modifier le r\u00e8glement de copropri\u00e9t\u00e9 ?"}]},{"@type":"WebSite","@id":"https:\/\/syndicyourself.be\/fr\/#website","url":"https:\/\/syndicyourself.be\/fr\/","name":"Syndic Yourself","description":"Le meilleur syndic, c&#039;est vous","publisher":{"@id":"https:\/\/syndicyourself.be\/fr\/#organization"},"potentialAction":[{"@type":"SearchAction","target":{"@type":"EntryPoint","urlTemplate":"https:\/\/syndicyourself.be\/fr\/?s={search_term_string}"},"query-input":{"@type":"PropertyValueSpecification","valueRequired":true,"valueName":"search_term_string"}}],"inLanguage":"fr-BE"},{"@type":"Organization","@id":"https:\/\/syndicyourself.be\/fr\/#organization","name":"Syndic Yourself","url":"https:\/\/syndicyourself.be\/fr\/","logo":{"@type":"ImageObject","inLanguage":"fr-BE","@id":"https:\/\/syndicyourself.be\/fr\/#\/schema\/logo\/image\/","url":"https:\/\/syndicyourself.be\/wp-content\/uploads\/2022\/11\/logo.svg","contentUrl":"https:\/\/syndicyourself.be\/wp-content\/uploads\/2022\/11\/logo.svg","caption":"Syndic Yourself"},"image":{"@id":"https:\/\/syndicyourself.be\/fr\/#\/schema\/logo\/image\/"},"sameAs":["https:\/\/www.facebook.com\/syndic4you\/"]}]}},"_links":{"self":[{"href":"https:\/\/syndicyourself.be\/fr\/wp-json\/wp\/v2\/pages\/7482","targetHints":{"allow":["GET"]}}],"collection":[{"href":"https:\/\/syndicyourself.be\/fr\/wp-json\/wp\/v2\/pages"}],"about":[{"href":"https:\/\/syndicyourself.be\/fr\/wp-json\/wp\/v2\/types\/page"}],"author":[{"embeddable":true,"href":"https:\/\/syndicyourself.be\/fr\/wp-json\/wp\/v2\/users\/3"}],"replies":[{"embeddable":true,"href":"https:\/\/syndicyourself.be\/fr\/wp-json\/wp\/v2\/comments?post=7482"}],"version-history":[{"count":0,"href":"https:\/\/syndicyourself.be\/fr\/wp-json\/wp\/v2\/pages\/7482\/revisions"}],"up":[{"embeddable":true,"href":"https:\/\/syndicyourself.be\/fr\/wp-json\/wp\/v2\/pages\/1760"}],"wp:featuredmedia":[{"embeddable":true,"href":"https:\/\/syndicyourself.be\/fr\/wp-json\/wp\/v2\/media\/7483"}],"wp:attachment":[{"href":"https:\/\/syndicyourself.be\/fr\/wp-json\/wp\/v2\/media?parent=7482"}],"curies":[{"name":"wp","href":"https:\/\/api.w.org\/{rel}","templated":true}]}}