{"id":9122,"date":"2024-02-21T07:55:50","date_gmt":"2024-02-21T06:55:50","guid":{"rendered":"https:\/\/syndicyourself.be\/?post_type=silo&#038;p=9122"},"modified":"2025-06-02T13:31:54","modified_gmt":"2025-06-02T11:31:54","slug":"litiges-travaux-en-copropriete","status":"publish","type":"page","link":"https:\/\/syndicyourself.be\/fr\/syndic-benevole\/litige-copropriete\/litiges-travaux-en-copropriete\/","title":{"rendered":"Les litiges relatifs aux travaux en copropri\u00e9t\u00e9"},"content":{"rendered":"","protected":false},"excerpt":{"rendered":"<p>La conduite et la gestion des entretiens et des travaux dans un immeuble en copropri\u00e9t\u00e9 peuvent \u00eatre source de conflits. Qu&rsquo;il s&rsquo;agisse de d\u00e9saccord sur la qualit\u00e9 et les d\u00e9lais de travaux dans les parties communes ou la r\u00e9alisation de travaux priv\u00e9s, le syndic joue un r\u00f4le cl\u00e9 dans la r\u00e9solution des litiges.<\/p>\n","protected":false},"author":3,"featured_media":9124,"parent":1751,"menu_order":0,"comment_status":"closed","ping_status":"closed","template":"views\/template-single-silo.blade.php","meta":{"_acf_changed":false,"footnotes":""},"class_list":["post-9122","page","type-page","status-publish","has-post-thumbnail","hentry"],"acf":[],"yoast_head":"<!-- This site is optimized with the Yoast SEO plugin v27.4 - https:\/\/yoast.com\/product\/yoast-seo-wordpress\/ -->\n<title>Litiges travaux en copropri\u00e9t\u00e9 - Syndic b\u00e9n\u00e9vole<\/title>\n<meta name=\"description\" content=\"D\u00e9couvrez les cl\u00e9s pour comprendre les litiges li\u00e9s aux travaux en copropri\u00e9t\u00e9. Conseils pratiques et informations cruciales.\" \/>\n<meta name=\"robots\" content=\"index, follow, max-snippet:-1, max-image-preview:large, max-video-preview:-1\" \/>\n<link rel=\"canonical\" href=\"https:\/\/syndicyourself.be\/fr\/syndic-benevole\/litige-copropriete\/litiges-travaux-en-copropriete\/\" \/>\n<meta property=\"og:locale\" content=\"fr_FR\" \/>\n<meta property=\"og:type\" content=\"article\" \/>\n<meta property=\"og:title\" content=\"Litiges travaux en copropri\u00e9t\u00e9 - Syndic b\u00e9n\u00e9vole\" \/>\n<meta property=\"og:description\" content=\"D\u00e9couvrez les cl\u00e9s pour comprendre les litiges li\u00e9s aux travaux en copropri\u00e9t\u00e9. Conseils pratiques et informations cruciales.\" \/>\n<meta property=\"og:url\" content=\"https:\/\/syndicyourself.be\/fr\/syndic-benevole\/litige-copropriete\/litiges-travaux-en-copropriete\/\" \/>\n<meta property=\"og:site_name\" content=\"Syndic Yourself\" \/>\n<meta property=\"article:publisher\" content=\"https:\/\/www.facebook.com\/syndic4you\/\" \/>\n<meta property=\"article:modified_time\" content=\"2025-06-02T11:31:54+00:00\" \/>\n<meta property=\"og:image\" content=\"https:\/\/syndicyourself.be\/wp-content\/uploads\/2024\/01\/litige-travaux-copropriete.jpg\" \/>\n\t<meta property=\"og:image:width\" content=\"888\" \/>\n\t<meta property=\"og:image:height\" content=\"500\" \/>\n\t<meta property=\"og:image:type\" content=\"image\/jpeg\" \/>\n<meta name=\"twitter:card\" content=\"summary_large_image\" \/>\n<meta name=\"twitter:label1\" content=\"Dur\u00e9e de lecture est.\" \/>\n\t<meta name=\"twitter:data1\" content=\"3 minutes\" \/>\n<script type=\"application\/ld+json\" class=\"yoast-schema-graph\">{\"@context\":\"https:\\\/\\\/schema.org\",\"@graph\":[{\"@type\":\"WebPage\",\"@id\":\"https:\\\/\\\/syndicyourself.be\\\/fr\\\/syndic-benevole\\\/litige-copropriete\\\/litiges-travaux-en-copropriete\\\/\",\"url\":\"https:\\\/\\\/syndicyourself.be\\\/fr\\\/syndic-benevole\\\/litige-copropriete\\\/litiges-travaux-en-copropriete\\\/\",\"name\":\"Litiges travaux en copropri\u00e9t\u00e9 - Syndic b\u00e9n\u00e9vole\",\"isPartOf\":{\"@id\":\"https:\\\/\\\/syndicyourself.be\\\/fr\\\/#website\"},\"primaryImageOfPage\":{\"@id\":\"https:\\\/\\\/syndicyourself.be\\\/fr\\\/syndic-benevole\\\/litige-copropriete\\\/litiges-travaux-en-copropriete\\\/#primaryimage\"},\"image\":{\"@id\":\"https:\\\/\\\/syndicyourself.be\\\/fr\\\/syndic-benevole\\\/litige-copropriete\\\/litiges-travaux-en-copropriete\\\/#primaryimage\"},\"thumbnailUrl\":\"https:\\\/\\\/syndicyourself.be\\\/wp-content\\\/uploads\\\/2024\\\/01\\\/litige-travaux-copropriete.jpg\",\"datePublished\":\"2024-02-21T06:55:50+00:00\",\"dateModified\":\"2025-06-02T11:31:54+00:00\",\"description\":\"D\u00e9couvrez les cl\u00e9s pour comprendre les litiges li\u00e9s aux travaux en copropri\u00e9t\u00e9. Conseils pratiques et informations cruciales.\",\"breadcrumb\":{\"@id\":\"https:\\\/\\\/syndicyourself.be\\\/fr\\\/syndic-benevole\\\/litige-copropriete\\\/litiges-travaux-en-copropriete\\\/#breadcrumb\"},\"inLanguage\":\"fr-BE\",\"potentialAction\":[{\"@type\":\"ReadAction\",\"target\":[\"https:\\\/\\\/syndicyourself.be\\\/fr\\\/syndic-benevole\\\/litige-copropriete\\\/litiges-travaux-en-copropriete\\\/\"]}]},{\"@type\":\"ImageObject\",\"inLanguage\":\"fr-BE\",\"@id\":\"https:\\\/\\\/syndicyourself.be\\\/fr\\\/syndic-benevole\\\/litige-copropriete\\\/litiges-travaux-en-copropriete\\\/#primaryimage\",\"url\":\"https:\\\/\\\/syndicyourself.be\\\/wp-content\\\/uploads\\\/2024\\\/01\\\/litige-travaux-copropriete.jpg\",\"contentUrl\":\"https:\\\/\\\/syndicyourself.be\\\/wp-content\\\/uploads\\\/2024\\\/01\\\/litige-travaux-copropriete.jpg\",\"width\":888,\"height\":500,\"caption\":\"Litige travaux en copropri\u00e9t\u00e9 - Syndic b\u00e9n\u00e9vole\"},{\"@type\":\"BreadcrumbList\",\"@id\":\"https:\\\/\\\/syndicyourself.be\\\/fr\\\/syndic-benevole\\\/litige-copropriete\\\/litiges-travaux-en-copropriete\\\/#breadcrumb\",\"itemListElement\":[{\"@type\":\"ListItem\",\"position\":1,\"name\":\"Accueil\",\"item\":\"https:\\\/\\\/syndicyourself.be\\\/fr\\\/\"},{\"@type\":\"ListItem\",\"position\":2,\"name\":\"Syndic b\u00e9n\u00e9vole\",\"item\":\"https:\\\/\\\/syndicyourself.be\\\/fr\\\/syndic-benevole\\\/\"},{\"@type\":\"ListItem\",\"position\":3,\"name\":\"Litige en copropri\u00e9t\u00e9\",\"item\":\"https:\\\/\\\/syndicyourself.be\\\/fr\\\/syndic-benevole\\\/litige-copropriete\\\/\"},{\"@type\":\"ListItem\",\"position\":4,\"name\":\"Les litiges relatifs aux travaux en copropri\u00e9t\u00e9\"}]},{\"@type\":\"WebSite\",\"@id\":\"https:\\\/\\\/syndicyourself.be\\\/fr\\\/#website\",\"url\":\"https:\\\/\\\/syndicyourself.be\\\/fr\\\/\",\"name\":\"Syndic Yourself\",\"description\":\"Le meilleur syndic, c&#039;est vous\",\"publisher\":{\"@id\":\"https:\\\/\\\/syndicyourself.be\\\/fr\\\/#organization\"},\"potentialAction\":[{\"@type\":\"SearchAction\",\"target\":{\"@type\":\"EntryPoint\",\"urlTemplate\":\"https:\\\/\\\/syndicyourself.be\\\/fr\\\/?s={search_term_string}\"},\"query-input\":{\"@type\":\"PropertyValueSpecification\",\"valueRequired\":true,\"valueName\":\"search_term_string\"}}],\"inLanguage\":\"fr-BE\"},{\"@type\":\"Organization\",\"@id\":\"https:\\\/\\\/syndicyourself.be\\\/fr\\\/#organization\",\"name\":\"Syndic Yourself\",\"url\":\"https:\\\/\\\/syndicyourself.be\\\/fr\\\/\",\"logo\":{\"@type\":\"ImageObject\",\"inLanguage\":\"fr-BE\",\"@id\":\"https:\\\/\\\/syndicyourself.be\\\/fr\\\/#\\\/schema\\\/logo\\\/image\\\/\",\"url\":\"https:\\\/\\\/syndicyourself.be\\\/wp-content\\\/uploads\\\/2022\\\/11\\\/logo.svg\",\"contentUrl\":\"https:\\\/\\\/syndicyourself.be\\\/wp-content\\\/uploads\\\/2022\\\/11\\\/logo.svg\",\"caption\":\"Syndic Yourself\"},\"image\":{\"@id\":\"https:\\\/\\\/syndicyourself.be\\\/fr\\\/#\\\/schema\\\/logo\\\/image\\\/\"},\"sameAs\":[\"https:\\\/\\\/www.facebook.com\\\/syndic4you\\\/\"]}]}<\/script>\n<!-- \/ Yoast SEO plugin. -->","yoast_head_json":{"title":"Litiges travaux en copropri\u00e9t\u00e9 - Syndic b\u00e9n\u00e9vole","description":"D\u00e9couvrez les cl\u00e9s pour comprendre les litiges li\u00e9s aux travaux en copropri\u00e9t\u00e9. Conseils pratiques et informations cruciales.","robots":{"index":"index","follow":"follow","max-snippet":"max-snippet:-1","max-image-preview":"max-image-preview:large","max-video-preview":"max-video-preview:-1"},"canonical":"https:\/\/syndicyourself.be\/fr\/syndic-benevole\/litige-copropriete\/litiges-travaux-en-copropriete\/","og_locale":"fr_FR","og_type":"article","og_title":"Litiges travaux en copropri\u00e9t\u00e9 - Syndic b\u00e9n\u00e9vole","og_description":"D\u00e9couvrez les cl\u00e9s pour comprendre les litiges li\u00e9s aux travaux en copropri\u00e9t\u00e9. Conseils pratiques et informations cruciales.","og_url":"https:\/\/syndicyourself.be\/fr\/syndic-benevole\/litige-copropriete\/litiges-travaux-en-copropriete\/","og_site_name":"Syndic Yourself","article_publisher":"https:\/\/www.facebook.com\/syndic4you\/","article_modified_time":"2025-06-02T11:31:54+00:00","og_image":[{"width":888,"height":500,"url":"https:\/\/syndicyourself.be\/wp-content\/uploads\/2024\/01\/litige-travaux-copropriete.jpg","type":"image\/jpeg"}],"twitter_card":"summary_large_image","twitter_misc":{"Dur\u00e9e de lecture est.":"3 minutes"},"schema":{"@context":"https:\/\/schema.org","@graph":[{"@type":"WebPage","@id":"https:\/\/syndicyourself.be\/fr\/syndic-benevole\/litige-copropriete\/litiges-travaux-en-copropriete\/","url":"https:\/\/syndicyourself.be\/fr\/syndic-benevole\/litige-copropriete\/litiges-travaux-en-copropriete\/","name":"Litiges travaux en copropri\u00e9t\u00e9 - Syndic b\u00e9n\u00e9vole","isPartOf":{"@id":"https:\/\/syndicyourself.be\/fr\/#website"},"primaryImageOfPage":{"@id":"https:\/\/syndicyourself.be\/fr\/syndic-benevole\/litige-copropriete\/litiges-travaux-en-copropriete\/#primaryimage"},"image":{"@id":"https:\/\/syndicyourself.be\/fr\/syndic-benevole\/litige-copropriete\/litiges-travaux-en-copropriete\/#primaryimage"},"thumbnailUrl":"https:\/\/syndicyourself.be\/wp-content\/uploads\/2024\/01\/litige-travaux-copropriete.jpg","datePublished":"2024-02-21T06:55:50+00:00","dateModified":"2025-06-02T11:31:54+00:00","description":"D\u00e9couvrez les cl\u00e9s pour comprendre les litiges li\u00e9s aux travaux en copropri\u00e9t\u00e9. Conseils pratiques et informations cruciales.","breadcrumb":{"@id":"https:\/\/syndicyourself.be\/fr\/syndic-benevole\/litige-copropriete\/litiges-travaux-en-copropriete\/#breadcrumb"},"inLanguage":"fr-BE","potentialAction":[{"@type":"ReadAction","target":["https:\/\/syndicyourself.be\/fr\/syndic-benevole\/litige-copropriete\/litiges-travaux-en-copropriete\/"]}]},{"@type":"ImageObject","inLanguage":"fr-BE","@id":"https:\/\/syndicyourself.be\/fr\/syndic-benevole\/litige-copropriete\/litiges-travaux-en-copropriete\/#primaryimage","url":"https:\/\/syndicyourself.be\/wp-content\/uploads\/2024\/01\/litige-travaux-copropriete.jpg","contentUrl":"https:\/\/syndicyourself.be\/wp-content\/uploads\/2024\/01\/litige-travaux-copropriete.jpg","width":888,"height":500,"caption":"Litige travaux en copropri\u00e9t\u00e9 - Syndic b\u00e9n\u00e9vole"},{"@type":"BreadcrumbList","@id":"https:\/\/syndicyourself.be\/fr\/syndic-benevole\/litige-copropriete\/litiges-travaux-en-copropriete\/#breadcrumb","itemListElement":[{"@type":"ListItem","position":1,"name":"Accueil","item":"https:\/\/syndicyourself.be\/fr\/"},{"@type":"ListItem","position":2,"name":"Syndic b\u00e9n\u00e9vole","item":"https:\/\/syndicyourself.be\/fr\/syndic-benevole\/"},{"@type":"ListItem","position":3,"name":"Litige en copropri\u00e9t\u00e9","item":"https:\/\/syndicyourself.be\/fr\/syndic-benevole\/litige-copropriete\/"},{"@type":"ListItem","position":4,"name":"Les litiges relatifs aux travaux en copropri\u00e9t\u00e9"}]},{"@type":"WebSite","@id":"https:\/\/syndicyourself.be\/fr\/#website","url":"https:\/\/syndicyourself.be\/fr\/","name":"Syndic Yourself","description":"Le meilleur syndic, c&#039;est vous","publisher":{"@id":"https:\/\/syndicyourself.be\/fr\/#organization"},"potentialAction":[{"@type":"SearchAction","target":{"@type":"EntryPoint","urlTemplate":"https:\/\/syndicyourself.be\/fr\/?s={search_term_string}"},"query-input":{"@type":"PropertyValueSpecification","valueRequired":true,"valueName":"search_term_string"}}],"inLanguage":"fr-BE"},{"@type":"Organization","@id":"https:\/\/syndicyourself.be\/fr\/#organization","name":"Syndic Yourself","url":"https:\/\/syndicyourself.be\/fr\/","logo":{"@type":"ImageObject","inLanguage":"fr-BE","@id":"https:\/\/syndicyourself.be\/fr\/#\/schema\/logo\/image\/","url":"https:\/\/syndicyourself.be\/wp-content\/uploads\/2022\/11\/logo.svg","contentUrl":"https:\/\/syndicyourself.be\/wp-content\/uploads\/2022\/11\/logo.svg","caption":"Syndic Yourself"},"image":{"@id":"https:\/\/syndicyourself.be\/fr\/#\/schema\/logo\/image\/"},"sameAs":["https:\/\/www.facebook.com\/syndic4you\/"]}]}},"_links":{"self":[{"href":"https:\/\/syndicyourself.be\/fr\/wp-json\/wp\/v2\/pages\/9122","targetHints":{"allow":["GET"]}}],"collection":[{"href":"https:\/\/syndicyourself.be\/fr\/wp-json\/wp\/v2\/pages"}],"about":[{"href":"https:\/\/syndicyourself.be\/fr\/wp-json\/wp\/v2\/types\/page"}],"author":[{"embeddable":true,"href":"https:\/\/syndicyourself.be\/fr\/wp-json\/wp\/v2\/users\/3"}],"replies":[{"embeddable":true,"href":"https:\/\/syndicyourself.be\/fr\/wp-json\/wp\/v2\/comments?post=9122"}],"version-history":[{"count":0,"href":"https:\/\/syndicyourself.be\/fr\/wp-json\/wp\/v2\/pages\/9122\/revisions"}],"up":[{"embeddable":true,"href":"https:\/\/syndicyourself.be\/fr\/wp-json\/wp\/v2\/pages\/1751"}],"wp:featuredmedia":[{"embeddable":true,"href":"https:\/\/syndicyourself.be\/fr\/wp-json\/wp\/v2\/media\/9124"}],"wp:attachment":[{"href":"https:\/\/syndicyourself.be\/fr\/wp-json\/wp\/v2\/media?parent=9122"}],"curies":[{"name":"wp","href":"https:\/\/api.w.org\/{rel}","templated":true}]}}