{"id":9180,"date":"2024-03-20T08:00:43","date_gmt":"2024-03-20T07:00:43","guid":{"rendered":"https:\/\/syndicyourself.be\/?post_type=silo&#038;p=9180"},"modified":"2025-08-26T17:18:53","modified_gmt":"2025-08-26T15:18:53","slug":"prise-des-decisions-en-copropriete","status":"publish","type":"page","link":"https:\/\/syndicyourself.be\/fr\/syndic-benevole\/en-pratique\/prise-des-decisions-en-copropriete\/","title":{"rendered":"L\u2019assembl\u00e9e g\u00e9n\u00e9rale et la prise des d\u00e9cisions en copropri\u00e9t\u00e9"},"content":{"rendered":"","protected":false},"excerpt":{"rendered":"<p>En copropri\u00e9t\u00e9, les processus de prise de d\u00e9cision sont tr\u00e8s r\u00e9glement\u00e9s. L&rsquo;assembl\u00e9e g\u00e9n\u00e9rale occupe une place centrale dans cette proc\u00e9dure.<\/p>\n","protected":false},"author":3,"featured_media":9182,"parent":1753,"menu_order":0,"comment_status":"closed","ping_status":"closed","template":"views\/template-single-silo.blade.php","meta":{"_acf_changed":false,"footnotes":""},"class_list":["post-9180","page","type-page","status-publish","has-post-thumbnail","hentry"],"acf":[],"yoast_head":"<!-- This site is optimized with the Yoast SEO plugin v27.4 - https:\/\/yoast.com\/product\/yoast-seo-wordpress\/ -->\n<title>Assembl\u00e9e G\u00e9n\u00e9rale: prise de d\u00e9cision en copropri\u00e9t\u00e9 - Syndic<\/title>\n<meta name=\"description\" content=\"Explorez dans cet article les cl\u00e9s pour des d\u00e9cisions r\u00e9ussies en copropri\u00e9t\u00e9. Tout sur l&#039;assembl\u00e9e g\u00e9n\u00e9rale.\" \/>\n<meta name=\"robots\" content=\"index, follow, max-snippet:-1, max-image-preview:large, max-video-preview:-1\" \/>\n<link rel=\"canonical\" href=\"https:\/\/syndicyourself.be\/fr\/syndic-benevole\/en-pratique\/prise-des-decisions-en-copropriete\/\" \/>\n<meta property=\"og:locale\" content=\"fr_FR\" \/>\n<meta property=\"og:type\" content=\"article\" \/>\n<meta property=\"og:title\" content=\"Assembl\u00e9e G\u00e9n\u00e9rale: prise de d\u00e9cision en copropri\u00e9t\u00e9 - Syndic\" \/>\n<meta property=\"og:description\" content=\"Explorez dans cet article les cl\u00e9s pour des d\u00e9cisions r\u00e9ussies en copropri\u00e9t\u00e9. Tout sur l&#039;assembl\u00e9e g\u00e9n\u00e9rale.\" \/>\n<meta property=\"og:url\" content=\"https:\/\/syndicyourself.be\/fr\/syndic-benevole\/en-pratique\/prise-des-decisions-en-copropriete\/\" \/>\n<meta property=\"og:site_name\" content=\"Syndic Yourself\" \/>\n<meta property=\"article:publisher\" content=\"https:\/\/www.facebook.com\/syndic4you\/\" \/>\n<meta property=\"article:modified_time\" content=\"2025-08-26T15:18:53+00:00\" \/>\n<meta property=\"og:image\" content=\"https:\/\/syndicyourself.be\/wp-content\/uploads\/2024\/02\/assemblee-generale-prise-de-descision-copropriete.jpg\" \/>\n\t<meta property=\"og:image:width\" content=\"888\" \/>\n\t<meta property=\"og:image:height\" content=\"500\" \/>\n\t<meta property=\"og:image:type\" content=\"image\/jpeg\" \/>\n<meta name=\"twitter:card\" content=\"summary_large_image\" \/>\n<meta name=\"twitter:label1\" content=\"Dur\u00e9e de lecture est.\" \/>\n\t<meta name=\"twitter:data1\" content=\"4 minutes\" \/>\n<script type=\"application\/ld+json\" class=\"yoast-schema-graph\">{\"@context\":\"https:\\\/\\\/schema.org\",\"@graph\":[{\"@type\":\"WebPage\",\"@id\":\"https:\\\/\\\/syndicyourself.be\\\/fr\\\/syndic-benevole\\\/en-pratique\\\/prise-des-decisions-en-copropriete\\\/\",\"url\":\"https:\\\/\\\/syndicyourself.be\\\/fr\\\/syndic-benevole\\\/en-pratique\\\/prise-des-decisions-en-copropriete\\\/\",\"name\":\"Assembl\u00e9e G\u00e9n\u00e9rale: prise de d\u00e9cision en copropri\u00e9t\u00e9 - Syndic\",\"isPartOf\":{\"@id\":\"https:\\\/\\\/syndicyourself.be\\\/fr\\\/#website\"},\"primaryImageOfPage\":{\"@id\":\"https:\\\/\\\/syndicyourself.be\\\/fr\\\/syndic-benevole\\\/en-pratique\\\/prise-des-decisions-en-copropriete\\\/#primaryimage\"},\"image\":{\"@id\":\"https:\\\/\\\/syndicyourself.be\\\/fr\\\/syndic-benevole\\\/en-pratique\\\/prise-des-decisions-en-copropriete\\\/#primaryimage\"},\"thumbnailUrl\":\"https:\\\/\\\/syndicyourself.be\\\/wp-content\\\/uploads\\\/2024\\\/02\\\/assemblee-generale-prise-de-descision-copropriete.jpg\",\"datePublished\":\"2024-03-20T07:00:43+00:00\",\"dateModified\":\"2025-08-26T15:18:53+00:00\",\"description\":\"Explorez dans cet article les cl\u00e9s pour des d\u00e9cisions r\u00e9ussies en copropri\u00e9t\u00e9. Tout sur l'assembl\u00e9e g\u00e9n\u00e9rale.\",\"breadcrumb\":{\"@id\":\"https:\\\/\\\/syndicyourself.be\\\/fr\\\/syndic-benevole\\\/en-pratique\\\/prise-des-decisions-en-copropriete\\\/#breadcrumb\"},\"inLanguage\":\"fr-BE\",\"potentialAction\":[{\"@type\":\"ReadAction\",\"target\":[\"https:\\\/\\\/syndicyourself.be\\\/fr\\\/syndic-benevole\\\/en-pratique\\\/prise-des-decisions-en-copropriete\\\/\"]}]},{\"@type\":\"ImageObject\",\"inLanguage\":\"fr-BE\",\"@id\":\"https:\\\/\\\/syndicyourself.be\\\/fr\\\/syndic-benevole\\\/en-pratique\\\/prise-des-decisions-en-copropriete\\\/#primaryimage\",\"url\":\"https:\\\/\\\/syndicyourself.be\\\/wp-content\\\/uploads\\\/2024\\\/02\\\/assemblee-generale-prise-de-descision-copropriete.jpg\",\"contentUrl\":\"https:\\\/\\\/syndicyourself.be\\\/wp-content\\\/uploads\\\/2024\\\/02\\\/assemblee-generale-prise-de-descision-copropriete.jpg\",\"width\":888,\"height\":500,\"caption\":\"Assembl\u00e9e g\u00e9n\u00e9rale : prise de d\u00e9cision en copropri\u00e9t\u00e9 - Syndic\"},{\"@type\":\"BreadcrumbList\",\"@id\":\"https:\\\/\\\/syndicyourself.be\\\/fr\\\/syndic-benevole\\\/en-pratique\\\/prise-des-decisions-en-copropriete\\\/#breadcrumb\",\"itemListElement\":[{\"@type\":\"ListItem\",\"position\":1,\"name\":\"Accueil\",\"item\":\"https:\\\/\\\/syndicyourself.be\\\/fr\\\/\"},{\"@type\":\"ListItem\",\"position\":2,\"name\":\"Syndic b\u00e9n\u00e9vole\",\"item\":\"https:\\\/\\\/syndicyourself.be\\\/fr\\\/syndic-benevole\\\/\"},{\"@type\":\"ListItem\",\"position\":3,\"name\":\"Syndic b\u00e9n\u00e9vole : en pratique\",\"item\":\"https:\\\/\\\/syndicyourself.be\\\/fr\\\/syndic-benevole\\\/en-pratique\\\/\"},{\"@type\":\"ListItem\",\"position\":4,\"name\":\"L\u2019assembl\u00e9e g\u00e9n\u00e9rale et la prise des d\u00e9cisions en copropri\u00e9t\u00e9\"}]},{\"@type\":\"WebSite\",\"@id\":\"https:\\\/\\\/syndicyourself.be\\\/fr\\\/#website\",\"url\":\"https:\\\/\\\/syndicyourself.be\\\/fr\\\/\",\"name\":\"Syndic Yourself\",\"description\":\"Le meilleur syndic, c&#039;est vous\",\"publisher\":{\"@id\":\"https:\\\/\\\/syndicyourself.be\\\/fr\\\/#organization\"},\"potentialAction\":[{\"@type\":\"SearchAction\",\"target\":{\"@type\":\"EntryPoint\",\"urlTemplate\":\"https:\\\/\\\/syndicyourself.be\\\/fr\\\/?s={search_term_string}\"},\"query-input\":{\"@type\":\"PropertyValueSpecification\",\"valueRequired\":true,\"valueName\":\"search_term_string\"}}],\"inLanguage\":\"fr-BE\"},{\"@type\":\"Organization\",\"@id\":\"https:\\\/\\\/syndicyourself.be\\\/fr\\\/#organization\",\"name\":\"Syndic Yourself\",\"url\":\"https:\\\/\\\/syndicyourself.be\\\/fr\\\/\",\"logo\":{\"@type\":\"ImageObject\",\"inLanguage\":\"fr-BE\",\"@id\":\"https:\\\/\\\/syndicyourself.be\\\/fr\\\/#\\\/schema\\\/logo\\\/image\\\/\",\"url\":\"https:\\\/\\\/syndicyourself.be\\\/wp-content\\\/uploads\\\/2022\\\/11\\\/logo.svg\",\"contentUrl\":\"https:\\\/\\\/syndicyourself.be\\\/wp-content\\\/uploads\\\/2022\\\/11\\\/logo.svg\",\"caption\":\"Syndic Yourself\"},\"image\":{\"@id\":\"https:\\\/\\\/syndicyourself.be\\\/fr\\\/#\\\/schema\\\/logo\\\/image\\\/\"},\"sameAs\":[\"https:\\\/\\\/www.facebook.com\\\/syndic4you\\\/\"]}]}<\/script>\n<!-- \/ Yoast SEO plugin. -->","yoast_head_json":{"title":"Assembl\u00e9e G\u00e9n\u00e9rale: prise de d\u00e9cision en copropri\u00e9t\u00e9 - Syndic","description":"Explorez dans cet article les cl\u00e9s pour des d\u00e9cisions r\u00e9ussies en copropri\u00e9t\u00e9. Tout sur l'assembl\u00e9e g\u00e9n\u00e9rale.","robots":{"index":"index","follow":"follow","max-snippet":"max-snippet:-1","max-image-preview":"max-image-preview:large","max-video-preview":"max-video-preview:-1"},"canonical":"https:\/\/syndicyourself.be\/fr\/syndic-benevole\/en-pratique\/prise-des-decisions-en-copropriete\/","og_locale":"fr_FR","og_type":"article","og_title":"Assembl\u00e9e G\u00e9n\u00e9rale: prise de d\u00e9cision en copropri\u00e9t\u00e9 - Syndic","og_description":"Explorez dans cet article les cl\u00e9s pour des d\u00e9cisions r\u00e9ussies en copropri\u00e9t\u00e9. Tout sur l'assembl\u00e9e g\u00e9n\u00e9rale.","og_url":"https:\/\/syndicyourself.be\/fr\/syndic-benevole\/en-pratique\/prise-des-decisions-en-copropriete\/","og_site_name":"Syndic Yourself","article_publisher":"https:\/\/www.facebook.com\/syndic4you\/","article_modified_time":"2025-08-26T15:18:53+00:00","og_image":[{"width":888,"height":500,"url":"https:\/\/syndicyourself.be\/wp-content\/uploads\/2024\/02\/assemblee-generale-prise-de-descision-copropriete.jpg","type":"image\/jpeg"}],"twitter_card":"summary_large_image","twitter_misc":{"Dur\u00e9e de lecture est.":"4 minutes"},"schema":{"@context":"https:\/\/schema.org","@graph":[{"@type":"WebPage","@id":"https:\/\/syndicyourself.be\/fr\/syndic-benevole\/en-pratique\/prise-des-decisions-en-copropriete\/","url":"https:\/\/syndicyourself.be\/fr\/syndic-benevole\/en-pratique\/prise-des-decisions-en-copropriete\/","name":"Assembl\u00e9e G\u00e9n\u00e9rale: prise de d\u00e9cision en copropri\u00e9t\u00e9 - Syndic","isPartOf":{"@id":"https:\/\/syndicyourself.be\/fr\/#website"},"primaryImageOfPage":{"@id":"https:\/\/syndicyourself.be\/fr\/syndic-benevole\/en-pratique\/prise-des-decisions-en-copropriete\/#primaryimage"},"image":{"@id":"https:\/\/syndicyourself.be\/fr\/syndic-benevole\/en-pratique\/prise-des-decisions-en-copropriete\/#primaryimage"},"thumbnailUrl":"https:\/\/syndicyourself.be\/wp-content\/uploads\/2024\/02\/assemblee-generale-prise-de-descision-copropriete.jpg","datePublished":"2024-03-20T07:00:43+00:00","dateModified":"2025-08-26T15:18:53+00:00","description":"Explorez dans cet article les cl\u00e9s pour des d\u00e9cisions r\u00e9ussies en copropri\u00e9t\u00e9. Tout sur l'assembl\u00e9e g\u00e9n\u00e9rale.","breadcrumb":{"@id":"https:\/\/syndicyourself.be\/fr\/syndic-benevole\/en-pratique\/prise-des-decisions-en-copropriete\/#breadcrumb"},"inLanguage":"fr-BE","potentialAction":[{"@type":"ReadAction","target":["https:\/\/syndicyourself.be\/fr\/syndic-benevole\/en-pratique\/prise-des-decisions-en-copropriete\/"]}]},{"@type":"ImageObject","inLanguage":"fr-BE","@id":"https:\/\/syndicyourself.be\/fr\/syndic-benevole\/en-pratique\/prise-des-decisions-en-copropriete\/#primaryimage","url":"https:\/\/syndicyourself.be\/wp-content\/uploads\/2024\/02\/assemblee-generale-prise-de-descision-copropriete.jpg","contentUrl":"https:\/\/syndicyourself.be\/wp-content\/uploads\/2024\/02\/assemblee-generale-prise-de-descision-copropriete.jpg","width":888,"height":500,"caption":"Assembl\u00e9e g\u00e9n\u00e9rale : prise de d\u00e9cision en copropri\u00e9t\u00e9 - Syndic"},{"@type":"BreadcrumbList","@id":"https:\/\/syndicyourself.be\/fr\/syndic-benevole\/en-pratique\/prise-des-decisions-en-copropriete\/#breadcrumb","itemListElement":[{"@type":"ListItem","position":1,"name":"Accueil","item":"https:\/\/syndicyourself.be\/fr\/"},{"@type":"ListItem","position":2,"name":"Syndic b\u00e9n\u00e9vole","item":"https:\/\/syndicyourself.be\/fr\/syndic-benevole\/"},{"@type":"ListItem","position":3,"name":"Syndic b\u00e9n\u00e9vole : en pratique","item":"https:\/\/syndicyourself.be\/fr\/syndic-benevole\/en-pratique\/"},{"@type":"ListItem","position":4,"name":"L\u2019assembl\u00e9e g\u00e9n\u00e9rale et la prise des d\u00e9cisions en copropri\u00e9t\u00e9"}]},{"@type":"WebSite","@id":"https:\/\/syndicyourself.be\/fr\/#website","url":"https:\/\/syndicyourself.be\/fr\/","name":"Syndic Yourself","description":"Le meilleur syndic, c&#039;est vous","publisher":{"@id":"https:\/\/syndicyourself.be\/fr\/#organization"},"potentialAction":[{"@type":"SearchAction","target":{"@type":"EntryPoint","urlTemplate":"https:\/\/syndicyourself.be\/fr\/?s={search_term_string}"},"query-input":{"@type":"PropertyValueSpecification","valueRequired":true,"valueName":"search_term_string"}}],"inLanguage":"fr-BE"},{"@type":"Organization","@id":"https:\/\/syndicyourself.be\/fr\/#organization","name":"Syndic Yourself","url":"https:\/\/syndicyourself.be\/fr\/","logo":{"@type":"ImageObject","inLanguage":"fr-BE","@id":"https:\/\/syndicyourself.be\/fr\/#\/schema\/logo\/image\/","url":"https:\/\/syndicyourself.be\/wp-content\/uploads\/2022\/11\/logo.svg","contentUrl":"https:\/\/syndicyourself.be\/wp-content\/uploads\/2022\/11\/logo.svg","caption":"Syndic Yourself"},"image":{"@id":"https:\/\/syndicyourself.be\/fr\/#\/schema\/logo\/image\/"},"sameAs":["https:\/\/www.facebook.com\/syndic4you\/"]}]}},"_links":{"self":[{"href":"https:\/\/syndicyourself.be\/fr\/wp-json\/wp\/v2\/pages\/9180","targetHints":{"allow":["GET"]}}],"collection":[{"href":"https:\/\/syndicyourself.be\/fr\/wp-json\/wp\/v2\/pages"}],"about":[{"href":"https:\/\/syndicyourself.be\/fr\/wp-json\/wp\/v2\/types\/page"}],"author":[{"embeddable":true,"href":"https:\/\/syndicyourself.be\/fr\/wp-json\/wp\/v2\/users\/3"}],"replies":[{"embeddable":true,"href":"https:\/\/syndicyourself.be\/fr\/wp-json\/wp\/v2\/comments?post=9180"}],"version-history":[{"count":0,"href":"https:\/\/syndicyourself.be\/fr\/wp-json\/wp\/v2\/pages\/9180\/revisions"}],"up":[{"embeddable":true,"href":"https:\/\/syndicyourself.be\/fr\/wp-json\/wp\/v2\/pages\/1753"}],"wp:featuredmedia":[{"embeddable":true,"href":"https:\/\/syndicyourself.be\/fr\/wp-json\/wp\/v2\/media\/9182"}],"wp:attachment":[{"href":"https:\/\/syndicyourself.be\/fr\/wp-json\/wp\/v2\/media?parent=9180"}],"curies":[{"name":"wp","href":"https:\/\/api.w.org\/{rel}","templated":true}]}}