{"id":9667,"date":"2024-04-17T08:00:04","date_gmt":"2024-04-17T06:00:04","guid":{"rendered":"https:\/\/syndicyourself.be\/?post_type=silo&#038;p=9667"},"modified":"2024-04-16T16:25:43","modified_gmt":"2024-04-16T14:25:43","slug":"pouvoir-de-decision-conseil-de-copropriete","status":"publish","type":"page","link":"https:\/\/syndicyourself.be\/fr\/syndic-benevole\/en-pratique\/prise-de-decision-copropriete\/pouvoir-de-decision-conseil-de-copropriete\/","title":{"rendered":"Le conseil de copropri\u00e9t\u00e9 : quel pouvoir de d\u00e9cision ?"},"content":{"rendered":"","protected":false},"excerpt":{"rendered":"<p>Le conseil de copropri\u00e9t\u00e9 est un organe de contr\u00f4le important. Qu&rsquo;en est-il de ses pouvoirs de d\u00e9cision ? Nous vous expliquons tout dans cet article.<\/p>\n","protected":false},"author":3,"featured_media":9669,"parent":6813,"menu_order":0,"comment_status":"closed","ping_status":"closed","template":"views\/template-single-silo.blade.php","meta":{"_acf_changed":false,"footnotes":""},"class_list":["post-9667","page","type-page","status-publish","has-post-thumbnail","hentry"],"acf":[],"yoast_head":"<!-- This site is optimized with the Yoast SEO plugin v27.4 - https:\/\/yoast.com\/product\/yoast-seo-wordpress\/ -->\n<title>Conseil de copropri\u00e9t\u00e9 : pouvoir de d\u00e9cision |Syndic yourself<\/title>\n<meta name=\"description\" content=\"Comprenez les responsabilit\u00e9s et d\u00e9cisions du conseil de copropri\u00e9t\u00e9. Tout ce que vous devez savoir en un seul endroit.\" \/>\n<meta name=\"robots\" content=\"index, follow, max-snippet:-1, max-image-preview:large, max-video-preview:-1\" \/>\n<link rel=\"canonical\" href=\"https:\/\/syndicyourself.be\/fr\/syndic-benevole\/en-pratique\/prise-de-decision-copropriete\/pouvoir-de-decision-conseil-de-copropriete\/\" \/>\n<meta property=\"og:locale\" content=\"fr_FR\" \/>\n<meta property=\"og:type\" content=\"article\" \/>\n<meta property=\"og:title\" content=\"Conseil de copropri\u00e9t\u00e9 : pouvoir de d\u00e9cision |Syndic yourself\" \/>\n<meta property=\"og:description\" content=\"Comprenez les responsabilit\u00e9s et d\u00e9cisions du conseil de copropri\u00e9t\u00e9. Tout ce que vous devez savoir en un seul endroit.\" \/>\n<meta property=\"og:url\" content=\"https:\/\/syndicyourself.be\/fr\/syndic-benevole\/en-pratique\/prise-de-decision-copropriete\/pouvoir-de-decision-conseil-de-copropriete\/\" \/>\n<meta property=\"og:site_name\" content=\"Syndic Yourself\" \/>\n<meta property=\"article:publisher\" content=\"https:\/\/www.facebook.com\/syndic4you\/\" \/>\n<meta property=\"og:image\" content=\"https:\/\/syndicyourself.be\/wp-content\/uploads\/2024\/04\/pouvoir-decision-conseil-copropriete.jpg\" \/>\n\t<meta property=\"og:image:width\" content=\"1120\" \/>\n\t<meta property=\"og:image:height\" content=\"630\" \/>\n\t<meta property=\"og:image:type\" content=\"image\/jpeg\" \/>\n<meta name=\"twitter:card\" content=\"summary_large_image\" \/>\n<meta name=\"twitter:label1\" content=\"Dur\u00e9e de lecture est.\" \/>\n\t<meta name=\"twitter:data1\" content=\"3 minutes\" \/>\n<script type=\"application\/ld+json\" class=\"yoast-schema-graph\">{\"@context\":\"https:\\\/\\\/schema.org\",\"@graph\":[{\"@type\":\"WebPage\",\"@id\":\"https:\\\/\\\/syndicyourself.be\\\/fr\\\/syndic-benevole\\\/en-pratique\\\/prise-de-decision-copropriete\\\/pouvoir-de-decision-conseil-de-copropriete\\\/\",\"url\":\"https:\\\/\\\/syndicyourself.be\\\/fr\\\/syndic-benevole\\\/en-pratique\\\/prise-de-decision-copropriete\\\/pouvoir-de-decision-conseil-de-copropriete\\\/\",\"name\":\"Conseil de copropri\u00e9t\u00e9 : pouvoir de d\u00e9cision |Syndic yourself\",\"isPartOf\":{\"@id\":\"https:\\\/\\\/syndicyourself.be\\\/fr\\\/#website\"},\"primaryImageOfPage\":{\"@id\":\"https:\\\/\\\/syndicyourself.be\\\/fr\\\/syndic-benevole\\\/en-pratique\\\/prise-de-decision-copropriete\\\/pouvoir-de-decision-conseil-de-copropriete\\\/#primaryimage\"},\"image\":{\"@id\":\"https:\\\/\\\/syndicyourself.be\\\/fr\\\/syndic-benevole\\\/en-pratique\\\/prise-de-decision-copropriete\\\/pouvoir-de-decision-conseil-de-copropriete\\\/#primaryimage\"},\"thumbnailUrl\":\"https:\\\/\\\/syndicyourself.be\\\/wp-content\\\/uploads\\\/2024\\\/04\\\/pouvoir-decision-conseil-copropriete.jpg\",\"datePublished\":\"2024-04-17T06:00:04+00:00\",\"description\":\"Comprenez les responsabilit\u00e9s et d\u00e9cisions du conseil de copropri\u00e9t\u00e9. Tout ce que vous devez savoir en un seul endroit.\",\"breadcrumb\":{\"@id\":\"https:\\\/\\\/syndicyourself.be\\\/fr\\\/syndic-benevole\\\/en-pratique\\\/prise-de-decision-copropriete\\\/pouvoir-de-decision-conseil-de-copropriete\\\/#breadcrumb\"},\"inLanguage\":\"fr-BE\",\"potentialAction\":[{\"@type\":\"ReadAction\",\"target\":[\"https:\\\/\\\/syndicyourself.be\\\/fr\\\/syndic-benevole\\\/en-pratique\\\/prise-de-decision-copropriete\\\/pouvoir-de-decision-conseil-de-copropriete\\\/\"]}]},{\"@type\":\"ImageObject\",\"inLanguage\":\"fr-BE\",\"@id\":\"https:\\\/\\\/syndicyourself.be\\\/fr\\\/syndic-benevole\\\/en-pratique\\\/prise-de-decision-copropriete\\\/pouvoir-de-decision-conseil-de-copropriete\\\/#primaryimage\",\"url\":\"https:\\\/\\\/syndicyourself.be\\\/wp-content\\\/uploads\\\/2024\\\/04\\\/pouvoir-decision-conseil-copropriete.jpg\",\"contentUrl\":\"https:\\\/\\\/syndicyourself.be\\\/wp-content\\\/uploads\\\/2024\\\/04\\\/pouvoir-decision-conseil-copropriete.jpg\",\"width\":1120,\"height\":630,\"caption\":\"Conseil de copropri\u00e9t\u00e9 : pouvoir de d\u00e9cision\"},{\"@type\":\"BreadcrumbList\",\"@id\":\"https:\\\/\\\/syndicyourself.be\\\/fr\\\/syndic-benevole\\\/en-pratique\\\/prise-de-decision-copropriete\\\/pouvoir-de-decision-conseil-de-copropriete\\\/#breadcrumb\",\"itemListElement\":[{\"@type\":\"ListItem\",\"position\":1,\"name\":\"Accueil\",\"item\":\"https:\\\/\\\/syndicyourself.be\\\/fr\\\/\"},{\"@type\":\"ListItem\",\"position\":2,\"name\":\"Syndic b\u00e9n\u00e9vole\",\"item\":\"https:\\\/\\\/syndicyourself.be\\\/fr\\\/syndic-benevole\\\/\"},{\"@type\":\"ListItem\",\"position\":3,\"name\":\"Syndic b\u00e9n\u00e9vole : en pratique\",\"item\":\"https:\\\/\\\/syndicyourself.be\\\/fr\\\/syndic-benevole\\\/en-pratique\\\/\"},{\"@type\":\"ListItem\",\"position\":4,\"name\":\"Comment prendre des d\u00e9cisions en copropri\u00e9t\u00e9 ?\",\"item\":\"https:\\\/\\\/syndicyourself.be\\\/fr\\\/syndic-benevole\\\/en-pratique\\\/prise-de-decision-copropriete\\\/\"},{\"@type\":\"ListItem\",\"position\":5,\"name\":\"Le conseil de copropri\u00e9t\u00e9 : quel pouvoir de d\u00e9cision ?\"}]},{\"@type\":\"WebSite\",\"@id\":\"https:\\\/\\\/syndicyourself.be\\\/fr\\\/#website\",\"url\":\"https:\\\/\\\/syndicyourself.be\\\/fr\\\/\",\"name\":\"Syndic Yourself\",\"description\":\"Le meilleur syndic, c&#039;est vous\",\"publisher\":{\"@id\":\"https:\\\/\\\/syndicyourself.be\\\/fr\\\/#organization\"},\"potentialAction\":[{\"@type\":\"SearchAction\",\"target\":{\"@type\":\"EntryPoint\",\"urlTemplate\":\"https:\\\/\\\/syndicyourself.be\\\/fr\\\/?s={search_term_string}\"},\"query-input\":{\"@type\":\"PropertyValueSpecification\",\"valueRequired\":true,\"valueName\":\"search_term_string\"}}],\"inLanguage\":\"fr-BE\"},{\"@type\":\"Organization\",\"@id\":\"https:\\\/\\\/syndicyourself.be\\\/fr\\\/#organization\",\"name\":\"Syndic Yourself\",\"url\":\"https:\\\/\\\/syndicyourself.be\\\/fr\\\/\",\"logo\":{\"@type\":\"ImageObject\",\"inLanguage\":\"fr-BE\",\"@id\":\"https:\\\/\\\/syndicyourself.be\\\/fr\\\/#\\\/schema\\\/logo\\\/image\\\/\",\"url\":\"https:\\\/\\\/syndicyourself.be\\\/wp-content\\\/uploads\\\/2022\\\/11\\\/logo.svg\",\"contentUrl\":\"https:\\\/\\\/syndicyourself.be\\\/wp-content\\\/uploads\\\/2022\\\/11\\\/logo.svg\",\"caption\":\"Syndic Yourself\"},\"image\":{\"@id\":\"https:\\\/\\\/syndicyourself.be\\\/fr\\\/#\\\/schema\\\/logo\\\/image\\\/\"},\"sameAs\":[\"https:\\\/\\\/www.facebook.com\\\/syndic4you\\\/\"]}]}<\/script>\n<!-- \/ Yoast SEO plugin. -->","yoast_head_json":{"title":"Conseil de copropri\u00e9t\u00e9 : pouvoir de d\u00e9cision |Syndic yourself","description":"Comprenez les responsabilit\u00e9s et d\u00e9cisions du conseil de copropri\u00e9t\u00e9. Tout ce que vous devez savoir en un seul endroit.","robots":{"index":"index","follow":"follow","max-snippet":"max-snippet:-1","max-image-preview":"max-image-preview:large","max-video-preview":"max-video-preview:-1"},"canonical":"https:\/\/syndicyourself.be\/fr\/syndic-benevole\/en-pratique\/prise-de-decision-copropriete\/pouvoir-de-decision-conseil-de-copropriete\/","og_locale":"fr_FR","og_type":"article","og_title":"Conseil de copropri\u00e9t\u00e9 : pouvoir de d\u00e9cision |Syndic yourself","og_description":"Comprenez les responsabilit\u00e9s et d\u00e9cisions du conseil de copropri\u00e9t\u00e9. Tout ce que vous devez savoir en un seul endroit.","og_url":"https:\/\/syndicyourself.be\/fr\/syndic-benevole\/en-pratique\/prise-de-decision-copropriete\/pouvoir-de-decision-conseil-de-copropriete\/","og_site_name":"Syndic Yourself","article_publisher":"https:\/\/www.facebook.com\/syndic4you\/","og_image":[{"width":1120,"height":630,"url":"https:\/\/syndicyourself.be\/wp-content\/uploads\/2024\/04\/pouvoir-decision-conseil-copropriete.jpg","type":"image\/jpeg"}],"twitter_card":"summary_large_image","twitter_misc":{"Dur\u00e9e de lecture est.":"3 minutes"},"schema":{"@context":"https:\/\/schema.org","@graph":[{"@type":"WebPage","@id":"https:\/\/syndicyourself.be\/fr\/syndic-benevole\/en-pratique\/prise-de-decision-copropriete\/pouvoir-de-decision-conseil-de-copropriete\/","url":"https:\/\/syndicyourself.be\/fr\/syndic-benevole\/en-pratique\/prise-de-decision-copropriete\/pouvoir-de-decision-conseil-de-copropriete\/","name":"Conseil de copropri\u00e9t\u00e9 : pouvoir de d\u00e9cision |Syndic yourself","isPartOf":{"@id":"https:\/\/syndicyourself.be\/fr\/#website"},"primaryImageOfPage":{"@id":"https:\/\/syndicyourself.be\/fr\/syndic-benevole\/en-pratique\/prise-de-decision-copropriete\/pouvoir-de-decision-conseil-de-copropriete\/#primaryimage"},"image":{"@id":"https:\/\/syndicyourself.be\/fr\/syndic-benevole\/en-pratique\/prise-de-decision-copropriete\/pouvoir-de-decision-conseil-de-copropriete\/#primaryimage"},"thumbnailUrl":"https:\/\/syndicyourself.be\/wp-content\/uploads\/2024\/04\/pouvoir-decision-conseil-copropriete.jpg","datePublished":"2024-04-17T06:00:04+00:00","description":"Comprenez les responsabilit\u00e9s et d\u00e9cisions du conseil de copropri\u00e9t\u00e9. Tout ce que vous devez savoir en un seul endroit.","breadcrumb":{"@id":"https:\/\/syndicyourself.be\/fr\/syndic-benevole\/en-pratique\/prise-de-decision-copropriete\/pouvoir-de-decision-conseil-de-copropriete\/#breadcrumb"},"inLanguage":"fr-BE","potentialAction":[{"@type":"ReadAction","target":["https:\/\/syndicyourself.be\/fr\/syndic-benevole\/en-pratique\/prise-de-decision-copropriete\/pouvoir-de-decision-conseil-de-copropriete\/"]}]},{"@type":"ImageObject","inLanguage":"fr-BE","@id":"https:\/\/syndicyourself.be\/fr\/syndic-benevole\/en-pratique\/prise-de-decision-copropriete\/pouvoir-de-decision-conseil-de-copropriete\/#primaryimage","url":"https:\/\/syndicyourself.be\/wp-content\/uploads\/2024\/04\/pouvoir-decision-conseil-copropriete.jpg","contentUrl":"https:\/\/syndicyourself.be\/wp-content\/uploads\/2024\/04\/pouvoir-decision-conseil-copropriete.jpg","width":1120,"height":630,"caption":"Conseil de copropri\u00e9t\u00e9 : pouvoir de d\u00e9cision"},{"@type":"BreadcrumbList","@id":"https:\/\/syndicyourself.be\/fr\/syndic-benevole\/en-pratique\/prise-de-decision-copropriete\/pouvoir-de-decision-conseil-de-copropriete\/#breadcrumb","itemListElement":[{"@type":"ListItem","position":1,"name":"Accueil","item":"https:\/\/syndicyourself.be\/fr\/"},{"@type":"ListItem","position":2,"name":"Syndic b\u00e9n\u00e9vole","item":"https:\/\/syndicyourself.be\/fr\/syndic-benevole\/"},{"@type":"ListItem","position":3,"name":"Syndic b\u00e9n\u00e9vole : en pratique","item":"https:\/\/syndicyourself.be\/fr\/syndic-benevole\/en-pratique\/"},{"@type":"ListItem","position":4,"name":"Comment prendre des d\u00e9cisions en copropri\u00e9t\u00e9 ?","item":"https:\/\/syndicyourself.be\/fr\/syndic-benevole\/en-pratique\/prise-de-decision-copropriete\/"},{"@type":"ListItem","position":5,"name":"Le conseil de copropri\u00e9t\u00e9 : quel pouvoir de d\u00e9cision ?"}]},{"@type":"WebSite","@id":"https:\/\/syndicyourself.be\/fr\/#website","url":"https:\/\/syndicyourself.be\/fr\/","name":"Syndic Yourself","description":"Le meilleur syndic, c&#039;est vous","publisher":{"@id":"https:\/\/syndicyourself.be\/fr\/#organization"},"potentialAction":[{"@type":"SearchAction","target":{"@type":"EntryPoint","urlTemplate":"https:\/\/syndicyourself.be\/fr\/?s={search_term_string}"},"query-input":{"@type":"PropertyValueSpecification","valueRequired":true,"valueName":"search_term_string"}}],"inLanguage":"fr-BE"},{"@type":"Organization","@id":"https:\/\/syndicyourself.be\/fr\/#organization","name":"Syndic Yourself","url":"https:\/\/syndicyourself.be\/fr\/","logo":{"@type":"ImageObject","inLanguage":"fr-BE","@id":"https:\/\/syndicyourself.be\/fr\/#\/schema\/logo\/image\/","url":"https:\/\/syndicyourself.be\/wp-content\/uploads\/2022\/11\/logo.svg","contentUrl":"https:\/\/syndicyourself.be\/wp-content\/uploads\/2022\/11\/logo.svg","caption":"Syndic Yourself"},"image":{"@id":"https:\/\/syndicyourself.be\/fr\/#\/schema\/logo\/image\/"},"sameAs":["https:\/\/www.facebook.com\/syndic4you\/"]}]}},"_links":{"self":[{"href":"https:\/\/syndicyourself.be\/fr\/wp-json\/wp\/v2\/pages\/9667","targetHints":{"allow":["GET"]}}],"collection":[{"href":"https:\/\/syndicyourself.be\/fr\/wp-json\/wp\/v2\/pages"}],"about":[{"href":"https:\/\/syndicyourself.be\/fr\/wp-json\/wp\/v2\/types\/page"}],"author":[{"embeddable":true,"href":"https:\/\/syndicyourself.be\/fr\/wp-json\/wp\/v2\/users\/3"}],"replies":[{"embeddable":true,"href":"https:\/\/syndicyourself.be\/fr\/wp-json\/wp\/v2\/comments?post=9667"}],"version-history":[{"count":0,"href":"https:\/\/syndicyourself.be\/fr\/wp-json\/wp\/v2\/pages\/9667\/revisions"}],"up":[{"embeddable":true,"href":"https:\/\/syndicyourself.be\/fr\/wp-json\/wp\/v2\/pages\/6813"}],"wp:featuredmedia":[{"embeddable":true,"href":"https:\/\/syndicyourself.be\/fr\/wp-json\/wp\/v2\/media\/9669"}],"wp:attachment":[{"href":"https:\/\/syndicyourself.be\/fr\/wp-json\/wp\/v2\/media?parent=9667"}],"curies":[{"name":"wp","href":"https:\/\/api.w.org\/{rel}","templated":true}]}}